{"id":39,"date":"2019-10-08T22:24:06","date_gmt":"2019-10-08T20:24:06","guid":{"rendered":"https:\/\/wordpress.nibis.de\/gshmoor\/?page_id=39"},"modified":"2023-04-24T12:30:05","modified_gmt":"2023-04-24T10:30:05","slug":"gemeindebuecherei","status":"publish","type":"page","link":"https:\/\/wordpress.nibis.de\/gshmoor\/gemeindebuecherei\/","title":{"rendered":"Gemeindeb\u00fccherei"},"content":{"rendered":"\n<p>Seit 1968 ist in unserer Schule auch die Gemeindeb\u00fccherei Holtermoor eingerichtet. Bei Interesse finden Sie den Raum bestens ausgeschildert in der ersten Etage. Betreut wird die Gemeindeb\u00fccherei ehrenamtlich von der Schulsekret\u00e4rin Frau Tanja Leenders, die bei der Buchauswahl mit Rat und Tat zur Seite steht. Das Angebot besteht vor allem aus Klassikern und neueren Werken der Kinder- und Jugendliteratur. Aber es gibt auch Kassetten und andere Medien zu entleihen. Der Bestand der B\u00fccherei beziffert sich auf \u00fcber 1500 Titel. Die Ausleihfrist betr\u00e4gt in der Regel 4 Wochen. Die Ausleihe ist nat\u00fcrlich kostenlos.<\/p>\n<p><strong>\u00d6ffnungszeiten: Am 1. Montag im Monat von 15:30 Uhr bis 16:30 Uhr oder\u00a0 \u00a0 \u00a0 \u00a0 \u00a0 \u00a0 \u00a0 \u00a0 \u00a0 \u00a0 \u00a0 \u00a0 \u00a0 \u00a0 \u00a0 \u00a0 \u00a0 \u00a0 \u00a0 \u00a0 \u00a0nach telefonischer Vereinbarung unter 04952\/4408.\u00a0<\/strong><\/p>\n<p>An Feiertagen und in den Ferien ist die B\u00fccherei nicht ge\u00f6ffnet.<\/p>\n<p>Im Schulbetrieb nimmt die B\u00fccherei eine wichtige Funktion ein. So k\u00f6nnen die Sch\u00fclerInnen nahezu w\u00f6chentlich in der B\u00fccherei st\u00f6bern und auf Entdeckungstour gehen. Das vielf\u00e4ltige Angebot tr\u00e4gt somit gerade bei den Leseanf\u00e4ngerInnen zur Befriedigung der Lesefreude und bei den \u00e4lteren Sch\u00fclerInnen zum Aufbau einer stabilen Lesemotivation bei. Nach dem Lesen kann zu vielen B\u00fcchern des Bestandes auch auf der Internetseite <a href=\"http:\/\/www.antolin.de\/\" target=\"_blank\" rel=\"alternate noopener noreferrer\">www.antolin.de<\/a>\u00a0ein Online-Quiz zum Leseverst\u00e4ndnis gemacht werden.<\/p>\n","protected":false},"excerpt":{"rendered":"<p>Seit 1968 ist in unserer Schule auch die Gemeindeb\u00fccherei Holtermoor eingerichtet. Bei Interesse finden Sie den Raum bestens ausgeschildert in der ersten Etage. Betreut wird die Gemeindeb\u00fccherei ehrenamtlich von der Schulsekret\u00e4rin Frau Tanja Leenders, die bei der Buchauswahl mit Rat &hellip; <a href=\"https:\/\/wordpress.nibis.de\/gshmoor\/gemeindebuecherei\/\">Weiterlesen <span class=\"meta-nav\">&rarr;<\/span><\/a><\/p>\n","protected":false},"author":9193307,"featured_media":0,"parent":0,"menu_order":0,"comment_status":"closed","ping_status":"closed","template":"","meta":{"footnotes":""},"class_list":["post-39","page","type-page","status-publish","hentry"],"_links":{"self":[{"href":"https:\/\/wordpress.nibis.de\/gshmoor\/wp-json\/wp\/v2\/pages\/39","targetHints":{"allow":["GET"]}}],"collection":[{"href":"https:\/\/wordpress.nibis.de\/gshmoor\/wp-json\/wp\/v2\/pages"}],"about":[{"href":"https:\/\/wordpress.nibis.de\/gshmoor\/wp-json\/wp\/v2\/types\/page"}],"author":[{"embeddable":true,"href":"https:\/\/wordpress.nibis.de\/gshmoor\/wp-json\/wp\/v2\/users\/9193307"}],"replies":[{"embeddable":true,"href":"https:\/\/wordpress.nibis.de\/gshmoor\/wp-json\/wp\/v2\/comments?post=39"}],"version-history":[{"count":7,"href":"https:\/\/wordpress.nibis.de\/gshmoor\/wp-json\/wp\/v2\/pages\/39\/revisions"}],"predecessor-version":[{"id":576,"href":"https:\/\/wordpress.nibis.de\/gshmoor\/wp-json\/wp\/v2\/pages\/39\/revisions\/576"}],"wp:attachment":[{"href":"https:\/\/wordpress.nibis.de\/gshmoor\/wp-json\/wp\/v2\/media?parent=39"}],"curies":[{"name":"wp","href":"https:\/\/api.w.org\/{rel}","templated":true}]}}