{"id":470,"date":"2021-03-01T12:35:19","date_gmt":"2021-03-01T11:35:19","guid":{"rendered":"https:\/\/wordpress.nibis.de\/gshmoor\/?page_id=470"},"modified":"2024-02-19T13:53:48","modified_gmt":"2024-02-19T12:53:48","slug":"schulanmeldung-2022-23","status":"publish","type":"page","link":"https:\/\/wordpress.nibis.de\/gshmoor\/schulanmeldung-2022-23\/","title":{"rendered":"Schulanmeldung"},"content":{"rendered":"<h3 style=\"text-align: center\"><span style=\"color: #ff0000\"><strong>Anmeldung der Schulanf\u00e4nger und Schulanf\u00e4ngerinnen <\/strong><\/span><span style=\"color: #ff0000\"><strong>in der Gemeinde Ostrhauderfehn &#8211; Grundschule Holtermoor<\/strong><\/span><\/h3>\n<p>Liebe Eltern,\u00a0 \u00a0 \u00a0 \u00a0 \u00a0 \u00a0 \u00a0 \u00a0 \u00a0 \u00a0 \u00a0 \u00a0 \u00a0 \u00a0 \u00a0 \u00a0 \u00a0 \u00a0 \u00a0 \u00a0 \u00a0 \u00a0 \u00a0 \u00a0 \u00a0 \u00a0 \u00a0 \u00a0 \u00a0 \u00a0 \u00a0 \u00a0 \u00a0 \u00a0 \u00a0 \u00a0 \u00a0 \u00a0 \u00a0 \u00a0 \u00a0 \u00a0 \u00a0 \u00a0 \u00a0 \u00a0 \u00a0 \u00a0 \u00a0 \u00a0 \u00a0 \u00a0 \u00a0 \u00a0 \u00a0 \u00a0 \u00a0 \u00a0 \u00a0 \u00a0 \u00a0 \u00a0 \u00a0 \u00a0 \u00a0 \u00a0 \u00a0 \u00a0 \u00a0 auf dieser Seite finden Sie alle Informationen und Unterlagen, die Sie f\u00fcr die Schulanmeldung\u00a0 ben\u00f6tigen. Die Unterlagen sind verlinkt, so dass Sie sie in Ruhe anschauen und direkt am PC ausf\u00fcllen oder ausdrucken k\u00f6nnen. Bei Fragen wenden Sie sich gerne an das Sekretariat (04952\/4408).<\/p>\n<p>Folgende Dokumente m\u00fcssen bei uns per Post oder Mail (&#115;&#x65;&#107;&#x72;&#101;&#x74;&#97;&#x72;&#105;&#x61;&#116;&#x40;g&#x73;-&#x68;o&#x6c;t&#x65;r&#x6d;o&#111;&#x72;&#46;&#x64;&#101;) eingereicht werden:<\/p>\n<ul>\n<li><a href=\"https:\/\/wordpress.nibis.de\/gshmoor\/files\/2021\/03\/Anmeldebogen-2021.pdf\">Schulanmeldebogen<\/a><\/li>\n<li><a href=\"https:\/\/wordpress.nibis.de\/gshmoor\/files\/2021\/03\/Entbindung-von-der-Schweigepflicht.pdf\" target=\"_blank\" rel=\"noopener noreferrer\">Schweigepflichtsentbindung Kindergarten \/ Schule<\/a><\/li>\n<li><a href=\"https:\/\/wordpress.nibis.de\/gshmoor\/files\/2021\/03\/Erkl\u00e4rung-zum-Sorgerecht-Formular.pdf\" target=\"_blank\" rel=\"noopener noreferrer\">Erkl\u00e4rung zum Sorgerecht (nur wenn Sie getrenntlebend sind)<\/a><\/li>\n<li>Kopie der Geburtsurkunde<\/li>\n<\/ul>\n<p><u>Zus\u00e4tzliche Info:<\/u><\/p>\n<p>1. Kann-Kinder\u00a0 \u00a0 \u00a0 \u00a0 \u00a0 \u00a0 \u00a0 \u00a0 \u00a0 \u00a0 \u00a0 \u00a0 \u00a0 \u00a0 \u00a0 \u00a0 \u00a0 \u00a0 \u00a0 \u00a0 \u00a0 \u00a0 \u00a0 \u00a0 \u00a0 \u00a0 \u00a0 \u00a0 \u00a0 \u00a0 \u00a0 \u00a0 \u00a0 \u00a0 \u00a0 \u00a0 \u00a0 \u00a0 \u00a0 \u00a0 \u00a0 \u00a0 \u00a0 \u00a0 \u00a0 \u00a0 \u00a0 \u00a0 \u00a0 \u00a0 \u00a0 \u00a0 \u00a0 \u00a0 \u00a0 \u00a0 \u00a0 \u00a0 \u00a0 \u00a0 \u00a0 \u00a0 \u00a0 \u00a0 \u00a0Kinder, die nach dem Stichtag (30.09.) sechs Jahre alt werden, k\u00f6nnen auf Antrag ihrer Erziehungsberechtigen in die Schule aufgenommen werden, wenn sie die f\u00fcr den Schulbesuch erforderliche k\u00f6rperliche und geistige Schulf\u00e4higkeit besitzen und in ihrem sozial-emotionalen Verhalten ausreichend entwickelt sind. Wenn das Kind nach Ansicht der Erziehungsberechtigten diese Voraussetzung erf\u00fcllt, sollten diese zun\u00e4chst R\u00fccksprache mit den Erzieherinnen nehmen und die Meinung der vorschulischen Einrichtung in ihre \u00dcberlegungen einbeziehen.<\/p>\n<p>2. Flexibler Schulstart\u00a0 \u00a0 \u00a0 \u00a0 \u00a0 \u00a0 \u00a0 \u00a0 \u00a0 \u00a0 \u00a0 \u00a0 \u00a0 \u00a0 \u00a0 \u00a0 \u00a0 \u00a0 \u00a0 \u00a0 \u00a0 \u00a0 \u00a0 \u00a0 \u00a0 \u00a0 \u00a0 \u00a0 \u00a0 \u00a0 \u00a0 \u00a0 \u00a0 \u00a0 \u00a0 \u00a0 \u00a0 \u00a0 \u00a0 \u00a0 \u00a0 \u00a0 \u00a0 \u00a0 \u00a0 \u00a0 \u00a0 \u00a0 \u00a0 \u00a0 \u00a0 \u00a0 \u00a0 \u00a0 \u00a0 \u00a0 \u00a0 \u00a0 \u00a0 \u00a0 \u00a0 \u00a0 F\u00fcr Kinder, die das sechste Lebensjahr in dem Zeitraum vom 01. Juli bis zum 30. September\u00a0 vollenden, k\u00f6nnen die Erziehungsberechtigten den Schulbesuch um ein Jahr hinausschieben. Die Erkl\u00e4rung ist vor dem Beginn des Schuljahres bis zum 01. Mai gegen\u00fcber der Schule abzugeben (genauere Informationen finden Sie <a href=\"https:\/\/wordpress.nibis.de\/gshmoor\/files\/2021\/03\/Infoblatt-Eltern-Flexibilisierung-des-Einschulungstermins.pdf\">hier<\/a>).<\/p>\n<p>3. Sprachstandsfeststellung\u00a0 \u00a0 \u00a0 \u00a0 \u00a0 \u00a0 \u00a0 \u00a0 \u00a0 \u00a0 \u00a0 \u00a0 \u00a0 \u00a0 \u00a0 \u00a0 \u00a0 \u00a0 \u00a0 \u00a0 \u00a0 \u00a0 \u00a0 \u00a0 \u00a0 \u00a0 \u00a0 \u00a0 \u00a0 \u00a0 \u00a0 \u00a0 \u00a0 \u00a0 \u00a0 \u00a0 \u00a0 \u00a0 \u00a0 \u00a0 \u00a0 \u00a0 \u00a0 \u00a0 \u00a0 \u00a0 \u00a0 \u00a0 \u00a0 \u00a0 \u00a0 \u00a0 \u00a0 \u00a0 \u00a0 \u00a0 Falls das einzuschulende Kind keine Kindertageseinrichtung besucht, erfolgt eine Sprachstandsfeststellung durch die Schule. Die F\u00f6rderung der Kinder, bei denen die Grundschule einen besonderen Sprachf\u00f6rderbedarf feststellt, erfolgt durch Lehrkr\u00e4fte an der Grundschule. Die Teilnahme ist verpflichtend.<\/p>\n<p>4. DSGVO\u00a0 \u00a0 \u00a0 \u00a0 \u00a0 \u00a0 \u00a0 \u00a0 \u00a0 \u00a0 \u00a0 \u00a0 \u00a0 \u00a0 \u00a0 \u00a0 \u00a0 \u00a0 \u00a0 \u00a0 \u00a0 \u00a0 \u00a0 \u00a0 \u00a0 \u00a0 \u00a0 \u00a0 \u00a0 \u00a0 \u00a0 \u00a0 \u00a0 \u00a0 \u00a0 \u00a0 \u00a0 \u00a0 \u00a0 \u00a0 \u00a0 \u00a0 \u00a0 \u00a0 \u00a0 \u00a0 \u00a0 \u00a0 \u00a0 \u00a0 \u00a0 \u00a0 \u00a0 \u00a0 \u00a0 \u00a0 \u00a0 \u00a0 \u00a0 \u00a0 \u00a0 \u00a0 \u00a0 \u00a0 \u00a0 \u00a0 \u00a0 \u00a0 \u00a0 \u00a0 \u00a0 \u00a0 \u00a0 Die Informationen zur Datenschutzverordnung finden Sie <a href=\"https:\/\/wordpress.nibis.de\/gshmoor\/files\/2021\/03\/Informationspflicht-Grundschulen.pdf\">hier<\/a>. Eine tabellarische \u00dcbersicht ist <a href=\"https:\/\/wordpress.nibis.de\/gshmoor\/files\/2021\/03\/\u00dcbersicht-verarbeitung-personenbezogener-daten-schule.pdf\">hier<\/a> zu finden.<\/p>\n<p>Mit freundlichen Gr\u00fc\u00dfen\u00a0 \u00a0 \u00a0 \u00a0 \u00a0 \u00a0 \u00a0 \u00a0 \u00a0 \u00a0 \u00a0 \u00a0 \u00a0 \u00a0 \u00a0 \u00a0 \u00a0 \u00a0 \u00a0 \u00a0 \u00a0 \u00a0 \u00a0 \u00a0 \u00a0 \u00a0 \u00a0 \u00a0 \u00a0 \u00a0 \u00a0 \u00a0 \u00a0 \u00a0 \u00a0 \u00a0 \u00a0 \u00a0 \u00a0 \u00a0 \u00a0 \u00a0 \u00a0 \u00a0 \u00a0 \u00a0 \u00a0 \u00a0 \u00a0 \u00a0 \u00a0 \u00a0 \u00a0 \u00a0 \u00a0 \u00a0Wiebke Hanneken<\/p>\n\n\n<p><\/p>\n","protected":false},"excerpt":{"rendered":"<p>Anmeldung der Schulanf\u00e4nger und Schulanf\u00e4ngerinnen in der Gemeinde Ostrhauderfehn &#8211; Grundschule Holtermoor Liebe Eltern,\u00a0 \u00a0 \u00a0 \u00a0 \u00a0 \u00a0 \u00a0 \u00a0 \u00a0 \u00a0 \u00a0 \u00a0 \u00a0 \u00a0 \u00a0 \u00a0 \u00a0 \u00a0 \u00a0 \u00a0 \u00a0 \u00a0 \u00a0 \u00a0 \u00a0 \u00a0 \u00a0 &hellip; <a href=\"https:\/\/wordpress.nibis.de\/gshmoor\/schulanmeldung-2022-23\/\">Weiterlesen <span class=\"meta-nav\">&rarr;<\/span><\/a><\/p>\n","protected":false},"author":9193307,"featured_media":0,"parent":0,"menu_order":0,"comment_status":"closed","ping_status":"closed","template":"","meta":{"footnotes":""},"class_list":["post-470","page","type-page","status-publish","hentry"],"_links":{"self":[{"href":"https:\/\/wordpress.nibis.de\/gshmoor\/wp-json\/wp\/v2\/pages\/470","targetHints":{"allow":["GET"]}}],"collection":[{"href":"https:\/\/wordpress.nibis.de\/gshmoor\/wp-json\/wp\/v2\/pages"}],"about":[{"href":"https:\/\/wordpress.nibis.de\/gshmoor\/wp-json\/wp\/v2\/types\/page"}],"author":[{"embeddable":true,"href":"https:\/\/wordpress.nibis.de\/gshmoor\/wp-json\/wp\/v2\/users\/9193307"}],"replies":[{"embeddable":true,"href":"https:\/\/wordpress.nibis.de\/gshmoor\/wp-json\/wp\/v2\/comments?post=470"}],"version-history":[{"count":14,"href":"https:\/\/wordpress.nibis.de\/gshmoor\/wp-json\/wp\/v2\/pages\/470\/revisions"}],"predecessor-version":[{"id":583,"href":"https:\/\/wordpress.nibis.de\/gshmoor\/wp-json\/wp\/v2\/pages\/470\/revisions\/583"}],"wp:attachment":[{"href":"https:\/\/wordpress.nibis.de\/gshmoor\/wp-json\/wp\/v2\/media?parent=470"}],"curies":[{"name":"wp","href":"https:\/\/api.w.org\/{rel}","templated":true}]}}