{"id":55,"date":"2019-10-08T22:34:37","date_gmt":"2019-10-08T20:34:37","guid":{"rendered":"https:\/\/wordpress.nibis.de\/gshmoor\/?page_id=55"},"modified":"2025-10-08T10:50:13","modified_gmt":"2025-10-08T08:50:13","slug":"unterrichtszeiten-und-ganztagsschule","status":"publish","type":"page","link":"https:\/\/wordpress.nibis.de\/gshmoor\/unterrichtszeiten-und-ganztagsschule\/","title":{"rendered":"Unterrichtszeiten und Ganztagsschule"},"content":{"rendered":"\n<p style=\"text-align: center\"><em>\u00d6ffnung: 07.30 Uhr<\/em><\/p>\n<p style=\"text-align: center\">1. Stunde: 7:55 &#8211; 8:50 Uhr<\/p>\n<p style=\"text-align: center\">2. Stunde: 8:50 &#8211; 9:35 Uhr<\/p>\n<p style=\"text-align: center\">\u00a0<\/p>\n<p style=\"text-align: center\"><em>Fr\u00fchst\u00fcckspause: 9.35 -9:45 Uhr<\/em><\/p>\n<p style=\"text-align: center\"><em>1. gro\u00dfe Pause: 9:45 &#8211; 10:10 Uhr<\/em><\/p>\n<p style=\"text-align: center\">\u00a0<\/p>\n<p style=\"text-align: center\">3. Stunde: 10:10 &#8211; 10:55 Uhr<\/p>\n<p style=\"text-align: center\">4. Stunde: 11:00 &#8211; 11:45 Uhr<\/p>\n<p>\u00a0<\/p>\n<p style=\"text-align: center\"><em>2. gro\u00dfe Pause: 11.45 &#8211; 12.00 Uhr<\/em><\/p>\n<p style=\"text-align: center\">\u00a0<\/p>\n<p style=\"text-align: center\">5. Stunde: 12:00 -12:45 Uhr<\/p>\n<p style=\"text-align: center\">\u00a0<\/p>\n<h4 style=\"text-align: center\"><strong>Offene Ganztagsschule (Mo. &#8211; Do.)<\/strong><\/h4>\n<p style=\"text-align: center\">Mittagsbetreuung: 12:50 &#8211; 14:00 Uhr<\/p>\n<p style=\"text-align: center\">Hausaufgabenf\u00f6rderung: 14:00 &#8211; 14:45 Uhr<\/p>\n<p style=\"text-align: center\">AG: 14:45 &#8211; 15:30 Uhr<\/p>\n","protected":false},"excerpt":{"rendered":"<p>\u00d6ffnung: 07.30 Uhr 1. Stunde: 7:55 &#8211; 8:50 Uhr 2. Stunde: 8:50 &#8211; 9:35 Uhr \u00a0 Fr\u00fchst\u00fcckspause: 9.35 -9:45 Uhr 1. gro\u00dfe Pause: 9:45 &#8211; 10:10 Uhr \u00a0 3. Stunde: 10:10 &#8211; 10:55 Uhr 4. Stunde: 11:00 &#8211; 11:45 Uhr &hellip; <a href=\"https:\/\/wordpress.nibis.de\/gshmoor\/unterrichtszeiten-und-ganztagsschule\/\">Weiterlesen <span class=\"meta-nav\">&rarr;<\/span><\/a><\/p>\n","protected":false},"author":9193307,"featured_media":0,"parent":0,"menu_order":0,"comment_status":"closed","ping_status":"closed","template":"","meta":{"footnotes":""},"class_list":["post-55","page","type-page","status-publish","hentry"],"_links":{"self":[{"href":"https:\/\/wordpress.nibis.de\/gshmoor\/wp-json\/wp\/v2\/pages\/55","targetHints":{"allow":["GET"]}}],"collection":[{"href":"https:\/\/wordpress.nibis.de\/gshmoor\/wp-json\/wp\/v2\/pages"}],"about":[{"href":"https:\/\/wordpress.nibis.de\/gshmoor\/wp-json\/wp\/v2\/types\/page"}],"author":[{"embeddable":true,"href":"https:\/\/wordpress.nibis.de\/gshmoor\/wp-json\/wp\/v2\/users\/9193307"}],"replies":[{"embeddable":true,"href":"https:\/\/wordpress.nibis.de\/gshmoor\/wp-json\/wp\/v2\/comments?post=55"}],"version-history":[{"count":7,"href":"https:\/\/wordpress.nibis.de\/gshmoor\/wp-json\/wp\/v2\/pages\/55\/revisions"}],"predecessor-version":[{"id":614,"href":"https:\/\/wordpress.nibis.de\/gshmoor\/wp-json\/wp\/v2\/pages\/55\/revisions\/614"}],"wp:attachment":[{"href":"https:\/\/wordpress.nibis.de\/gshmoor\/wp-json\/wp\/v2\/media?parent=55"}],"curies":[{"name":"wp","href":"https:\/\/api.w.org\/{rel}","templated":true}]}}