{"id":65,"date":"2019-10-08T22:48:11","date_gmt":"2019-10-08T20:48:11","guid":{"rendered":"https:\/\/wordpress.nibis.de\/gshmoor\/?page_id=65"},"modified":"2019-10-08T22:48:11","modified_gmt":"2019-10-08T20:48:11","slug":"schuelervertretung","status":"publish","type":"page","link":"https:\/\/wordpress.nibis.de\/gshmoor\/schuelervertretung\/","title":{"rendered":"Sch\u00fclervertretung"},"content":{"rendered":"\n<p>Durch die SV soll die Sch\u00fclerschaft der GS Holtermoor nicht nur repr\u00e4sentiert werden, sondern vor allem die M\u00f6glichkeit erhalten, Schulleben mitzugestalten. Dazu treffen sich die gew\u00e4hlten Vertreter der Klassen alle vier bis sechs Wochen zu einer einst\u00fcndigen Sitzung. Geleitet wird dieses Treffen von der hier gew\u00e4hlten Sch\u00fclersprecherin\/dem Sch\u00fclersprecher. In jedem neuen Schuljahr wird neu gew\u00e4hlt.\u00a0So sollen die Kinder \u201eeigene demokratische Handlungsm\u00f6glichkeiten \u2026 erkennen und diese auch \u2026 nutzen.\u201c (Quelle: Grundschule Sachunterricht 55\/2012) Unterst\u00fctzt wird die Arbeit der Sch\u00fcler von zwei Lehrkr\u00e4ften.<\/p>\n<p><br \/><br \/><\/p>\n<p>\u00a0<\/p>\n<p>\u00a0<\/p>\n<p><br \/><br \/><\/p>\n","protected":false},"excerpt":{"rendered":"<p>Durch die SV soll die Sch\u00fclerschaft der GS Holtermoor nicht nur repr\u00e4sentiert werden, sondern vor allem die M\u00f6glichkeit erhalten, Schulleben mitzugestalten. Dazu treffen sich die gew\u00e4hlten Vertreter der Klassen alle vier bis sechs Wochen zu einer einst\u00fcndigen Sitzung. Geleitet wird &hellip; <a href=\"https:\/\/wordpress.nibis.de\/gshmoor\/schuelervertretung\/\">Weiterlesen <span class=\"meta-nav\">&rarr;<\/span><\/a><\/p>\n","protected":false},"author":9193307,"featured_media":0,"parent":0,"menu_order":0,"comment_status":"closed","ping_status":"closed","template":"","meta":{"footnotes":""},"class_list":["post-65","page","type-page","status-publish","hentry"],"_links":{"self":[{"href":"https:\/\/wordpress.nibis.de\/gshmoor\/wp-json\/wp\/v2\/pages\/65","targetHints":{"allow":["GET"]}}],"collection":[{"href":"https:\/\/wordpress.nibis.de\/gshmoor\/wp-json\/wp\/v2\/pages"}],"about":[{"href":"https:\/\/wordpress.nibis.de\/gshmoor\/wp-json\/wp\/v2\/types\/page"}],"author":[{"embeddable":true,"href":"https:\/\/wordpress.nibis.de\/gshmoor\/wp-json\/wp\/v2\/users\/9193307"}],"replies":[{"embeddable":true,"href":"https:\/\/wordpress.nibis.de\/gshmoor\/wp-json\/wp\/v2\/comments?post=65"}],"version-history":[{"count":1,"href":"https:\/\/wordpress.nibis.de\/gshmoor\/wp-json\/wp\/v2\/pages\/65\/revisions"}],"predecessor-version":[{"id":66,"href":"https:\/\/wordpress.nibis.de\/gshmoor\/wp-json\/wp\/v2\/pages\/65\/revisions\/66"}],"wp:attachment":[{"href":"https:\/\/wordpress.nibis.de\/gshmoor\/wp-json\/wp\/v2\/media?parent=65"}],"curies":[{"name":"wp","href":"https:\/\/api.w.org\/{rel}","templated":true}]}}