{"id":68,"date":"2019-10-08T22:50:38","date_gmt":"2019-10-08T20:50:38","guid":{"rendered":"https:\/\/wordpress.nibis.de\/gshmoor\/?page_id=68"},"modified":"2019-10-08T22:50:38","modified_gmt":"2019-10-08T20:50:38","slug":"schandalklaarmaker","status":"publish","type":"page","link":"https:\/\/wordpress.nibis.de\/gshmoor\/schandalklaarmaker\/","title":{"rendered":"\u201eSchandalklaarmaker\u201c"},"content":{"rendered":"\n\n\n\n\n<h2><span style=\"font-size: 1.6em\">Unsere Streitschlichter<\/span><\/h2>\n<div id=\"c3182\" class=\"well\">\n<div class=\"csc-textpic-text\">\n<p class=\"align-justify\">Ob Hoch- oder Plattdeutsch: Konflikte unter den Sch\u00fclerinnen und Sch\u00fclern gibt es immer wieder. Streit regeln oder Schandal klaarmaken ist die neue Aufgabe und soll das Miteinander aller an unserer Schule verbessern. 12 M\u00e4dchen und Jungen aus den 3. und 4. Klassen absolvierten in einer halbj\u00e4hrigen Arbeitsgemeinschaft (AG) eine Ausbildung zum Streitschlichter.\u00a0<br \/><br \/>Die AG wurde gemeinsam geleitet von Petra Wahrheit vom Pr\u00e4ventionsverbund Ostrhauderfehn und Marlene Wagner, P\u00e4dagogische Mitarbeiterin der Grundschule Holtermoor.<br \/><br \/>Die Ausbildung und der Einsatz von Streitschlichtern oder Konfliktlotsen f\u00f6rdern ein gewaltfreies Miteinander, schaffen Vorbildfunktionen und ein Bewusstsein f\u00fcr Gerechtigkeit. Au\u00dferdem werden Sozialkompetenz, Empathie, Courage, Kommunikationsf\u00e4higkeit und Selbstbewusstsein gef\u00f6rdert.<\/p>\n<p class=\"align-justify\">(Viktoria Weizel-Schulverwaltungsblatt 7\/2017)\u00a0<br \/><br \/>Bei der offiziellen Einf\u00fchrung am 31. Januar 2018 wurden die Streitschlichter\/Schandalklaarmaker und deren Aufgaben den Mitsch\u00fclern vorgestellt. Als Starterschule Niederdeutsch wurde auch an eine plattdeutsche Bezeichnung f\u00fcr den Streitschlichter gedacht.\u00a0<br \/>Eine Urkunde und die Signalweste mit den Aufschriften \u201eStreitschlichter\u201c und \u201eSchandalklaarmaker\u201c wurden \u00fcberreicht und sollen den besonderen Stellenwert in der Schule zeigen.<\/p>\n<p class=\"align-justify\"><img loading=\"lazy\" decoding=\"async\" class=\"aligncenter\" src=\"https:\/\/www.gs-holtermoor.de\/images\/Streitschlichter.jpg\" alt=\"\" width=\"469\" height=\"342\" \/><\/p>\n<\/div>\n<\/div>\n","protected":false},"excerpt":{"rendered":"<p>Unsere Streitschlichter Ob Hoch- oder Plattdeutsch: Konflikte unter den Sch\u00fclerinnen und Sch\u00fclern gibt es immer wieder. Streit regeln oder Schandal klaarmaken ist die neue Aufgabe und soll das Miteinander aller an unserer Schule verbessern. 12 M\u00e4dchen und Jungen aus den &hellip; <a href=\"https:\/\/wordpress.nibis.de\/gshmoor\/schandalklaarmaker\/\">Weiterlesen <span class=\"meta-nav\">&rarr;<\/span><\/a><\/p>\n","protected":false},"author":9193307,"featured_media":0,"parent":0,"menu_order":0,"comment_status":"closed","ping_status":"closed","template":"","meta":{"footnotes":""},"class_list":["post-68","page","type-page","status-publish","hentry"],"_links":{"self":[{"href":"https:\/\/wordpress.nibis.de\/gshmoor\/wp-json\/wp\/v2\/pages\/68","targetHints":{"allow":["GET"]}}],"collection":[{"href":"https:\/\/wordpress.nibis.de\/gshmoor\/wp-json\/wp\/v2\/pages"}],"about":[{"href":"https:\/\/wordpress.nibis.de\/gshmoor\/wp-json\/wp\/v2\/types\/page"}],"author":[{"embeddable":true,"href":"https:\/\/wordpress.nibis.de\/gshmoor\/wp-json\/wp\/v2\/users\/9193307"}],"replies":[{"embeddable":true,"href":"https:\/\/wordpress.nibis.de\/gshmoor\/wp-json\/wp\/v2\/comments?post=68"}],"version-history":[{"count":1,"href":"https:\/\/wordpress.nibis.de\/gshmoor\/wp-json\/wp\/v2\/pages\/68\/revisions"}],"predecessor-version":[{"id":69,"href":"https:\/\/wordpress.nibis.de\/gshmoor\/wp-json\/wp\/v2\/pages\/68\/revisions\/69"}],"wp:attachment":[{"href":"https:\/\/wordpress.nibis.de\/gshmoor\/wp-json\/wp\/v2\/media?parent=68"}],"curies":[{"name":"wp","href":"https:\/\/api.w.org\/{rel}","templated":true}]}}