{"id":86,"date":"2019-10-08T23:00:35","date_gmt":"2019-10-08T21:00:35","guid":{"rendered":"https:\/\/wordpress.nibis.de\/gshmoor\/?page_id=86"},"modified":"2025-10-08T10:44:59","modified_gmt":"2025-10-08T08:44:59","slug":"freundeskreis","status":"publish","type":"page","link":"https:\/\/wordpress.nibis.de\/gshmoor\/freundeskreis\/","title":{"rendered":"Der Freundeskreis stellt sich vor"},"content":{"rendered":"\n<p>\u00a0<\/p>\n<p>Seit \u00fcber 25 Jahren unterst\u00fctzt der <strong>Freundeskreis der Grundschule Holtermoor e.V.<\/strong> die Arbeit der Schule. Die Grundschule Holtermoor erh\u00e4lt vom Land Niedersachsen und der Gemeinde Ostrhauderfehn Finanzmittel f\u00fcr Personalkosten sowie f\u00fcr Sachkosten f\u00fcr Lernmittel.\u00a0<\/p>\n<p>Anschaffungen und Materialien wie z.B. <strong>Spielger\u00e4te<\/strong> oder <strong>Spielsachen<\/strong> sind in diesem Budget nur begrenzt enthalten. Hier <strong>unterst\u00fctzt der Freundeskreis<\/strong> bei Bedarf die Schule. Sind Eltern in finanzieller Not und k\u00f6nnen Ihr Kind z.B. nicht mit auf Klassenfahrt schicken, helfen wir diesen Eltern.<\/p>\n<p>Als<strong> eingetragener, gemeinn\u00fctziger Verein<\/strong> darf der Freundeskreis Spenden annehmen, die den Kindern der Grundschule Holtermoor zu Gute kommen.\u00a0<\/p>\n<p>Wir organisieren <strong>Veranstaltungen<\/strong> wie z.B. die Wasserdisko oder den Laternenlauf. Auch bei den Basteltagen, Schulfesten oder anderen Schulveranstaltungen sind wir aktiv beteiligt.\u00a0<\/p>\n<p>Wir freuen uns immer \u00fcber neuen Mitglieder. Es gibt verschiedene M\u00f6glichkeiten, sich zu engagieren: Werden Sie <strong>Mitglied im Freundeskreis, engagieren<\/strong> Sie sich tatkr\u00e4ftig bei unseren Aktionen oder unterst\u00fctzen Sie uns mit einer <strong>Spende<\/strong>.<\/p>\n<p>Unser Vereinsbeitrag ist mit <strong>8 Euro j\u00e4hrlich<\/strong> f\u00fcr jede Familie erschwinglich. Nat\u00fcrlich d\u00fcrfen Sie auch einen h\u00f6heren, individuellen Beitrag festlegen. Eine <strong>Mitgliedschaft<\/strong> verpflichtet Sie nicht, sich aktiv zu beteiligen. Auch neue <strong>Sponsoren<\/strong> <strong>f\u00fcr einmalige Spenden<\/strong> sind uns jederzeit herzlich willkommen. Wir w\u00fcrden uns freuen, wenn Sie uns als Verein mit Ihrer <strong>Mitgliedschaft<\/strong>, Ihrem <strong>Engagement<\/strong> oder Ihrer <strong>Spende<\/strong> unterst\u00fctzen.<\/p>\n<p><strong>Ansprechpartner<\/strong><\/p>\n<ul>\n<li>Robert Bruns (1. Vorsitzender)<\/li>\n<li>Madita Janssen (2. Vorsitzende)<\/li>\n<li>Eva Janssen (Kassenwartin)<\/li>\n<li>Claudia Dikkeboom (Schriftf\u00fchrerin)<\/li>\n<li>Heike Bruns, Kim Tesic &#8211; de Jong, Manfred Janssen, Sabrina Wagemann, Bianca Lippel, Wiebke Hanneken (Beisitzer\/innen)<\/li>\n<\/ul>\n<p>Wir sind unter der Telefonnummer 04952\/808364 oder in der Schule zu erreichen.\u00a0<\/p>\n<p><img loading=\"lazy\" decoding=\"async\" class=\"size-full wp-image-274 aligncenter\" src=\"https:\/\/wordpress.nibis.de\/gshmoor\/files\/2019\/10\/Flyer-Freundeskreis-R\u00fcckseite.jpg\" alt=\"\" width=\"307\" height=\"305\" \/><\/p>\n","protected":false},"excerpt":{"rendered":"<p>\u00a0 Seit \u00fcber 25 Jahren unterst\u00fctzt der Freundeskreis der Grundschule Holtermoor e.V. die Arbeit der Schule. Die Grundschule Holtermoor erh\u00e4lt vom Land Niedersachsen und der Gemeinde Ostrhauderfehn Finanzmittel f\u00fcr Personalkosten sowie f\u00fcr Sachkosten f\u00fcr Lernmittel.\u00a0 Anschaffungen und Materialien wie z.B. &hellip; <a href=\"https:\/\/wordpress.nibis.de\/gshmoor\/freundeskreis\/\">Weiterlesen <span class=\"meta-nav\">&rarr;<\/span><\/a><\/p>\n","protected":false},"author":9193307,"featured_media":0,"parent":0,"menu_order":0,"comment_status":"closed","ping_status":"closed","template":"","meta":{"footnotes":""},"class_list":["post-86","page","type-page","status-publish","hentry"],"_links":{"self":[{"href":"https:\/\/wordpress.nibis.de\/gshmoor\/wp-json\/wp\/v2\/pages\/86","targetHints":{"allow":["GET"]}}],"collection":[{"href":"https:\/\/wordpress.nibis.de\/gshmoor\/wp-json\/wp\/v2\/pages"}],"about":[{"href":"https:\/\/wordpress.nibis.de\/gshmoor\/wp-json\/wp\/v2\/types\/page"}],"author":[{"embeddable":true,"href":"https:\/\/wordpress.nibis.de\/gshmoor\/wp-json\/wp\/v2\/users\/9193307"}],"replies":[{"embeddable":true,"href":"https:\/\/wordpress.nibis.de\/gshmoor\/wp-json\/wp\/v2\/comments?post=86"}],"version-history":[{"count":10,"href":"https:\/\/wordpress.nibis.de\/gshmoor\/wp-json\/wp\/v2\/pages\/86\/revisions"}],"predecessor-version":[{"id":612,"href":"https:\/\/wordpress.nibis.de\/gshmoor\/wp-json\/wp\/v2\/pages\/86\/revisions\/612"}],"wp:attachment":[{"href":"https:\/\/wordpress.nibis.de\/gshmoor\/wp-json\/wp\/v2\/media?parent=86"}],"curies":[{"name":"wp","href":"https:\/\/api.w.org\/{rel}","templated":true}]}}