{"id":181,"date":"2014-11-23T14:05:04","date_gmt":"2014-11-23T13:05:04","guid":{"rendered":"http:\/\/wordpress.nibis.de\/gsholbein\/?page_id=181"},"modified":"2025-03-23T17:13:17","modified_gmt":"2025-03-23T16:13:17","slug":"foerderverein","status":"publish","type":"page","link":"https:\/\/wordpress.nibis.de\/gsholbein\/foerderverein\/","title":{"rendered":"F\u00d6RDERVEREIN"},"content":{"rendered":"\n<p>&nbsp;<\/p>\n<div style=\"text-align: center\"><span style=\"font-size: 12pt\">Verein der Freunde und F\u00f6rderer der Holbeinschule e.V.<\/span><\/div>\n<div style=\"text-align: center\"><span style=\"font-size: 12pt\">&#8211; Grundschule f\u00fcr Sch\u00fcler aller Bekenntnisse \u2013<\/span><\/div>\n<div style=\"text-align: center\"><span style=\"font-size: 12pt\">Holbeinstra\u00dfe 1 * 27793 Wildeshausen<\/span><\/div>\n<div style=\"text-align: center\">Kontakt: &#x6d;&#x61;&#x72;&#x6c;&#x65;&#x6e;&#x65;&#x2e;&#x70;&#x6f;&#x70;&#x70;&#x65;&#x40;&#x68;&#x6f;&#x6c;&#x62;&#x65;&#x69;&#x6e;&#x73;&#x63;&#x68;&#x75;&#x6c;&#x65;&#x2e;&#x69;&#x6e;&#x66;&#x6f;\n<p>&nbsp;<\/p>\n<\/div>\n\n\n\n<h2><span style=\"color: #008000\"><strong><br \/><br \/>Dezember 2024<\/strong><\/span><\/h2>\n<h2><span style=\"color: #008000\">Spende der Nieberdingstiftung<br \/><br \/>Dank unseres engagierten F\u00f6rdervereins hat der F\u00f6rderverein f\u00fcr unsere Schule eine Spende in H\u00f6he von 4.500 Euro erhalten. Von diesem Betrag werden wir im Jahr 2026 unsere Projektwoche &#8222;Trommell\u00f6we&#8220; finanzieren!<\/span><\/h2>\n<h2><span style=\"color: #ff6600\"><span style=\"color: #008000\">DANKE!<\/span><br \/><br \/><br \/>am 30.10.2024<\/span><\/h2>\n<h3><span style=\"color: #ff6600\">Liebe Eltern und Erziehungsberechtigte, gestern erfolgte die \u00dcbergabe des Pausenschatzes an die Klassen. Im September sammelte der F\u00f6rderverein hierf\u00fcr zahlreiche W\u00fcnsche und nun wurden endlich einige davon erf\u00fcllt. Alle Kinder haben sich riesig gefreut.<\/span><\/h3>\n<p style=\"text-align: center\">\u00a0<\/p>\n<p><img decoding=\"async\" src=\"https:\/\/wordpress.nibis.de\/gsholbein\/files\/2024\/10\/Pausenschatz-1200x675.jpeg\" alt=\"Dieses Bild hat ein leeres Alt-Attribut. Der Dateiname ist Pausenschatz-1200x675.jpeg\" \/><\/p>\n<p>\u00a0<\/p>\n<h3><span style=\"color: #ff6600\">Danke an alle Mitglieder des F\u00f6rdervereins f\u00fcr Ihre Unterst\u00fctzung.<\/span><\/h3>\n<p>\u00a0<\/p>\n<h3><span style=\"color: #ff6600\">M\u00f6chten auch Sie Mitglied werden? Anmeldeformulare gibt es im Sekretariat der Holbeinschule oder\u00a0 \u00fcber die Klassenlehrer.<br \/><br \/><br \/><\/span><\/h3>\n<h2>Der F\u00f6rderverein stellt sich heute, 29. August 2024 auf dem Elternabend der ES Gruppen vor! Wir freuen uns auf neue Mitglieder!\u00a0<br \/><br \/><br \/><strong><span style=\"color: #008000\">Unser neuer Flyer<\/span><\/strong><\/h2>\n<p><img loading=\"lazy\" decoding=\"async\" class=\"alignnone size-medium wp-image-7817\" src=\"https:\/\/wordpress.nibis.de\/gsholbein\/files\/2024\/01\/Flyer-Foerderverein-1-841x478.jpg\" alt=\"\" width=\"841\" height=\"478\" srcset=\"https:\/\/wordpress.nibis.de\/gsholbein\/files\/2024\/01\/Flyer-Foerderverein-1-841x478.jpg 841w, https:\/\/wordpress.nibis.de\/gsholbein\/files\/2024\/01\/Flyer-Foerderverein-1-250x141.jpg 250w\" sizes=\"auto, (max-width: 841px) 100vw, 841px\" \/> <img loading=\"lazy\" decoding=\"async\" class=\"alignnone size-medium wp-image-7819\" src=\"https:\/\/wordpress.nibis.de\/gsholbein\/files\/2024\/01\/Flyer-Foerderverein-2-841x478.jpg\" alt=\"\" width=\"841\" height=\"478\" srcset=\"https:\/\/wordpress.nibis.de\/gsholbein\/files\/2024\/01\/Flyer-Foerderverein-2-841x478.jpg 841w, https:\/\/wordpress.nibis.de\/gsholbein\/files\/2024\/01\/Flyer-Foerderverein-2-250x141.jpg 250w\" sizes=\"auto, (max-width: 841px) 100vw, 841px\" \/><\/p>\n\n\n<div style=\"text-align: center\">\u00a0<\/div>\n<p>\u00a0<\/p>\n<p>Weihnachtsdorf und mehr<\/p>\n<p>\u00a0<\/p>\n<h3><span style=\"color: #ff0000\">Liebe Eltern,\u00a0<\/span><\/h3>\n<h3><span style=\"color: #ff0000\">beim Weihnachtsdorf sind durch den Verkauf von Weihnachtsbasteleien und den Einnahmen in der Caf\u00e9teria durch den F\u00f6rderverein eine Summe von :<\/span><\/h3>\n<h2><span style=\"color: #ff0000\">4883,33\u20ac<\/span><\/h2>\n<h3><span style=\"color: #ff0000\">zusammengekommen. Vielen Dank!\u00a0<\/span><\/h3>\n<h3><span style=\"color: #ff0000\">Der F\u00f6rderverein freut sich, dass nun die Projekte, die j\u00e4hrlich vom Verein finanziert werden, weiter unterst\u00fctzt werden k\u00f6nnen.\u00a0<\/span><\/h3>\n<h3><span style=\"color: #ff0000\">Was hat der F\u00f6rderverein k\u00fcrzlich unterst\u00fctzt?<\/span><\/h3>\n<ul>\n<li>\n<h3><span style=\"color: #ff0000\">den Pausenschatz<\/span><\/h3>\n<\/li>\n<li>\n<h3><span style=\"color: #ff0000\">die Materialien f\u00fcr das Weihnachtsdorf<\/span><\/h3>\n<\/li>\n<li>\n<h3><span style=\"color: #ff0000\">Nikolaus\u00fcberraschung &#8211; Danke an Frau Achilles-K\u00f6hler und Frau Fl\u00f6ter, die zahlreiche Kekse und Schoko\u00fcberraschung f\u00fcr alle Kinder brachten!<\/span><\/h3>\n<\/li>\n<\/ul>\n<h3>\u00a0<\/h3>\n<h3><span style=\"color: #339966\">Unterst\u00fctzen Sie unsere Arbeit und treten Sie dem F\u00f6rderverein bei!\u00a0<\/span><\/h3>\n<p>\u00a0<\/p>\n<h2><span style=\"color: #ff0000\">Erl\u00f6s vom Sponsorenlauf<\/span><\/h2>\n<p>Danke an alle f\u00fcr die gro\u00dfen Spenden. Nun k\u00f6nnen einige B\u00e4nke f\u00fcr den Schulhof angeschafft werden!\u00a0<\/p>\n<p>\u00a0<\/p>\n<div>\u00a0<\/div>\n<h2>\u00a0<\/h2>\n<div style=\"text-align: center\"><strong><span style=\"font-size: 12pt\">Vorstand:<\/span><\/strong><\/div>\n<div>\u00a0<\/div>\n<h3>Auf der Jahreshauptversammlung am 16.03.2023 wurde ein neuer Vorstand des F\u00f6rdervereins gew\u00e4hlt:\u00a0<\/h3>\n<p>\u00a0<\/p>\n<p><img decoding=\"async\" src=\"https:\/\/wordpress.nibis.de\/gsholbein\/files\/2023\/05\/k-20230418_221328-1024x675.jpg\" alt=\"Dieses Bild hat ein leeres Alt-Attribut. Der Dateiname ist k-20230418_221328-1024x675.jpg\" \/><\/p>\n<p>v. links: Frau Koehler, Frau Fl\u00f6ter, Frau Wempen, Frau Poppe, Frau Spichartz-Gr\u00fcbbel und Frau Timmer<\/p>\n<h3>1. Vorsitzende:\u00a0 \u00a0 \u00a0 \u00a0 Frau Poppe<\/h3>\n<h3>2. Vorsitzende:\u00a0 \u00a0 \u00a0 \u00a0 Frau Timmer<\/h3>\n<h3>Schriftf\u00fchrerin:\u00a0 \u00a0 \u00a0 \u00a0Frau Fl\u00f6ter<\/h3>\n<h3>Kassenwartin:\u00a0 \u00a0 \u00a0 \u00a0 Frau Wempen<\/h3>\n<h3>1. Kassenpr\u00fcferin:\u00a0 Frau Spichartz-Gr\u00fcbbel<\/h3>\n<h3>2. Kassenpr\u00fcferin:\u00a0 Frau Achilles-K\u00f6hler<\/h3>\n<div>\u00a0<\/div>\n<div>\u00a0<\/div>\n<div style=\"text-align: center\">\u00a0<\/div>\n<div>\u00a0<\/div>\n<div>\u00a0<\/div>\n<div>Danke an unseren ehemaligen Vorstand. Es war sch\u00f6n mit euch!\u00a0<\/div>\n<div>\u00a0<\/div>\n<p><span style=\"background-color: #ffff00\">Danke an den F\u00f6rderverein! F\u00fcr alle Klassen gab es in diesem Schuljahr wieder einen gro\u00dfen Sack voller Spielzeuge f\u00fcr den Pausenschatz.\u00a0<\/span><\/p>\n<p>\u00a0<\/p>\n<div>\u00a0<\/div>\n<div>\u00a0<\/div>\n<div style=\"text-align: justify\">\n<p><span style=\"font-family: tahoma,arial,helvetica,sans-serif;font-size: 12pt\">Die Erziehungsberechtigten unserer Schule k\u00f6nnen Mitglied im <strong>Verein der Freunde und F\u00f6rderer der Holbeinschule e.V<em>.<\/em><\/strong> werden. Durch den F\u00f6rderverein soll unsere <\/span><span style=\"font-family: tahoma,arial,helvetica,sans-serif;font-size: 12pt\">Schule zus\u00e4tzlich <\/span><span style=\"font-family: tahoma,arial,helvetica,sans-serif;font-size: 12pt\">in den Bereichen finanziell unterst\u00fctzt werden, die durch den Schultr\u00e4ger nicht abgedeckt werden (k\u00f6nnen). Der F\u00f6rderverein wird von den Erziehungsberechtigten getragen, die auch \u00fcbe<\/span><span style=\"font-family: tahoma,arial,helvetica,sans-serif;font-size: 12pt\">r die F\u00f6rderma\u00dfnahmen befinden. Seit Gr\u00fcndung des Vereins am 12.05.98 hat er unserer<\/span><span style=\"font-family: tahoma,arial,helvetica,sans-serif;font-size: 12pt\"> Schule und somit unseren Kindern schon viele gute Dienste e<\/span><span style=\"font-family: tahoma,arial,helvetica,sans-serif;font-size: 12pt\">rwiesen. Unter dem Motto \u201eBewegte Schule\u201c wurden im vergangenen Jahr 5 Roller f\u00fcr die Betreuung, ein Balancebike und Fahrradhelme angeschafft. Die geliebten \u201ePausensch\u00e4tze\u201c verdanken wir ebenfalls unserem F\u00f6rderverein und in Einzelf\u00e4llen werden Theater- und Klassenfahrten tatkr\u00e4ftig vom F\u00f6rderverein finanziell unterst\u00fctzt. Durch die Initiative des Vereins konnte im April 2014 das erste Smartboard an die Holbeinschule \u00fcbergeben werden. Daher m\u00f6chten wir Sie bitten, Mitglied im F\u00f6rderverein zu werden, denn durch einen geringen Beitrag (z. Zt. 12 \u20ac Mindestbeitrag j\u00e4hrlich) kann durch die Gemeinschaft vieles im Interesse unserer Kinder erm\u00f6glicht werden.<\/span><\/p>\n<h4>Frau B\u00e4uning hat als Beratungslehrerin der Schule ein neues Projekt angeschoben. Kinder unserer Schule werden als Pausenhelfer ausgebildet und helfen, Konflikte zu schlichten und L\u00f6sungen bei Streitigkeiten zu finden. Damit diese Kinder auf dem Schulgel\u00e4nde gut zu erkennen sind, hat der F\u00f6rderverein leuchtend gr\u00fcne K\u00e4ppis gespendet!\u00a0<\/h4>\n<p>\u00a0<\/p>\n<\/div>\n<p style=\"text-align: justify\"><img loading=\"lazy\" decoding=\"async\" class=\"alignright size-full wp-image-210\" src=\"http:\/\/wordpress.nibis.de\/gsholbein\/files\/2014\/11\/tischtennis.jpg\" alt=\"tischtennis\" width=\"278\" height=\"252\" \/><\/p>\n<p style=\"text-align: center\"><strong><span style=\"font-family: tahoma,arial,helvetica,sans-serif;font-size: 14pt\">Machen Sie mit!<\/span><\/strong><\/p>\n<p style=\"text-align: justify\"><span style=\"font-family: tahoma,arial,helvetica,sans-serif;font-size: 12pt\"><br \/>St\u00e4rken Sie unseren F\u00f6rderverein durch Ihre Mitgliedschaft und aktive Mitarbeit! Wir danken Ihnen im Namen der uns anvertrauten Kinder. Anmeldungen k\u00f6nnen \u00fcber die Klassenleitung, die Schulleitung, im Schulsekretariat oder direkt (Pinnwand des F\u00f6rdervereins im Flur) erfolgen.<\/span><\/p>\n<p style=\"text-align: center\"><span style=\"font-family: tahoma,arial,helvetica,sans-serif;font-size: 12pt\"><strong><span style=\"font-size: 14pt\"><br \/><span style=\"font-family: tahoma,arial,helvetica,sans-serif\">Der F\u00f6rderverein unterst\u00fctzt die Holbeinschule <\/span><\/span><\/strong><\/span><\/p>\n<p style=\"text-align: center\"><span style=\"font-family: tahoma,arial,helvetica,sans-serif;font-size: 12pt\"><strong><span style=\"font-size: 14pt\"><span style=\"font-family: tahoma,arial,helvetica,sans-serif\">seit bereits 26 Jahren!<\/span><\/span><\/strong><\/span><\/p>\n<p style=\"text-align: left\"><span style=\"font-size: 14pt\"><strong><span style=\"font-family: tahoma,arial,helvetica,sans-serif\">DOWNLOADS<\/span><\/strong><\/span><\/p>\n<ul>\n<li><span style=\"font-size: 12pt;font-family: tahoma,arial,helvetica,sans-serif\">Klicken Sie\u00a0<a href=\"http:\/\/wordpress.nibis.de\/gsholbein\/files\/2014\/11\/satzung_foeverein04.pdf\" target=\"_blank\" rel=\"noopener\">HIER<\/a> um sich eine druckbare Version der <strong>Satzung und Gesch\u00e4ftsordnung<\/strong> herunterzuladen.<\/span><\/li>\n<\/ul>\n<ul>\n<li><span style=\"font-family: tahoma,arial,helvetica,sans-serif\">Klicken Sie <a href=\"http:\/\/wordpress.nibis.de\/gsholbein\/files\/2016\/05\/F\u00f6rderverin-Beitrittserkl\u00e4rung.pdf\" target=\"_blank\" rel=\"noopener\">HIER<\/a> um sich eine druckbare Version des <strong>Beitrittsformulars<\/strong> herunterzuladen.<\/span><\/li>\n<\/ul>","protected":false},"excerpt":{"rendered":"<p>&nbsp; Verein der Freunde und F\u00f6rderer der Holbeinschule e.V. &#8211; Grundschule f\u00fcr Sch\u00fcler aller Bekenntnisse \u2013 Holbeinstra\u00dfe 1 * 27793 Wildeshausen Kontakt: &#109;&#x61;r&#108;&#x65;&#110;&#x65;&#46;&#112;&#x6f;p&#x70;&#x65;&#64;&#x68;o&#108;&#x62;e&#x69;&#x6e;&#115;&#x63;h&#117;&#x6c;&#101;&#x2e;i&#110;&#x66;o &nbsp; Dezember 2024 Spende der Nieberdingstiftung Dank unseres engagierten F\u00f6rdervereins hat der F\u00f6rderverein f\u00fcr unsere Schule eine Spende in H\u00f6he von 4.500 Euro erhalten. Von diesem Betrag werden wir im Jahr 2026 &#8230; <a title=\"F\u00d6RDERVEREIN\" class=\"read-more\" href=\"https:\/\/wordpress.nibis.de\/gsholbein\/foerderverein\/\" aria-label=\"Mehr Informationen \u00fcber F\u00d6RDERVEREIN\">Weiterlesen<\/a><\/p>\n","protected":false},"author":605,"featured_media":0,"parent":0,"menu_order":0,"comment_status":"closed","ping_status":"open","template":"","meta":{"footnotes":""},"class_list":["post-181","page","type-page","status-publish"],"_links":{"self":[{"href":"https:\/\/wordpress.nibis.de\/gsholbein\/wp-json\/wp\/v2\/pages\/181","targetHints":{"allow":["GET"]}}],"collection":[{"href":"https:\/\/wordpress.nibis.de\/gsholbein\/wp-json\/wp\/v2\/pages"}],"about":[{"href":"https:\/\/wordpress.nibis.de\/gsholbein\/wp-json\/wp\/v2\/types\/page"}],"author":[{"embeddable":true,"href":"https:\/\/wordpress.nibis.de\/gsholbein\/wp-json\/wp\/v2\/users\/605"}],"replies":[{"embeddable":true,"href":"https:\/\/wordpress.nibis.de\/gsholbein\/wp-json\/wp\/v2\/comments?post=181"}],"version-history":[{"count":110,"href":"https:\/\/wordpress.nibis.de\/gsholbein\/wp-json\/wp\/v2\/pages\/181\/revisions"}],"predecessor-version":[{"id":8345,"href":"https:\/\/wordpress.nibis.de\/gsholbein\/wp-json\/wp\/v2\/pages\/181\/revisions\/8345"}],"wp:attachment":[{"href":"https:\/\/wordpress.nibis.de\/gsholbein\/wp-json\/wp\/v2\/media?parent=181"}],"curies":[{"name":"wp","href":"https:\/\/api.w.org\/{rel}","templated":true}]}}