{"id":383,"date":"2014-12-20T10:43:43","date_gmt":"2014-12-20T09:43:43","guid":{"rendered":"http:\/\/wordpress.nibis.de\/gsholbein\/?page_id=383"},"modified":"2026-01-21T13:19:19","modified_gmt":"2026-01-21T12:19:19","slug":"schulvorstand","status":"publish","type":"page","link":"https:\/\/wordpress.nibis.de\/gsholbein\/schulvorstand\/","title":{"rendered":"SCHULVORSTAND"},"content":{"rendered":"<pre><span style=\"font-family: tahoma,arial,helvetica,sans-serif;font-size: 12pt\">Der Schulvorstand setzt sich aus 4 gew\u00e4hlten Vertreterinnen und Vertretern der Erziehungsberechtigten und 4 Lehrkr\u00e4ften, einschlie\u00dflich Schulleitung, zusammen. Die Wahl der Lehrervertreter erfolgt in der Gesamtkonferenz.\n<\/span><\/pre>\n<h3><strong><span style=\"text-decoration: underline;font-family: tahoma,arial,helvetica,sans-serif\">Der Schulvorstand der Holbeinschule<\/span><\/strong><\/h3>\n<h6><strong><em>Lehrervertreter:<\/em><\/strong><\/h6>\n<p>Inke Bajorat<\/p>\n<p>Nina Willers<\/p>\n<p>Kerstin B\u00e4uning<\/p>\n<p>Kristina H\u00fcmme<\/p>\n<p>J\u00f6rn Huxhold<\/p>\n<p>Stefanie Tonn<\/p>\n<h6><strong><em>Elternvertreter:<\/em><\/strong><\/h6>\n<p>Christine Reimers<\/p>\n<p>Nina W\u00fcbbenhorst<\/p>\n<p>Ivonne Kr\u00fcger<\/p>\n<p>Philipp Thurow<\/p>\n<p>Merle Greiser<\/p>\n<p>Ron Siegel<\/p>\n<pre><\/pre>\n<address><span style=\"font-size: 12pt;font-family: tahoma,arial,helvetica,sans-serif\">\u00a0<\/span><\/address>\n<address>\u00a0<\/address>\n<address>\u00a0<\/address>\n<p><span style=\"font-family: tahoma,arial,helvetica,sans-serif\">\u00a0<\/span><\/p>\n<p><a href=\"http:\/\/wordpress.nibis.de\/gsholbein\/files\/2014\/12\/22.jpg\"><img loading=\"lazy\" decoding=\"async\" class=\"aligncenter wp-image-519 size-thumbnail\" src=\"http:\/\/wordpress.nibis.de\/gsholbein\/files\/2014\/12\/22-150x150.jpg\" alt=\"2\" width=\"150\" height=\"150\" \/><\/a><\/p>\n","protected":false},"excerpt":{"rendered":"<p>Der Schulvorstand setzt sich aus 4 gew\u00e4hlten Vertreterinnen und Vertretern der Erziehungsberechtigten und 4 Lehrkr\u00e4ften, einschlie\u00dflich Schulleitung, zusammen. Die Wahl der Lehrervertreter erfolgt in der Gesamtkonferenz. Der Schulvorstand der Holbeinschule Lehrervertreter: Inke Bajorat Nina Willers Kerstin B\u00e4uning Kristina H\u00fcmme J\u00f6rn Huxhold Stefanie Tonn Elternvertreter: Christine Reimers Nina W\u00fcbbenhorst Ivonne Kr\u00fcger Philipp Thurow Merle Greiser Ron &#8230; <a title=\"SCHULVORSTAND\" class=\"read-more\" href=\"https:\/\/wordpress.nibis.de\/gsholbein\/schulvorstand\/\" aria-label=\"Mehr Informationen \u00fcber SCHULVORSTAND\">Weiterlesen<\/a><\/p>\n","protected":false},"author":605,"featured_media":0,"parent":0,"menu_order":0,"comment_status":"closed","ping_status":"open","template":"","meta":{"footnotes":""},"class_list":["post-383","page","type-page","status-publish"],"_links":{"self":[{"href":"https:\/\/wordpress.nibis.de\/gsholbein\/wp-json\/wp\/v2\/pages\/383","targetHints":{"allow":["GET"]}}],"collection":[{"href":"https:\/\/wordpress.nibis.de\/gsholbein\/wp-json\/wp\/v2\/pages"}],"about":[{"href":"https:\/\/wordpress.nibis.de\/gsholbein\/wp-json\/wp\/v2\/types\/page"}],"author":[{"embeddable":true,"href":"https:\/\/wordpress.nibis.de\/gsholbein\/wp-json\/wp\/v2\/users\/605"}],"replies":[{"embeddable":true,"href":"https:\/\/wordpress.nibis.de\/gsholbein\/wp-json\/wp\/v2\/comments?post=383"}],"version-history":[{"count":24,"href":"https:\/\/wordpress.nibis.de\/gsholbein\/wp-json\/wp\/v2\/pages\/383\/revisions"}],"predecessor-version":[{"id":8898,"href":"https:\/\/wordpress.nibis.de\/gsholbein\/wp-json\/wp\/v2\/pages\/383\/revisions\/8898"}],"wp:attachment":[{"href":"https:\/\/wordpress.nibis.de\/gsholbein\/wp-json\/wp\/v2\/media?parent=383"}],"curies":[{"name":"wp","href":"https:\/\/api.w.org\/{rel}","templated":true}]}}