{"id":41,"date":"2014-11-21T12:05:40","date_gmt":"2014-11-21T11:05:40","guid":{"rendered":"http:\/\/wordpress.nibis.de\/gsholbein\/?page_id=41"},"modified":"2022-01-20T14:00:26","modified_gmt":"2022-01-20T13:00:26","slug":"impressum","status":"publish","type":"page","link":"https:\/\/wordpress.nibis.de\/gsholbein\/impressum\/","title":{"rendered":"IMPRESSUM"},"content":{"rendered":"<div class=\"entry-content\"><span style=\"font-family: tahoma,arial,helvetica,sans-serif;font-size: 10pt\">Angaben gem\u00e4\u00df \u00a7 5 TMG:<\/span><\/div>\n<div class=\"entry-content\"><\/div>\n<div class=\"entry-content\"><span style=\"font-family: tahoma, arial, helvetica, sans-serif\"><strong><span style=\"font-size: 10pt\">Land Niedersachsen<\/span><\/strong><\/span><\/div>\n<div><\/div>\n<div class=\"entry-content\">Das Land Niedersachsen ist eine juristische Person des \u00f6ffentlichen Rechts vertreten durch<\/div>\n<div><\/div>\n<div class=\"entry-content\">Schulleitung:<br \/>\n<span style=\"font-family: tahoma, arial, helvetica, sans-serif\"><strong> <span style=\"font-size: 10pt\"> Inke Bajorat, Rektorin<\/span><\/strong><\/span><\/div>\n<div>Sabrina Abramowski, Konrektorin<\/div>\n<div><\/div>\n<div><\/div>\n<div class=\"entry-content\">Holbeinstra\u00dfe 1<\/div>\n<div class=\"entry-content\">27793 Wildeshausen<\/div>\n<div>Mail: ink&#101;&#46;&#98;&#x61;&#x6a;&#x6f;&#x72;&#x61;&#x74;&#64;ho&#108;&#98;&#101;&#105;&#x6e;&#x73;&#x63;&#x68;&#x75;&#x6c;e&#46;i&#110;&#102;&#111;<\/div>\n<div>Tel.: 04431-709793<\/div>\n<div><\/div>\n<div class=\"entry-content\">Datenschutzbeauftrage: <span style=\"font-family: tahoma,arial,helvetica,sans-serif;font-size: 10pt\"><br \/>\n<\/span><\/div>\n<div>Katja J\u00f6llenbeck<\/div>\n<div>Mail: &#107;&#x61;t&#x6a;&#x61;&#46;&#x6a;o&#x65;&#x6c;&#108;&#x65;n&#x62;&#x65;&#99;&#x6b;&#64;&#x68;&#x6f;&#108;&#x62;e&#x69;&#x6e;&#115;&#x63;h&#x75;&#x6c;&#101;&#x2e;i&#x6e;&#x66;&#111;<\/div>\n<div><\/div>\n<div><\/div>\n<div class=\"entry-content\"><\/div>\n<div class=\"entry-content\">\n<p><span style=\"font-size: 10pt;font-family: tahoma, arial, helvetica, sans-serif\"><strong>Gestaltung und Pflege der Internetseite:<br \/>\n<\/strong><\/span><span style=\"font-family: tahoma,arial,helvetica,sans-serif;font-size: 10pt\"><span style=\"font-size: 10pt\"><span style=\"font-size: 10pt\">Inke Bajorat<\/span><\/span><\/span><\/p>\n<p><span style=\"font-family: tahoma, arial, helvetica, sans-serif;font-size: 10pt\">\u00a0<\/span><\/p>\n<div class=\"entry-content\">\n<div class=\"entry-content\">\n<p><span style=\"color: #000000;font-family: tahoma,arial,helvetica,sans-serif;font-size: 8pt\">Disclaimer<br \/>\n<\/span><span style=\"color: #000000;font-family: tahoma, arial, helvetica, sans-serif;font-size: 8pt\">Diese Webseite beinhaltet externe Links. Deren Inhalte entziehen sich unserer Einflussnahme, sodass eine Gew\u00e4hr f\u00fcr solche Inhalte von uns nicht \u00fcbernommen werden kann.<br \/>\n<\/span><span style=\"color: #000000;font-family: tahoma,arial,helvetica,sans-serif;font-size: 8pt\">Die Verantwortung liegt stets beim jeweiligen Betreiber der externen Seiten. Zum Zeitpunkt der Verkn\u00fcpfung der externen Links waren keine Rechtsverst\u00f6\u00dfe ersichtlich. Die permanente \u00dcberwachung fremder Inhalte auf Rechtsverst\u00f6\u00dfe ohne konkrete Hinweise ist uns nicht zumutbar.\u00a0<\/span><span style=\"color: #000000;font-family: tahoma, arial, helvetica, sans-serif;font-size: 8pt\">Sollten wir Kenntnis von Rechtsverletzungen erlangen, werden wir die entsprechenden externen Links unverz\u00fcglich entfernen. Trotz sorgf\u00e4ltiger Auswahl kann seitens der Seitenbetreiberin keine Haftung f\u00fcr die Richtigkeit, Aktualit\u00e4t sowie Verf\u00fcgbarkeit der Inhalte und externen Verlinkung \u00fcbernommen werden.\u00a0<\/span><\/p>\n<\/div>\n<div class=\"entry-content\">\n<p><span style=\"font-family: tahoma, arial, helvetica, sans-serif\"><a href=\"http:\/\/wordpress.nibis.de\/gsholbein\/files\/2014\/12\/13.jpg\" rel=\"attachment wp-att-518\"><img loading=\"lazy\" decoding=\"async\" class=\"aligncenter size-full wp-image-518\" src=\"http:\/\/wordpress.nibis.de\/gsholbein\/files\/2014\/12\/13.jpg\" alt=\"1\" width=\"149\" height=\"196\" \/><\/a><\/span><\/p>\n<\/div>\n<\/div>\n<\/div>\n","protected":false},"excerpt":{"rendered":"<p>Angaben gem\u00e4\u00df \u00a7 5 TMG: Land Niedersachsen Das Land Niedersachsen ist eine juristische Person des \u00f6ffentlichen Rechts vertreten durch Schulleitung: Inke Bajorat, Rektorin Sabrina Abramowski, Konrektorin Holbeinstra\u00dfe 1 27793 Wildeshausen Mail: inke&#46;&#98;&#97;&#106;&#111;&#114;&#97;&#x74;&#x40;&#x68;&#x6f;&#x6c;&#x62;&#x65;&#x69;&#x6e;schu&#108;&#101;&#46;&#105;&#110;&#102;&#111; Tel.: 04431-709793 Datenschutzbeauftrage: Katja J\u00f6llenbeck Mail: &#107;&#97;&#x74;j&#97;&#x2e;&#x6a;o&#101;&#x6c;&#x6c;e&#110;&#x62;&#x65;c&#107;&#x40;&#x68;o&#108;&#x62;&#x65;i&#110;&#x73;c&#104;&#117;&#x6c;e&#46;&#x69;&#x6e;f&#111; Gestaltung und Pflege der Internetseite: Inke Bajorat \u00a0 Disclaimer Diese Webseite beinhaltet externe Links. Deren Inhalte &#8230; <a title=\"IMPRESSUM\" class=\"read-more\" href=\"https:\/\/wordpress.nibis.de\/gsholbein\/impressum\/\" aria-label=\"Mehr Informationen \u00fcber IMPRESSUM\">Weiterlesen<\/a><\/p>\n","protected":false},"author":605,"featured_media":0,"parent":0,"menu_order":0,"comment_status":"closed","ping_status":"open","template":"","meta":{"footnotes":""},"class_list":["post-41","page","type-page","status-publish"],"_links":{"self":[{"href":"https:\/\/wordpress.nibis.de\/gsholbein\/wp-json\/wp\/v2\/pages\/41","targetHints":{"allow":["GET"]}}],"collection":[{"href":"https:\/\/wordpress.nibis.de\/gsholbein\/wp-json\/wp\/v2\/pages"}],"about":[{"href":"https:\/\/wordpress.nibis.de\/gsholbein\/wp-json\/wp\/v2\/types\/page"}],"author":[{"embeddable":true,"href":"https:\/\/wordpress.nibis.de\/gsholbein\/wp-json\/wp\/v2\/users\/605"}],"replies":[{"embeddable":true,"href":"https:\/\/wordpress.nibis.de\/gsholbein\/wp-json\/wp\/v2\/comments?post=41"}],"version-history":[{"count":52,"href":"https:\/\/wordpress.nibis.de\/gsholbein\/wp-json\/wp\/v2\/pages\/41\/revisions"}],"predecessor-version":[{"id":6493,"href":"https:\/\/wordpress.nibis.de\/gsholbein\/wp-json\/wp\/v2\/pages\/41\/revisions\/6493"}],"wp:attachment":[{"href":"https:\/\/wordpress.nibis.de\/gsholbein\/wp-json\/wp\/v2\/media?parent=41"}],"curies":[{"name":"wp","href":"https:\/\/api.w.org\/{rel}","templated":true}]}}