{"id":4391,"date":"2019-03-23T09:05:24","date_gmt":"2019-03-23T08:05:24","guid":{"rendered":"https:\/\/wordpress.nibis.de\/gsholbein\/?page_id=4391"},"modified":"2024-01-18T07:06:18","modified_gmt":"2024-01-18T06:06:18","slug":"schuelerrat","status":"publish","type":"page","link":"https:\/\/wordpress.nibis.de\/gsholbein\/schuelerrat\/","title":{"rendered":"SCH\u00dcLERRAT"},"content":{"rendered":"\n<p><\/p>\n\n\n\n<p><strong><br>Im Dezember fand die 1. Sitzung des Sch\u00fclerrates statt. <\/strong><\/p>\n\n\n\n<p><\/p>\n\n\n\n<p>Die Sch\u00fclervertreterinnen und -vertreter brachten viele Themen mit. <\/p>\n\n\n\n<p>So wurde \u00fcber das Rennen in den Fluren gesprochen, hier sollten vermehrt Nachdenkzettel verteilt werden. <\/p>\n\n\n\n<p>Au\u00dferdem wurden die oft schlechten Zust\u00e4nde der Toiletten beklagt. <\/p>\n\n\n\n<p>Die Sch\u00fclerinnen und Sch\u00fcler w\u00fcnschen sich bei Konflikten mehr Unterst\u00fctzung durch das Kollegium. <\/p>\n\n\n\n<p><\/p>\n\n\n\n<p>Die n\u00e4chste Sitzung findet am 6. Februar um 8.45 Uhr in der neuen Aula statt. <\/p>\n\n\n\n<p><\/p>\n\n\n\n<p>Herzlichen Gru\u00df<\/p>\n\n\n\n<p>Inke Bajorat <\/p>\n\n\n\n<p><\/p>\n\n\n\n<p><\/p>\n\n\n","protected":false},"excerpt":{"rendered":"<p>Im Dezember fand die 1. Sitzung des Sch\u00fclerrates statt. Die Sch\u00fclervertreterinnen und -vertreter brachten viele Themen mit. So wurde \u00fcber das Rennen in den Fluren gesprochen, hier sollten vermehrt Nachdenkzettel verteilt werden. Au\u00dferdem wurden die oft schlechten Zust\u00e4nde der Toiletten beklagt. Die Sch\u00fclerinnen und Sch\u00fcler w\u00fcnschen sich bei Konflikten mehr Unterst\u00fctzung durch das Kollegium. Die &#8230; <a title=\"SCH\u00dcLERRAT\" class=\"read-more\" href=\"https:\/\/wordpress.nibis.de\/gsholbein\/schuelerrat\/\" aria-label=\"Mehr Informationen \u00fcber SCH\u00dcLERRAT\">Weiterlesen<\/a><\/p>\n","protected":false},"author":605,"featured_media":0,"parent":0,"menu_order":0,"comment_status":"closed","ping_status":"closed","template":"","meta":{"footnotes":""},"class_list":["post-4391","page","type-page","status-publish"],"_links":{"self":[{"href":"https:\/\/wordpress.nibis.de\/gsholbein\/wp-json\/wp\/v2\/pages\/4391","targetHints":{"allow":["GET"]}}],"collection":[{"href":"https:\/\/wordpress.nibis.de\/gsholbein\/wp-json\/wp\/v2\/pages"}],"about":[{"href":"https:\/\/wordpress.nibis.de\/gsholbein\/wp-json\/wp\/v2\/types\/page"}],"author":[{"embeddable":true,"href":"https:\/\/wordpress.nibis.de\/gsholbein\/wp-json\/wp\/v2\/users\/605"}],"replies":[{"embeddable":true,"href":"https:\/\/wordpress.nibis.de\/gsholbein\/wp-json\/wp\/v2\/comments?post=4391"}],"version-history":[{"count":9,"href":"https:\/\/wordpress.nibis.de\/gsholbein\/wp-json\/wp\/v2\/pages\/4391\/revisions"}],"predecessor-version":[{"id":7785,"href":"https:\/\/wordpress.nibis.de\/gsholbein\/wp-json\/wp\/v2\/pages\/4391\/revisions\/7785"}],"wp:attachment":[{"href":"https:\/\/wordpress.nibis.de\/gsholbein\/wp-json\/wp\/v2\/media?parent=4391"}],"curies":[{"name":"wp","href":"https:\/\/api.w.org\/{rel}","templated":true}]}}