{"id":4830,"date":"2019-11-30T07:17:06","date_gmt":"2019-11-30T06:17:06","guid":{"rendered":"https:\/\/wordpress.nibis.de\/gsholbein\/?page_id=4830"},"modified":"2024-10-06T08:37:23","modified_gmt":"2024-10-06T06:37:23","slug":"klassen","status":"publish","type":"page","link":"https:\/\/wordpress.nibis.de\/gsholbein\/klassen\/","title":{"rendered":"KLASSEN"},"content":{"rendered":"\n<p><br><\/p>\n\n\n\n<p><\/p>\n\n\n\n<h2 class=\"wp-block-heading\">Schuljahr 2024\/2025<\/h2>\n\n\n\n<h2 class=\"wp-block-heading\"><\/h2>\n\n\n\n<p><\/p>\n\n\n\n<p>Eingangsstufe rot: Frau Kerstin B\u00e4uning<\/p>\n\n\n\n<p>Eingangsstufe blau: Frau Nina Willers<\/p>\n\n\n\n<p>Eingangsstufe gelb: Frau Sabrina Glei\u00dfner-Wiebe<\/p>\n\n\n\n<p>Eingangsstufe orange: Frau Eske Niemann<\/p>\n\n\n\n<p>Eingangsstufe gr\u00fcn: Herr Tim Albus<\/p>\n\n\n\n<p>Eingangsstufe violett: Frau Inga H\u00fclskamp<\/p>\n\n\n\n<p>Eingangsstufe rosa: Frau Stefanie Weitzel<\/p>\n\n\n\n<p>Eingangsstufe hellblau: Frau Pia Kleinichen<\/p>\n\n\n\n<p><br><\/p>\n\n\n\n<p>Klasse 3a: Frau Ann Kristin Meyer\/Frau Katja J\u00f6llenbeck<\/p>\n\n\n\n<p>Klasse 3b: Frau Merle Weber<\/p>\n\n\n\n<p>Klasse 3c: Frau Stefanie Tonn<\/p>\n\n\n\n<p>KLasse 3d: Frau Laura Piepgras<\/p>\n\n\n\n<p><br><\/p>\n\n\n\n<p><\/p>\n\n\n\n<p>Klasse: 4a: Herr J\u00f6rn Huxhold<\/p>\n\n\n\n<p>Klasse 4b: Frau Kristina H\u00fcmmer<\/p>\n\n\n\n<p>Klasse 4c: Frau Katja J\u00f6llenbeck<\/p>\n\n\n\n<p>Klasse 4d: Frau Karen Helms<br><\/p>\n","protected":false},"excerpt":{"rendered":"<p>Schuljahr 2024\/2025 Eingangsstufe rot: Frau Kerstin B\u00e4uning Eingangsstufe blau: Frau Nina Willers Eingangsstufe gelb: Frau Sabrina Glei\u00dfner-Wiebe Eingangsstufe orange: Frau Eske Niemann Eingangsstufe gr\u00fcn: Herr Tim Albus Eingangsstufe violett: Frau Inga H\u00fclskamp Eingangsstufe rosa: Frau Stefanie Weitzel Eingangsstufe hellblau: Frau Pia Kleinichen Klasse 3a: Frau Ann Kristin Meyer\/Frau Katja J\u00f6llenbeck Klasse 3b: Frau Merle Weber &#8230; <a title=\"KLASSEN\" class=\"read-more\" href=\"https:\/\/wordpress.nibis.de\/gsholbein\/klassen\/\" aria-label=\"Mehr Informationen \u00fcber KLASSEN\">Weiterlesen<\/a><\/p>\n","protected":false},"author":605,"featured_media":0,"parent":0,"menu_order":0,"comment_status":"closed","ping_status":"closed","template":"","meta":{"footnotes":""},"class_list":["post-4830","page","type-page","status-publish"],"_links":{"self":[{"href":"https:\/\/wordpress.nibis.de\/gsholbein\/wp-json\/wp\/v2\/pages\/4830","targetHints":{"allow":["GET"]}}],"collection":[{"href":"https:\/\/wordpress.nibis.de\/gsholbein\/wp-json\/wp\/v2\/pages"}],"about":[{"href":"https:\/\/wordpress.nibis.de\/gsholbein\/wp-json\/wp\/v2\/types\/page"}],"author":[{"embeddable":true,"href":"https:\/\/wordpress.nibis.de\/gsholbein\/wp-json\/wp\/v2\/users\/605"}],"replies":[{"embeddable":true,"href":"https:\/\/wordpress.nibis.de\/gsholbein\/wp-json\/wp\/v2\/comments?post=4830"}],"version-history":[{"count":16,"href":"https:\/\/wordpress.nibis.de\/gsholbein\/wp-json\/wp\/v2\/pages\/4830\/revisions"}],"predecessor-version":[{"id":8114,"href":"https:\/\/wordpress.nibis.de\/gsholbein\/wp-json\/wp\/v2\/pages\/4830\/revisions\/8114"}],"wp:attachment":[{"href":"https:\/\/wordpress.nibis.de\/gsholbein\/wp-json\/wp\/v2\/media?parent=4830"}],"curies":[{"name":"wp","href":"https:\/\/api.w.org\/{rel}","templated":true}]}}