{"id":5182,"date":"2020-07-14T06:58:12","date_gmt":"2020-07-14T04:58:12","guid":{"rendered":"https:\/\/wordpress.nibis.de\/gsholbein\/?page_id=5182"},"modified":"2025-05-25T08:46:34","modified_gmt":"2025-05-25T06:46:34","slug":"einschulung","status":"publish","type":"page","link":"https:\/\/wordpress.nibis.de\/gsholbein\/einschulung\/","title":{"rendered":"EINSCHULUNG &amp; SCHULANFANG"},"content":{"rendered":"\n\n\n<p><br><br><\/p>\n\n\n\n<h2 class=\"has-large-font-size wp-block-heading\">Die Einschulung im kommenden Schuljahr findet am 16. August statt!<\/h2>\n\n\n\n<p><\/p>\n\n\n\n<p>Der erste Elternabend f\u00fcr die neuen Schulanf\u00e4nger hat bereits stattgefunden, alle Eltern hatte die M\u00f6glichkeit, sich umfassend \u00fcber unser System der Eingangsstufe und \u00fcber alle Details des Schulbeginns zu informieren. <\/p>\n\n\n\n<p><\/p>\n\n\n\n<p>Beide Schnuppertage am Vor- und auch am Nachmittag waren ein voller Erfolg. Vielen Dank, dass Sie uns mit Ihren Kindern besucht haben. <\/p>\n\n\n\n<p>Au\u00dferdem haben wir wie in jedem Jahr unser &#8222;Schul-ABC&#8220; verteilt, hier sind die wichtigsten Informationen unserer Schule aufgef\u00fchrt. <\/p>\n\n\n\n<p>Wir freuen uns darauf, am 16. August unsere neuen Kinder zu begr\u00fc\u00dfen. <\/p>\n\n\n\n<p><\/p>\n\n\n\n<p>Herzlichen Gru\u00df<\/p>\n\n\n\n<p>Inke Bajorat<\/p>\n\n\n\n<p>Schulleiterin Holbeinschule Wildeshausen<br><br><\/p>\n\n\n\n<p><\/p>\n\n\n\n\n\n\n\n<p><\/p>\n\n\n\n<p><br><\/p>\n\n\n\n<h2 class=\"wp-block-heading\">Einblick in unser Schulgeb\u00e4ude aus dem Jahr 2021<\/h2>\n\n\n\n<p class=\"has-medium-font-size\">Um den Kindern schon einen kleinen<strong> <\/strong>Einblick in unser Schulgeb\u00e4ude geben zu k\u00f6nnen, klicken Sie einfach auf den Button. <\/p>\n\n\n\n<p><br><\/p>\n\n\n\n<div class=\"wp-block-buttons is-layout-flex wp-block-buttons-is-layout-flex\">\n<div class=\"wp-block-button has-custom-width wp-block-button__width-50 has-custom-font-size is-style-fill has-medium-font-size\"><a class=\"wp-block-button__link has-accent-background-color has-background\" href=\"https:\/\/www.youtube.com\/watch?v=vW6leVJV9OI\" target=\"_blank\" rel=\"noreferrer noopener\">Unsere Schule<\/a><\/div>\n<\/div>\n\n\n\n<p><br><\/p>\n\n\n\n<p><\/p>\n\n\n\n<p><br><\/p>\n\n\n\n<h2 class=\"wp-block-heading\">Erkl\u00e4rungen zur Eingangsstufe aus dem Jahr 2020<\/h2>\n\n\n\n<p class=\"has-medium-font-size\">Die Kollegen der Eingangsstufe haben bereits im letzten Jahr ein Video erstellt, indem schon zahlreiche Elemente der Eingangsstufe erkl\u00e4rt und vorgestellt werden. Auch hier klicken Sie einfach auf den folgenden Link! Viel Spa\u00df beim Anschauen der Videos! <\/p>\n\n\n\n<p><br><\/p>\n\n\n\n<p><\/p>\n\n\n\n<p><a href=\"https:\/\/www.youtube.com\/watch?v=CWLvytbVoC0\" target=\"_blank\" rel=\"noreferrer noopener\">Erkl\u00e4rvideo ES &#8211; YouTube<\/a><\/p>\n\n\n\n\n\n\n\n<p><\/p>\n\n\n\n<p><\/p>\n","protected":false},"excerpt":{"rendered":"<p>Die Einschulung im kommenden Schuljahr findet am 16. August statt! Der erste Elternabend f\u00fcr die neuen Schulanf\u00e4nger hat bereits stattgefunden, alle Eltern hatte die M\u00f6glichkeit, sich umfassend \u00fcber unser System der Eingangsstufe und \u00fcber alle Details des Schulbeginns zu informieren. Beide Schnuppertage am Vor- und auch am Nachmittag waren ein voller Erfolg. Vielen Dank, dass &#8230; <a title=\"EINSCHULUNG &amp; SCHULANFANG\" class=\"read-more\" href=\"https:\/\/wordpress.nibis.de\/gsholbein\/einschulung\/\" aria-label=\"Mehr Informationen \u00fcber EINSCHULUNG &amp; SCHULANFANG\">Weiterlesen<\/a><\/p>\n","protected":false},"author":605,"featured_media":0,"parent":0,"menu_order":0,"comment_status":"closed","ping_status":"closed","template":"","meta":{"footnotes":""},"class_list":["post-5182","page","type-page","status-publish"],"_links":{"self":[{"href":"https:\/\/wordpress.nibis.de\/gsholbein\/wp-json\/wp\/v2\/pages\/5182","targetHints":{"allow":["GET"]}}],"collection":[{"href":"https:\/\/wordpress.nibis.de\/gsholbein\/wp-json\/wp\/v2\/pages"}],"about":[{"href":"https:\/\/wordpress.nibis.de\/gsholbein\/wp-json\/wp\/v2\/types\/page"}],"author":[{"embeddable":true,"href":"https:\/\/wordpress.nibis.de\/gsholbein\/wp-json\/wp\/v2\/users\/605"}],"replies":[{"embeddable":true,"href":"https:\/\/wordpress.nibis.de\/gsholbein\/wp-json\/wp\/v2\/comments?post=5182"}],"version-history":[{"count":103,"href":"https:\/\/wordpress.nibis.de\/gsholbein\/wp-json\/wp\/v2\/pages\/5182\/revisions"}],"predecessor-version":[{"id":8502,"href":"https:\/\/wordpress.nibis.de\/gsholbein\/wp-json\/wp\/v2\/pages\/5182\/revisions\/8502"}],"wp:attachment":[{"href":"https:\/\/wordpress.nibis.de\/gsholbein\/wp-json\/wp\/v2\/media?parent=5182"}],"curies":[{"name":"wp","href":"https:\/\/api.w.org\/{rel}","templated":true}]}}