{"id":5793,"date":"2021-02-07T08:43:05","date_gmt":"2021-02-07T07:43:05","guid":{"rendered":"https:\/\/wordpress.nibis.de\/gsholbein\/?page_id=5793"},"modified":"2026-03-13T07:29:20","modified_gmt":"2026-03-13T06:29:20","slug":"informationen-klasse-5","status":"publish","type":"page","link":"https:\/\/wordpress.nibis.de\/gsholbein\/informationen-klasse-5\/","title":{"rendered":"INFORMATIONEN KLASSE 5"},"content":{"rendered":"\n<h2>Liebe Eltern,&nbsp;<\/h2>\n<h3>die Anmeldeunterlagen f\u00fcr die weiterf\u00fchrenden Schulen bekommen Sie von uns \u00fcber die Postmappe Ihres Kindes.&nbsp;<\/h3>\n<h3>Die Hauptschule, die Realschule und das Gymnasium bereiten f\u00fcr uns Anmeldepakete vor, die wir an Ihre Kinder weitergeben.&nbsp;<\/h3>\n<h3>Sie f\u00fcllen alle Unterlagen aus und bringen die Unterlagen eigenst\u00e4ndig an die entsprechende weiterf\u00fchrende Schule.<\/h3>\n<p>&nbsp;<\/p>\n<h3>Die Anmeldezeitr\u00e4ume in diesem Jahr f\u00fcr das Schuljahr 26\/27 sind vom 11.05. &#8211; 22.05.2026!&nbsp;<\/h3>\n\n\n\n\n\n\n\n<div class=\"wp-block-media-text is-stacked-on-mobile\"><figure class=\"wp-block-media-text__media\"><\/figure><div class=\"wp-block-media-text__content\">\n<p><\/p>\n<\/div><\/div>\n\n\n\n<p>Tag der offenen T\u00fcr:\u00a0<\/p>\n<p>Hauptschule Wildeshausen:\u00a0 \u00a0 \u00a0 \u00a009.05.2026 von 12.00-15.00 Uhr<\/p>\n<p>Realschule Wildeshausen: \u00a0 \u00a0 \u00a0 \u00a0 29.04.2026 von 14.00 &#8211; 17.00 Uhr<\/p>\n<p>Gymnasium Wildeshausen:\u00a0 \u00a0 \u00a0 \u00a0 18.03.2026 von 15.30-17.30 Uhr<\/p>\n<p>Oberschule Harpstedt:\u00a0 \u00a0 \u00a0 \u00a0 \u00a0 \u00a0 \u00a0 24.04.2026 von 14.00- 17.00 Uhr\u00a0\u00a0<\/p>\n\n\n","protected":false},"excerpt":{"rendered":"<p>Liebe Eltern,&nbsp; die Anmeldeunterlagen f\u00fcr die weiterf\u00fchrenden Schulen bekommen Sie von uns \u00fcber die Postmappe Ihres Kindes.&nbsp; Die Hauptschule, die Realschule und das Gymnasium bereiten f\u00fcr uns Anmeldepakete vor, die wir an Ihre Kinder weitergeben.&nbsp; Sie f\u00fcllen alle Unterlagen aus und bringen die Unterlagen eigenst\u00e4ndig an die entsprechende weiterf\u00fchrende Schule. &nbsp; Die Anmeldezeitr\u00e4ume in diesem &#8230; <a title=\"INFORMATIONEN KLASSE 5\" class=\"read-more\" href=\"https:\/\/wordpress.nibis.de\/gsholbein\/informationen-klasse-5\/\" aria-label=\"Mehr Informationen \u00fcber INFORMATIONEN KLASSE 5\">Weiterlesen<\/a><\/p>\n","protected":false},"author":605,"featured_media":0,"parent":0,"menu_order":0,"comment_status":"closed","ping_status":"closed","template":"","meta":{"footnotes":""},"class_list":["post-5793","page","type-page","status-publish"],"_links":{"self":[{"href":"https:\/\/wordpress.nibis.de\/gsholbein\/wp-json\/wp\/v2\/pages\/5793","targetHints":{"allow":["GET"]}}],"collection":[{"href":"https:\/\/wordpress.nibis.de\/gsholbein\/wp-json\/wp\/v2\/pages"}],"about":[{"href":"https:\/\/wordpress.nibis.de\/gsholbein\/wp-json\/wp\/v2\/types\/page"}],"author":[{"embeddable":true,"href":"https:\/\/wordpress.nibis.de\/gsholbein\/wp-json\/wp\/v2\/users\/605"}],"replies":[{"embeddable":true,"href":"https:\/\/wordpress.nibis.de\/gsholbein\/wp-json\/wp\/v2\/comments?post=5793"}],"version-history":[{"count":37,"href":"https:\/\/wordpress.nibis.de\/gsholbein\/wp-json\/wp\/v2\/pages\/5793\/revisions"}],"predecessor-version":[{"id":8960,"href":"https:\/\/wordpress.nibis.de\/gsholbein\/wp-json\/wp\/v2\/pages\/5793\/revisions\/8960"}],"wp:attachment":[{"href":"https:\/\/wordpress.nibis.de\/gsholbein\/wp-json\/wp\/v2\/media?parent=5793"}],"curies":[{"name":"wp","href":"https:\/\/api.w.org\/{rel}","templated":true}]}}