{"id":6192,"date":"2021-08-02T13:03:05","date_gmt":"2021-08-02T11:03:05","guid":{"rendered":"https:\/\/wordpress.nibis.de\/gsholbein\/?page_id=6192"},"modified":"2021-08-03T08:08:45","modified_gmt":"2021-08-03T06:08:45","slug":"archiv","status":"publish","type":"page","link":"https:\/\/wordpress.nibis.de\/gsholbein\/archiv\/","title":{"rendered":"ARCHIV"},"content":{"rendered":"\n\n<table id=\"tablepress-13\" class=\"tablepress tablepress-id-13\">\n<tbody class=\"row-striping\">\n<tr class=\"row-1\">\n\t<td class=\"column-1\"><\/td><td class=\"column-2\"><\/td><td class=\"column-3\">Elternbrief 14.08.2020<\/td><td class=\"column-4\"><a href=\"https:\/\/wordpress.nibis.de\/gsholbein\/files\/2020\/08\/Elternbrief-14.08.2020-1.pdf\">DOWNLOAD<\/a><\/td>\n<\/tr>\n<tr class=\"row-2\">\n\t<td class=\"column-1\"><\/td><td class=\"column-2\"><\/td><td class=\"column-3\">Rahmenhygieneplan der Holbeinschule, August 2020<\/td><td class=\"column-4\"><a href=\"https:\/\/wordpress.nibis.de\/gsholbein\/files\/2020\/09\/Hygieneplan-HBS-08.20.pdf\">DOWNLOAD<\/a><\/td>\n<\/tr>\n<tr class=\"row-3\">\n\t<td class=\"column-1\"><\/td><td class=\"column-2\"><\/td><td class=\"column-3\">Elternbrief des Ministers <br \/>\n05.01.2021<\/td><td class=\"column-4\"><a href=\"https:\/\/wordpress.nibis.de\/gsholbein\/files\/2021\/01\/2021-01-05_Brief_an_Eltern.pdf\">DOWNLOAD<\/a><\/td>\n<\/tr>\n<tr class=\"row-4\">\n\t<td class=\"column-1\"><\/td><td class=\"column-2\"><\/td><td class=\"column-3\">Elternbrief des Ministers<br \/>\neinfache Sprache <br \/>\n05.01.2021<\/td><td class=\"column-4\"><a href=\"https:\/\/wordpress.nibis.de\/gsholbein\/files\/2021\/01\/2021-01-05_Brief_an_Eltern_einfach.pdf\">DOWNLOAD<\/a><\/td>\n<\/tr>\n<tr class=\"row-5\">\n\t<td class=\"column-1\"><\/td><td class=\"column-2\"><\/td><td class=\"column-3\">2. Terminbrief der Holbeinschule<\/td><td class=\"column-4\"><a href=\"https:\/\/wordpress.nibis.de\/gsholbein\/files\/2021\/01\/2.-Elternbrief-Termine.pdf\">DOWNLOAD<\/a><\/td>\n<\/tr>\n<tr class=\"row-6\">\n\t<td class=\"column-1\"><\/td><td class=\"column-2\"><\/td><td class=\"column-3\">Elternbrief des Ministers<br \/>\n20.01.2021<\/td><td class=\"column-4\"><a href=\"https:\/\/wordpress.nibis.de\/gsholbein\/files\/2021\/01\/2021-01-20_Brief_an_Eltern.pdf\">DOWNLOAD<\/a><\/td>\n<\/tr>\n<tr class=\"row-7\">\n\t<td class=\"column-1\"><\/td><td class=\"column-2\"><\/td><td class=\"column-3\">Elternbrief des Ministers, verk\u00fcrzt<br \/>\n20.01.2021<br \/>\n<\/td><td class=\"column-4\"><a href=\"https:\/\/wordpress.nibis.de\/gsholbein\/files\/2021\/01\/2021-01-20_Brief_an_Eltern_verk_rzt.pdf\">DOWNLOAD<\/a><\/td>\n<\/tr>\n<tr class=\"row-8\">\n\t<td class=\"column-1\"><\/td><td class=\"column-2\"><\/td><td class=\"column-3\">Formular zur Befreiung vom Pr\u00e4senzunterricht bis zum 14.02. <\/td><td class=\"column-4\"><a href=\"https:\/\/wordpress.nibis.de\/gsholbein\/files\/2021\/01\/2021-01-20_Antrag_Pr_senzpflicht-5.docx\">DOWNLOAD<\/a><\/td>\n<\/tr>\n<tr class=\"row-9\">\n\t<td class=\"column-1\"><\/td><td class=\"column-2\"><\/td><td class=\"column-3\">Elternbrief des Ministers<br \/>\n11.02.2021<\/td><td class=\"column-4\"><a href=\"https:\/\/wordpress.nibis.de\/gsholbein\/files\/2021\/02\/2021-02-11_Brief_an_Eltern.pdf\">DOWNLOAD<\/a><\/td>\n<\/tr>\n<tr class=\"row-10\">\n\t<td class=\"column-1\"><\/td><td class=\"column-2\"><\/td><td class=\"column-3\">Elternbrief des Ministers verk\u00fcrzt<br \/>\n11.02.2021<\/td><td class=\"column-4\"><a href=\"https:\/\/wordpress.nibis.de\/gsholbein\/files\/2021\/02\/2021-02-11_Brief_an_Eltern_und_Erziehungsberechtigte_verk_rzt.pdf\">DOWNLOAD<\/td>\n<\/tr>\n<tr class=\"row-11\">\n\t<td class=\"column-1\"><\/td><td class=\"column-2\"><\/td><td class=\"column-3\">Elternbrief<br \/>\n12.02.2021<\/td><td class=\"column-4\"><a href=\"https:\/\/wordpress.nibis.de\/gsholbein\/files\/2021\/02\/Elternbrief-12.02.2021.pdf\">DOWNLOAD<\/a><\/td>\n<\/tr>\n<tr class=\"row-12\">\n\t<td class=\"column-1\"><\/td><td class=\"column-2\"><\/td><td class=\"column-3\">10-Punkte-Agenda<\/td><td class=\"column-4\"><a href=\"https:\/\/wordpress.nibis.de\/gsholbein\/files\/2021\/02\/10-Punkte_Agenda_Bildung_Betreuung_und_Zukunftschancen_in_der_Pandemie_sichern.pdf\">DOWNLOAD<\/a><\/td>\n<\/tr>\n<tr class=\"row-13\">\n\t<td class=\"column-1\"><\/td><td class=\"column-2\"><\/td><td class=\"column-3\">Pressemitteilung<\/td><td class=\"column-4\"><a href=\"https:\/\/wordpress.nibis.de\/gsholbein\/files\/2021\/02\/Pressemitteilung.pdf\">DOWNLOAD<\/a><\/td>\n<\/tr>\n<tr class=\"row-14\">\n\t<td class=\"column-1\"><\/td><td class=\"column-2\"><\/td><td class=\"column-3\">Pressemitteilung<br \/>\n24.02.2021<\/td><td class=\"column-4\"><a href=\"https:\/\/wordpress.nibis.de\/gsholbein\/files\/2021\/02\/023_Perspektivplanung_f_r_Kita_und_Schule_im_M_rz.pdf\">DOWNLOAD<\/a><\/td>\n<\/tr>\n<tr class=\"row-15\">\n\t<td class=\"column-1\"><\/td><td class=\"column-2\"><\/td><td class=\"column-3\">Elternbrief des Ministers<br \/>\n04.03.2021<\/td><td class=\"column-4\"><a href=\"https:\/\/wordpress.nibis.de\/gsholbein\/files\/2021\/03\/2021-03-04_Brief_an_Eltern.pdf\">DOWNLOAD<\/a><\/td>\n<\/tr>\n<tr class=\"row-16\">\n\t<td class=\"column-1\"><\/td><td class=\"column-2\"><\/td><td class=\"column-3\">Elternbrief des Ministers<br \/>\n04.03.2021<br \/>\nverk\u00fcrzt<\/td><td class=\"column-4\"><a href=\"https:\/\/wordpress.nibis.de\/gsholbein\/files\/2021\/03\/2021-03-04_Brief_an_Eltern_einfach.pdf\">DOWNLOAD<\/a><\/td>\n<\/tr>\n<tr class=\"row-17\">\n\t<td class=\"column-1\"><\/td><td class=\"column-2\"><\/td><td class=\"column-3\">Elternbrief vom 17.03.2021<\/td><td class=\"column-4\"><a href=\"https:\/\/wordpress.nibis.de\/gsholbein\/files\/2021\/03\/Elternbrief-17.03.2021.pdf\"> DOWNLOAD<\/a><\/td>\n<\/tr>\n<tr class=\"row-18\">\n\t<td class=\"column-1\"><\/td><td class=\"column-2\"><\/td><td class=\"column-3\">Elterninfo - GS- Laientest<\/td><td class=\"column-4\"><a href=\"https:\/\/wordpress.nibis.de\/gsholbein\/files\/2021\/03\/Elterninfo-GS-Corona-Laientests__.docx\">DOWNLOAD<\/a><\/td>\n<\/tr>\n<tr class=\"row-19\">\n\t<td class=\"column-1\"><\/td><td class=\"column-2\"><\/td><td class=\"column-3\">Corona Selbsttestung<br \/>\nInformation f\u00fcr Eltern<\/td><td class=\"column-4\"><a href=\"https:\/\/wordpress.nibis.de\/gsholbein\/files\/2021\/03\/F_Anlage_Informationen_f\u00fcr_Erziehungsberechtigte_2021-03-16.docx\">DOWNLOAD<\/a><\/td>\n<\/tr>\n<tr class=\"row-20\">\n\t<td class=\"column-1\"><\/td><td class=\"column-2\"><\/td><td class=\"column-3\">Einwilligung f\u00fcr Selbsttests im Zuhause<\/td><td class=\"column-4\"><a href=\"https:\/\/wordpress.nibis.de\/gsholbein\/files\/2021\/03\/Anlage-Grundschule-_Einwilligungserkl\u00e4rung-Erziehungsberechtigte.docx\">DOWNLOAD<\/a><\/td>\n<\/tr>\n<tr class=\"row-21\">\n\t<td class=\"column-1\"><\/td><td class=\"column-2\"><\/td><td class=\"column-3\">Einwilligung f\u00fcr Selbsttests in der Schule<\/td><td class=\"column-4\"><a href=\"https:\/\/wordpress.nibis.de\/gsholbein\/files\/2021\/03\/I_Anlage_Einverst\u00e4ndniserkl\u00e4rung_der_Erziehungsberechtigten_2021-03-16.docx\">DOWNLOAD<\/a><\/td>\n<\/tr>\n<tr class=\"row-22\">\n\t<td class=\"column-1\"><\/td><td class=\"column-2\"><\/td><td class=\"column-3\">Information zur Anwendung des Selbsttests<\/td><td class=\"column-4\"><a href=\"https:\/\/wordpress.nibis.de\/gsholbein\/files\/2021\/03\/C_Anlage_Information_zur_Anwendung_der_Selbsttests_2021-03-16.docx\">DOWNLOAD<\/a><\/td>\n<\/tr>\n<tr class=\"row-23\">\n\t<td class=\"column-1\"><\/td><td class=\"column-2\"><\/td><td class=\"column-3\">Elterbrief des Ministers<br \/>\n24.03.2021<\/td><td class=\"column-4\"><a href=\"https:\/\/wordpress.nibis.de\/gsholbein\/files\/2021\/03\/2021-03-24_Brief_an_Eltern.pdf\">DOWNLOAD<\/a><\/td>\n<\/tr>\n<tr class=\"row-24\">\n\t<td class=\"column-1\"><\/td><td class=\"column-2\"><\/td><td class=\"column-3\">Elternbrief des Ministers <br \/>\nverk\u00fcrzte Form <br \/>\n24.03.2021<\/td><td class=\"column-4\"><a href=\"https:\/\/wordpress.nibis.de\/gsholbein\/files\/2021\/03\/2021-03-24_Brief_an_Eltern_einfach.pdf\">DOWNLOAD<\/a><\/td>\n<\/tr>\n<tr class=\"row-25\">\n\t<td class=\"column-1\"><\/td><td class=\"column-2\"><\/td><td class=\"column-3\">Brief des Ministers an die Sch\u00fcler<\/td><td class=\"column-4\"><a href=\"https:\/\/wordpress.nibis.de\/gsholbein\/files\/2021\/03\/2021-03-24_Brief_an_SuS_GS_F_S.pdf\">DOWNLOAD<\/a><\/td>\n<\/tr>\n<tr class=\"row-26\">\n\t<td class=\"column-1\"><\/td><td class=\"column-2\"><\/td><td class=\"column-3\">Elternbrief vom 26.03.2021<\/td><td class=\"column-4\"><a href=\"https:\/\/wordpress.nibis.de\/gsholbein\/files\/2021\/03\/Elternbrief-26.03.2021.pdf\">DOWNLOAD<\/a><\/td>\n<\/tr>\n<tr class=\"row-27\">\n\t<td class=\"column-1\"><\/td><td class=\"column-2\"><\/td><td class=\"column-3\">Elternbrief<br \/>\n01.04.2021<\/td><td class=\"column-4\"><a href=\"https:\/\/wordpress.nibis.de\/gsholbein\/files\/2021\/04\/Elternbrief-01.04.2021.pdf\">DOWNLOAD<\/a><\/td>\n<\/tr>\n<tr class=\"row-28\">\n\t<td class=\"column-1\"><\/td><td class=\"column-2\"><\/td><td class=\"column-3\">Brief des Ministers<br \/>\n01.04.2021<\/td><td class=\"column-4\"><a href=\"https:\/\/wordpress.nibis.de\/gsholbein\/files\/2021\/04\/2021-04-01_Brief_an_Eltern.pdf\">DOWNLOAD<\/a><\/td>\n<\/tr>\n<tr class=\"row-29\">\n\t<td class=\"column-1\"><\/td><td class=\"column-2\"><\/td><td class=\"column-3\">Brief des Ministers<br \/>\n01.04.2021<br \/>\neinfache Version<\/td><td class=\"column-4\"><a href=\"https:\/\/wordpress.nibis.de\/gsholbein\/files\/2021\/04\/2021-04-01_Brief_an_Eltern_einfach.pdf\">DOWNLOAD<\/a><\/td>\n<\/tr>\n<tr class=\"row-30\">\n\t<td class=\"column-1\"><\/td><td class=\"column-2\"><\/td><td class=\"column-3\">Formular: Befreiung der Pr\u00e4senzpflicht<\/td><td class=\"column-4\"><a href=\"https:\/\/wordpress.nibis.de\/gsholbein\/files\/2021\/04\/2021-03-31_-_Formular_Befreiung_von_der_Pr_senzpflicht.pdf\">DOWNLOAD<\/a><\/td>\n<\/tr>\n<tr class=\"row-31\">\n\t<td class=\"column-1\"><\/td><td class=\"column-2\"><\/td><td class=\"column-3\">Testpflicht-Elterninfo<\/td><td class=\"column-4\"><a href=\"https:\/\/wordpress.nibis.de\/gsholbein\/files\/2021\/04\/Testpflicht_Elterninfo.pdf\">DOWNLOAD<\/a><\/td>\n<\/tr>\n<tr class=\"row-32\">\n\t<td class=\"column-1\"><\/td><td class=\"column-2\"><\/td><td class=\"column-3\">Testpflicht-Elterninfo<br \/>\neinfache Version<\/td><td class=\"column-4\"><a href=\"https:\/\/wordpress.nibis.de\/gsholbein\/files\/2021\/04\/Testpflicht_Elterninfo_einfach.pdf\">DOWNLOAD<\/a><\/td>\n<\/tr>\n<tr class=\"row-33\">\n\t<td class=\"column-1\"><\/td><td class=\"column-2\"><\/td><td class=\"column-3\">Brief an Sch\u00fcler und Sch\u00fclerinnen<\/td><td class=\"column-4\"><a href=\"https:\/\/wordpress.nibis.de\/gsholbein\/files\/2021\/04\/2021-04-01_Brief_an_SuS_GS_F_S.pdf\">DOWNLOAD<\/a><\/td>\n<\/tr>\n<tr class=\"row-34\">\n\t<td class=\"column-1\"><\/td><td class=\"column-2\"><\/td><td class=\"column-3\">R\u00fcckl\u00e4ufer f\u00fcr das Testergebnis der Holbeinschule<\/td><td class=\"column-4\"><a href=\"https:\/\/wordpress.nibis.de\/gsholbein\/files\/2021\/04\/Testergebnis-an-Holbeinschule.pdf\">DOWNLOAD<\/a><\/td>\n<\/tr>\n<tr class=\"row-35\">\n\t<td class=\"column-1\"><\/td><td class=\"column-2\"><\/td><td class=\"column-3\">Elternbrief<br \/>\n10.04.2021<\/td><td class=\"column-4\"><a href=\"https:\/\/wordpress.nibis.de\/gsholbein\/files\/2021\/04\/Elternbrief-09.04.2021.pdf\">DOWNLOAD<\/a><\/td>\n<\/tr>\n<tr class=\"row-36\">\n\t<td class=\"column-1\"><\/td><td class=\"column-2\"><\/td><td class=\"column-3\">Brief des Ministers<br \/>\n22.04.2021<\/td><td class=\"column-4\"><a href=\"https:\/\/wordpress.nibis.de\/gsholbein\/files\/2021\/04\/2021-04-22_Brief_an_Eltern.pdf\">DOWNLOAD<\/a><\/td>\n<\/tr>\n<tr class=\"row-37\">\n\t<td class=\"column-1\"><\/td><td class=\"column-2\"><\/td><td class=\"column-3\">Brief des Ministers<br \/>\neinfach<br \/>\n22.04.2021<\/td><td class=\"column-4\"><a href=\"https:\/\/wordpress.nibis.de\/gsholbein\/files\/2021\/04\/2021-04-22_Brief_an_Eltern_einfach.pdf\">DOWNLOAD<\/a><\/td>\n<\/tr>\n<tr class=\"row-38\">\n\t<td class=\"column-1\"><\/td><td class=\"column-2\"><\/td><td class=\"column-3\">Brief des Ministers<br \/>\n04.05.2021<\/td><td class=\"column-4\"><a href=\"https:\/\/wordpress.nibis.de\/gsholbein\/files\/2021\/05\/2021-05-04_Brief_an_Eltern.pdf\">DOWNLOAD<\/a><\/td>\n<\/tr>\n<tr class=\"row-39\">\n\t<td class=\"column-1\"><\/td><td class=\"column-2\"><\/td><td class=\"column-3\">Brief des Ministers einfach<br \/>\n04.05.2021<\/td><td class=\"column-4\"><a href=\"https:\/\/wordpress.nibis.de\/gsholbein\/files\/2021\/05\/2021-05-04_Brief_an_Eltern_einfach.pdf\">DOWNLOAD<\/a><\/td>\n<\/tr>\n<tr class=\"row-40\">\n\t<td class=\"column-1\"><\/td><td class=\"column-2\"><\/td><td class=\"column-3\"><\/td><td class=\"column-4\"><\/td>\n<\/tr>\n<tr class=\"row-41\">\n\t<td class=\"column-1\"><\/td><td class=\"column-2\"><\/td><td class=\"column-3\">Brief des Ministers<br \/>\n21.02.2021<\/td><td class=\"column-4\"><a href=\"https:\/\/wordpress.nibis.de\/gsholbein\/files\/2021\/05\/2021-05-21_Brief_an_Eltern.pdf\">DOWNLOAD<\/a><\/td>\n<\/tr>\n<tr class=\"row-42\">\n\t<td class=\"column-1\"><\/td><td class=\"column-2\"><\/td><td class=\"column-3\">Brief des Ministers<br \/>\neinfache Sprache<br \/>\n21.05.2021<\/td><td class=\"column-4\"><a href=\"https:\/\/wordpress.nibis.de\/gsholbein\/files\/2021\/05\/2021-05-21_Brief_an_Eltern_einfach.pdf\">DOWNLOAD<\/a><\/td>\n<\/tr>\n<tr class=\"row-43\">\n\t<td class=\"column-1\"><\/td><td class=\"column-2\"><\/td><td class=\"column-3\">Sch\u00fclerbrief des Ministers<\/td><td class=\"column-4\"><a href=\"https:\/\/wordpress.nibis.de\/gsholbein\/files\/2021\/05\/2021-05-21_Brief_an_SuS_GS_F_S.pdf\">DOWNLOAD<\/a><\/td>\n<\/tr>\n<tr class=\"row-44\">\n\t<td class=\"column-1\"><\/td><td class=\"column-2\"><\/td><td class=\"column-3\">\u00dcbersicht der Regelungen f\u00fcr die Schulen in Niedersachsen ab 31.05.2021<\/td><td class=\"column-4\"><a href=\"https:\/\/wordpress.nibis.de\/gsholbein\/files\/2021\/05\/stufenplan-kultusministerium-2_0.pdf\">DOWNLOAD<\/a><\/td>\n<\/tr>\n<tr class=\"row-45\">\n\t<td class=\"column-1\"><\/td><td class=\"column-2\"><\/td><td class=\"column-3\">Elternbrief <\/td><td class=\"column-4\"><a href=\"https:\/\/wordpress.nibis.de\/gsholbein\/files\/2021\/05\/Elternbrief-21.05.2021.pdf\">DOWNLOAD<\/a><\/td>\n<\/tr>\n<tr class=\"row-46\">\n\t<td class=\"column-1\"><\/td><td class=\"column-2\"><\/td><td class=\"column-3\">Schaubild, neue Verordnungen zum 02.11.2020<\/td><td class=\"column-4\"><a href=\"https:\/\/wordpress.nibis.de\/gsholbein\/files\/2020\/10\/2020-10-30_Schaubild_Regelungen_f_r_Schulen_neue_VO.pdf\">DOWNLOAD<\/a><\/td>\n<\/tr>\n<tr class=\"row-47\">\n\t<td class=\"column-1\"><\/td><td class=\"column-2\"><\/td><td class=\"column-3\">Elternbrief<\/td><td class=\"column-4\"><a href=\"https:\/\/wordpress.nibis.de\/gsholbein\/files\/2021\/05\/Elternbrief-21.05.2021.pdf\">DOWNLOAD<\/a><\/td>\n<\/tr>\n<tr class=\"row-48\">\n\t<td class=\"column-1\"><\/td><td class=\"column-2\"><\/td><td class=\"column-3\">Brief des Ministers<br \/>\n22.06.2021<\/td><td class=\"column-4\"><a href=\"https:\/\/wordpress.nibis.de\/gsholbein\/files\/2021\/06\/2021-06-22_Brief_an_Eltern.pdf\">DOWNLOAD<\/a><\/td>\n<\/tr>\n<tr class=\"row-49\">\n\t<td class=\"column-1\"><\/td><td class=\"column-2\"><\/td><td class=\"column-3\">Brief des Ministers<br \/>\neinfach<br \/>\n22.06.2021<\/td><td class=\"column-4\"><a href=\"https:\/\/wordpress.nibis.de\/gsholbein\/files\/2021\/06\/2021-06-22_Brief_an_Eltern_einfach.pdf\">DOWNLOAD<\/a><\/td>\n<\/tr>\n<tr class=\"row-50\">\n\t<td class=\"column-1\"><\/td><td class=\"column-2\"><\/td><td class=\"column-3\">Elternbrief<br \/>\n17.07.2021<\/td><td class=\"column-4\"><a href=\"https:\/\/wordpress.nibis.de\/gsholbein\/files\/2021\/08\/Sommerferienbrief.pdf\">DOWNLOAD<\/a><\/td>\n<\/tr>\n<tr class=\"row-51\">\n\t<td class=\"column-1\"><\/td><td class=\"column-2\"><\/td><td class=\"column-3\">Elternbrief I<br \/>\n28.08.2021<\/td><td class=\"column-4\"><a href=\"https:\/\/wordpress.nibis.de\/gsholbein\/files\/2021\/08\/Elternbrief-I-28.08.pdf\">DOWNLOAD<\/a><\/td>\n<\/tr>\n<tr class=\"row-52\">\n\t<td class=\"column-1\"><\/td><td class=\"column-2\"><\/td><td class=\"column-3\">Brief des Ministers<br \/>\n24.08.2021<\/td><td class=\"column-4\"><a href=\"https:\/\/wordpress.nibis.de\/gsholbein\/files\/2021\/08\/2021-08-24_Brief_an_Eltern_und_Erziehungsberechtigte.pdf\">DOWNLOAD<\/a><\/td>\n<\/tr>\n<tr class=\"row-53\">\n\t<td class=\"column-1\"><\/td><td class=\"column-2\"><\/td><td class=\"column-3\">Infopaket Schulstart<br \/>\nNds. Kultusminist.<br \/>\n24.08.2021<\/td><td class=\"column-4\"><a href=\"https:\/\/wordpress.nibis.de\/gsholbein\/files\/2021\/08\/2021-08-24_Infopaket_Schulstart.pdf\">DOWNLOAD<\/a><\/td>\n<\/tr>\n<tr class=\"row-54\">\n\t<td class=\"column-1\"><\/td><td class=\"column-2\"><\/td><td class=\"column-3\">Formular zur Befreiung des Pr\u00e4senzunterrichts<\/td><td class=\"column-4\"><a href=\"https:\/\/wordpress.nibis.de\/gsholbein\/files\/2021\/08\/2021-08-26_Anlage_zu_Rundverf_gung_22-2021-Formular_-_Antrag_auf_Befreiung_vom_Pr_senzunterricht_im_H_rtefall_f_r_Sch_lerinnen_und_Sch_ler.pdf\">DOWNLOAD<\/a><\/td>\n<\/tr>\n<tr class=\"row-55\">\n\t<td class=\"column-1\"><\/td><td class=\"column-2\"><\/td><td class=\"column-3\">Brief des Ministers<br \/>\n01.09.2021<\/td><td class=\"column-4\"><a href=\"https:\/\/wordpress.nibis.de\/gsholbein\/files\/2021\/09\/2021-09-01_Brief_an_Eltern.pdf\">DOWNLOAD<\/a><\/td>\n<\/tr>\n<tr class=\"row-56\">\n\t<td class=\"column-1\"><\/td><td class=\"column-2\"><\/td><td class=\"column-3\">Brief des Minsters<br \/>\n01.09.2021<br \/>\nverk\u00fcrzte Form<\/td><td class=\"column-4\"><a href=\"https:\/\/wordpress.nibis.de\/gsholbein\/files\/2021\/09\/2021-09-01_Brief_an_Eltern.pdf\">DOWNLOAD<\/a><\/td>\n<\/tr>\n<tr class=\"row-57\">\n\t<td class=\"column-1\"><\/td><td class=\"column-2\"><\/td><td class=\"column-3\">Brief des Minsters<br \/>\n01.09.2021<br \/>\nverk\u00fcrzte Form<\/td><td class=\"column-4\"><a href=\"https:\/\/wordpress.nibis.de\/gsholbein\/files\/2021\/09\/2021-09-01_Brief_an_Eltern_gek_rzt.pdf\">DOWNLOAD<\/a><\/td>\n<\/tr>\n<tr class=\"row-58\">\n\t<td class=\"column-1\"><\/td><td class=\"column-2\"><\/td><td class=\"column-3\">Brief des Minsters<br \/>\n01.09.2021<br \/>\nverk\u00fcrzte Form<\/td><td class=\"column-4\"><a href=\"https:\/\/wordpress.nibis.de\/gsholbein\/files\/2021\/09\/2021-09-01_Brief_an_Eltern_gek_rzt.pdf\">DOWNLOAD<\/a><\/td>\n<\/tr>\n<tr class=\"row-59\">\n\t<td class=\"column-1\"><\/td><td class=\"column-2\"><\/td><td class=\"column-3\">Brief des Ministers<br \/>\n21.09.2021<\/td><td class=\"column-4\"><a href=\"https:\/\/wordpress.nibis.de\/gsholbein\/files\/2021\/09\/2021-09-21_Brief_an_Eltern.pdf\">DOWNLOAD<\/a><\/td>\n<\/tr>\n<tr class=\"row-60\">\n\t<td class=\"column-1\"><\/td><td class=\"column-2\"><\/td><td class=\"column-3\">Brief des Ministers verk\u00fcrzt<br \/>\n21.09.2021<\/td><td class=\"column-4\"><a href=\"https:\/\/wordpress.nibis.de\/gsholbein\/files\/2021\/09\/2021-09-21_Brief_an_Eltern_gek_rzt.pdf\">DOWNLOAD<\/a><\/td>\n<\/tr>\n<tr class=\"row-61\">\n\t<td class=\"column-1\"><\/td><td class=\"column-2\"><\/td><td class=\"column-3\">Antrag Befreiung vom Pr\u00e4senzunterricht<\/td><td class=\"column-4\"><a href=\"https:\/\/wordpress.nibis.de\/gsholbein\/files\/2021\/10\/Befreiung-Praesenzunterricht.pdf\">DOWNLOAD<\/a><\/td>\n<\/tr>\n<tr class=\"row-62\">\n\t<td class=\"column-1\"><\/td><td class=\"column-2\"><\/td><td class=\"column-3\">Elternbrief 30.10.2021<\/td><td class=\"column-4\"><a href=\"https:\/\/wordpress.nibis.de\/gsholbein\/files\/2021\/10\/Elternbrief-30.10.2021.pdf\">DOWNLOAD<\/a><\/td>\n<\/tr>\n<tr class=\"row-63\">\n\t<td class=\"column-1\"><\/td><td class=\"column-2\"><\/td><td class=\"column-3\">Brief des Ministers<br \/>\n23.11.2021<\/td><td class=\"column-4\"><a href=\"https:\/\/wordpress.nibis.de\/gsholbein\/files\/2021\/11\/2021-11-23_Brief_an_Eltern.pdf\">DOWNLOAD<\/a><\/td>\n<\/tr>\n<tr class=\"row-64\">\n\t<td class=\"column-1\"><\/td><td class=\"column-2\"><\/td><td class=\"column-3\"><a href=\"https:\/\/wordpress.nibis.de\/gsholbein\/files\/2021\/11\/2021-11-23_Brief_an_Eltern.pdf\">DOWNLOAD<\/a><\/td><td class=\"column-4\"><a href=\"https:\/\/wordpress.nibis.de\/gsholbein\/files\/2021\/11\/2021-11-23_Brief_an_Eltern_gek_rzt.pdf\">DOWNLOAD<\/a><\/td>\n<\/tr>\n<tr class=\"row-65\">\n\t<td class=\"column-1\"><\/td><td class=\"column-2\"><\/td><td class=\"column-3\">Brief des Ministers<br \/>\n10.12.2021<\/td><td class=\"column-4\"><a href=\"https:\/\/wordpress.nibis.de\/gsholbein\/files\/2021\/12\/2021-12-10_Brief_an_Eltern.pdf\">DOWNLOAD<\/a><\/td>\n<\/tr>\n<tr class=\"row-66\">\n\t<td class=\"column-1\"><\/td><td class=\"column-2\"><\/td><td class=\"column-3\">Brief des Ministers<br \/>\nverk\u00fcrzt<br \/>\n10.12.2021<\/td><td class=\"column-4\"><a href=\"https:\/\/wordpress.nibis.de\/gsholbein\/files\/2021\/12\/2021-12-10_Brief_an_Eltern_gek_rzt.pdf\">DOWNLOAD<\/a><\/td>\n<\/tr>\n<tr class=\"row-67\">\n\t<td class=\"column-1\"><\/td><td class=\"column-2\"><\/td><td class=\"column-3\">Impfinformation<\/td><td class=\"column-4\"><a href=\"https:\/\/wordpress.nibis.de\/gsholbein\/files\/2021\/12\/2021-12-17_Informationen_zum_Impfen_von_5-11-J_hrigen.pdf\">DOWNLOAD<\/a><\/td>\n<\/tr>\n<tr class=\"row-68\">\n\t<td class=\"column-1\"><\/td><td class=\"column-2\"><\/td><td class=\"column-3\">Elternbrief des Ministers<br \/>\n03.01.2022<\/td><td class=\"column-4\"><a href=\"https:\/\/wordpress.nibis.de\/gsholbein\/files\/2022\/01\/2022-01-13_Brief_an_Eltern.pdf\">DOWNLOAD<\/a><\/td>\n<\/tr>\n<tr class=\"row-69\">\n\t<td class=\"column-1\"><\/td><td class=\"column-2\"><\/td><td class=\"column-3\"><\/td><td class=\"column-4\"><\/td>\n<\/tr>\n<tr class=\"row-70\">\n\t<td class=\"column-1\"><\/td><td class=\"column-2\"><\/td><td class=\"column-3\"><\/td><td class=\"column-4\"><\/td>\n<\/tr>\n<tr class=\"row-71\">\n\t<td class=\"column-1\"><\/td><td class=\"column-2\"><\/td><td class=\"column-3\"><\/td><td class=\"column-4\"><\/td>\n<\/tr>\n<tr class=\"row-72\">\n\t<td class=\"column-1\"><\/td><td class=\"column-2\"><\/td><td class=\"column-3\"><\/td><td class=\"column-4\"><\/td>\n<\/tr>\n<tr class=\"row-73\">\n\t<td class=\"column-1\"><\/td><td class=\"column-2\"><\/td><td class=\"column-3\"><\/td><td class=\"column-4\"><\/td>\n<\/tr>\n<tr class=\"row-74\">\n\t<td class=\"column-1\"><\/td><td class=\"column-2\"><\/td><td class=\"column-3\"><\/td><td class=\"column-4\"><\/td>\n<\/tr>\n<tr class=\"row-75\">\n\t<td class=\"column-1\"><\/td><td class=\"column-2\"><\/td><td class=\"column-3\"><\/td><td class=\"column-4\"><\/td>\n<\/tr>\n<tr class=\"row-76\">\n\t<td class=\"column-1\"><\/td><td class=\"column-2\"><\/td><td class=\"column-3\"><\/td><td class=\"column-4\"><\/td>\n<\/tr>\n<\/tbody>\n<\/table>\n\n","protected":false},"excerpt":{"rendered":"","protected":false},"author":605,"featured_media":0,"parent":0,"menu_order":0,"comment_status":"closed","ping_status":"closed","template":"","meta":{"footnotes":""},"class_list":["post-6192","page","type-page","status-publish"],"_links":{"self":[{"href":"https:\/\/wordpress.nibis.de\/gsholbein\/wp-json\/wp\/v2\/pages\/6192","targetHints":{"allow":["GET"]}}],"collection":[{"href":"https:\/\/wordpress.nibis.de\/gsholbein\/wp-json\/wp\/v2\/pages"}],"about":[{"href":"https:\/\/wordpress.nibis.de\/gsholbein\/wp-json\/wp\/v2\/types\/page"}],"author":[{"embeddable":true,"href":"https:\/\/wordpress.nibis.de\/gsholbein\/wp-json\/wp\/v2\/users\/605"}],"replies":[{"embeddable":true,"href":"https:\/\/wordpress.nibis.de\/gsholbein\/wp-json\/wp\/v2\/comments?post=6192"}],"version-history":[{"count":5,"href":"https:\/\/wordpress.nibis.de\/gsholbein\/wp-json\/wp\/v2\/pages\/6192\/revisions"}],"predecessor-version":[{"id":6204,"href":"https:\/\/wordpress.nibis.de\/gsholbein\/wp-json\/wp\/v2\/pages\/6192\/revisions\/6204"}],"wp:attachment":[{"href":"https:\/\/wordpress.nibis.de\/gsholbein\/wp-json\/wp\/v2\/media?parent=6192"}],"curies":[{"name":"wp","href":"https:\/\/api.w.org\/{rel}","templated":true}]}}