{"id":7372,"date":"2023-04-04T09:03:48","date_gmt":"2023-04-04T07:03:48","guid":{"rendered":"https:\/\/wordpress.nibis.de\/gsholbein\/?page_id=7372"},"modified":"2024-06-07T07:13:52","modified_gmt":"2024-06-07T05:13:52","slug":"unsere-schule","status":"publish","type":"page","link":"https:\/\/wordpress.nibis.de\/gsholbein\/unsere-schule\/","title":{"rendered":"UNSERE SCHULE"},"content":{"rendered":"\n<h2>Unsere Schule besuchen aktuell 312 Sch\u00fcler, die auf 16 Klassen verteilt sind. Wir haben 8 jahrgangsgemischte Eingangsstufen (rot, blau, gelb, gr\u00fcn, violett, hellblau, rosa und orange) eingerichtet, zudem haben wir 4 dritte Klassen und 4 vierte Klassen.\u00a0<\/h2>\n<h2>Bei uns arbeiten und unterst\u00fctzen 25 Lehrerinnen und Lehrer und\u00a0 7 P\u00e4dagogische Mitarbeiterinnen, 1 Hausmeister und 1 Schulsekret\u00e4rin.\u00a0<\/h2>\n<h2>\u00a0<\/h2>\n<h2>Sie erreichen unsere Schule durch zwei Haupteing\u00e4nge, seitlich aus Richtung der Sporthalle und hinten \u00fcber den Schulhof.\u00a0<\/h2>\n<h2>Unser Schulhof im Gr\u00fcnen liegt idyllisch und umrahmt unser Schulgeb\u00e4ude. Wir haben 2 Fu\u00dfballpl\u00e4tze, 1 Basketballplatz und zahlreiche Spielger\u00e4te. Ganz neu haben wir auch B\u00e4nke zum Verweilen aufgestellt.\u00a0<\/h2>\n<h2>In unserem Innenhof haben wir den kleinen T\u00fcmpel beseitigt und werden nun gemeinsam \u00fcberlegen, was wir dort in Zukunft einrichten m\u00f6chten.\u00a0<\/h2>\n<h2>Was haben wir noch:\u00a0<\/h2>\n<h3>16 Unterrichtsr\u00e4ume<\/h3>\n<h3>5 Gruppenr\u00e4ume<\/h3>\n<h3>1 F\u00f6rderschulraum<\/h3>\n<h3>1 Werkraum<\/h3>\n<h3>1 Musikraum<\/h3>\n<h3>1 PC-Raum<\/h3>\n<h3>4 Sch\u00fcler\/Sch\u00fclerinnentoiletten<\/h3>\n<h3>1 kleinen Kopierraum<\/h3>\n<h3>1 Arbeits- und Besprechungraum<\/h3>\n<h3>1 Raum f\u00fcr Schulsozialarbeit<\/h3>\n<h3>1 Sekretariat<\/h3>\n<h3>1 Hausmeisterb\u00fcro<\/h3>\n<h3>1 Lehrerzimmer<\/h3>\n<h3>1 Sporthalle<\/h3>\n<h3>2 Schulk\u00fcchen<\/h3>\n<h3>\u00a0<\/h3>\n<h3>Was und fehlt?\u00a0<\/h3>\n<h3>1 Aula<\/h3>\n<h3>\u00a0<\/h3>\n<h3>Was wir noch f\u00fcr den Ganztag ben\u00f6tigen:\u00a0<\/h3>\n<h3>1 Aula\/Mensa<\/h3>\n<h3>1 Ruheraum\/Sch\u00fclerbibliothek<\/h3>\n<h3>1 Kreativraum<\/h3>\n<h3>1 Spieleraum\u00a0<\/h3>\n<p>\u00a0<\/p>\n<h3>Was macht uns aus?\u00a0<\/h3>\n<h3>Wir arbeiten viel im Team, lachen viel und sind gerne zusammen!<\/h3>\n<p>\u00a0<\/p>\n<h2>M\u00f6chten Sie mehr \u00fcber uns und unsere Schule erfahren? Dann schauen Sie gerne unter dem Reiter \u201eINFO-Holbeinlinks und Downloads\u201c ins \u201eABC der Holbeinschule\u201c. Dieses Informationsheft bekommen alle Kinder zum Schulanfang in Papierform.\u00a0<\/h2>\n<p>\u00a0<\/p>\n","protected":false},"excerpt":{"rendered":"<p>Unsere Schule besuchen aktuell 312 Sch\u00fcler, die auf 16 Klassen verteilt sind. Wir haben 8 jahrgangsgemischte Eingangsstufen (rot, blau, gelb, gr\u00fcn, violett, hellblau, rosa und orange) eingerichtet, zudem haben wir 4 dritte Klassen und 4 vierte Klassen.\u00a0 Bei uns arbeiten und unterst\u00fctzen 25 Lehrerinnen und Lehrer und\u00a0 7 P\u00e4dagogische Mitarbeiterinnen, 1 Hausmeister und 1 Schulsekret\u00e4rin.\u00a0 &#8230; <a title=\"UNSERE SCHULE\" class=\"read-more\" href=\"https:\/\/wordpress.nibis.de\/gsholbein\/unsere-schule\/\" aria-label=\"Mehr Informationen \u00fcber UNSERE SCHULE\">Weiterlesen<\/a><\/p>\n","protected":false},"author":605,"featured_media":0,"parent":0,"menu_order":0,"comment_status":"closed","ping_status":"closed","template":"","meta":{"footnotes":""},"class_list":["post-7372","page","type-page","status-publish"],"_links":{"self":[{"href":"https:\/\/wordpress.nibis.de\/gsholbein\/wp-json\/wp\/v2\/pages\/7372","targetHints":{"allow":["GET"]}}],"collection":[{"href":"https:\/\/wordpress.nibis.de\/gsholbein\/wp-json\/wp\/v2\/pages"}],"about":[{"href":"https:\/\/wordpress.nibis.de\/gsholbein\/wp-json\/wp\/v2\/types\/page"}],"author":[{"embeddable":true,"href":"https:\/\/wordpress.nibis.de\/gsholbein\/wp-json\/wp\/v2\/users\/605"}],"replies":[{"embeddable":true,"href":"https:\/\/wordpress.nibis.de\/gsholbein\/wp-json\/wp\/v2\/comments?post=7372"}],"version-history":[{"count":10,"href":"https:\/\/wordpress.nibis.de\/gsholbein\/wp-json\/wp\/v2\/pages\/7372\/revisions"}],"predecessor-version":[{"id":8059,"href":"https:\/\/wordpress.nibis.de\/gsholbein\/wp-json\/wp\/v2\/pages\/7372\/revisions\/8059"}],"wp:attachment":[{"href":"https:\/\/wordpress.nibis.de\/gsholbein\/wp-json\/wp\/v2\/media?parent=7372"}],"curies":[{"name":"wp","href":"https:\/\/api.w.org\/{rel}","templated":true}]}}