{"id":8109,"date":"2024-09-27T14:19:29","date_gmt":"2024-09-27T12:19:29","guid":{"rendered":"https:\/\/wordpress.nibis.de\/gsholbein\/?page_id=8109"},"modified":"2025-05-25T08:36:53","modified_gmt":"2025-05-25T06:36:53","slug":"schulsozialarbeit","status":"publish","type":"page","link":"https:\/\/wordpress.nibis.de\/gsholbein\/schulsozialarbeit\/","title":{"rendered":"SCHULSOZIALARBEIT"},"content":{"rendered":"\n<p><br><br><\/p>\n\n\n\n<p><\/p>\n\n\n\n<div class=\"wp-block-image is-style-default\"><figure class=\"aligncenter size-full is-resized\"><img loading=\"lazy\" decoding=\"async\" src=\"https:\/\/wordpress.nibis.de\/gsholbein\/files\/2025\/05\/Laura-scaled.jpeg\" alt=\"\" class=\"wp-image-8491\" width=\"398\" height=\"531\" \/><\/figure><\/div>\n\n\n\n\n\n<p>&nbsp;<\/p>\n<h3>Hallo, ich bin Laura Fellner und freue mich, mich als Schulsozialp\u00e4dagogin an der Holbeinschule in Wildeshausen vorstellen zu k\u00f6nnen.<\/h3>\n<p>&nbsp;<\/p>\n<p>&nbsp;<\/p>\n<h3>Gerne m\u00f6chte ich den Sch\u00fclern, Sch\u00fclerinnen, Eltern und Lehrkr\u00e4ften einen vertraulichen Raum bieten wenn:<\/h3>\n<h3>&nbsp;<\/h3>\n<ul>\n<li>\n<h3>es Streitigkeiten in der Schule gibt<\/h3>\n<\/li>\n<li>\n<h3>Sorgen und \u00c4ngste den Alltag plagen<\/h3>\n<\/li>\n<li>\n<h3>der Schulbesuch schwer f\u00e4llt<\/h3>\n<\/li>\n<li>\n<h3>es Probleme und Konflikte in der Familie gibt<\/h3>\n<\/li>\n<li>\n<h3>Sozialtraining in den Klassen stattfinden soll<\/h3>\n<\/li>\n<li>\n<h3>Unterst\u00fctzung bei der Antragstellung ben\u00f6tigt wird<\/h3>\n<\/li>\n<li>\n<h3>pr\u00e4ventiv gearbeitet werden soll<\/h3>\n<\/li>\n<li>\n<h3>es Kontakt zu au\u00dferschulischen Partnern ben\u00f6tigt<\/h3>\n<\/li>\n<li>\n<h3>und vieles mehr<\/h3>\n<\/li>\n<\/ul>\n<p>&nbsp;<\/p>\n<p>&nbsp;<\/p>\n<p>&nbsp;<\/p>\n<p>Erreichbarkeit:<\/p>\n<p><a href=\"&#109;&#x61;i&#108;&#x74;&#111;&#x3a;l&#97;&#x75;r&#x61;&#x2e;&#102;&#x65;l&#108;&#x6e;e&#x72;&#x40;&#104;&#x6f;l&#98;&#x65;&#105;&#x6e;s&#99;&#x68;u&#108;&#x65;&#46;&#x69;n&#102;&#x6f;\">&#108;&#x61;u&#x72;a&#46;&#x66;&#101;&#x6c;l&#110;&#x65;&#114;&#x40;h&#x6f;&#x6c;&#98;&#x65;i&#x6e;s&#99;&#x68;&#117;&#x6c;e&#46;&#x69;&#110;&#x66;o<\/a><\/p>\n<p>04431\/ 709784<\/p>\n<p>montags bis freitags<\/p>\n<p>&nbsp;<\/p>\n<h3>Ich freue mich auf dich und Sie!<\/h3>\n<h3>&nbsp;<\/h3>\n\n\n\n<div class=\"wp-block-buttons is-layout-flex wp-block-buttons-is-layout-flex\"><\/div>\n\n\n\n<div class=\"wp-block-buttons is-layout-flex wp-block-buttons-is-layout-flex\"><\/div>\n\n\n\n<div class=\"wp-block-buttons is-layout-flex wp-block-buttons-is-layout-flex\"><\/div>\n\n\n","protected":false},"excerpt":{"rendered":"<p>&nbsp; Hallo, ich bin Laura Fellner und freue mich, mich als Schulsozialp\u00e4dagogin an der Holbeinschule in Wildeshausen vorstellen zu k\u00f6nnen. &nbsp; &nbsp; Gerne m\u00f6chte ich den Sch\u00fclern, Sch\u00fclerinnen, Eltern und Lehrkr\u00e4ften einen vertraulichen Raum bieten wenn: &nbsp; es Streitigkeiten in der Schule gibt Sorgen und \u00c4ngste den Alltag plagen der Schulbesuch schwer f\u00e4llt es Probleme &#8230; <a title=\"SCHULSOZIALARBEIT\" class=\"read-more\" href=\"https:\/\/wordpress.nibis.de\/gsholbein\/schulsozialarbeit\/\" aria-label=\"Mehr Informationen \u00fcber SCHULSOZIALARBEIT\">Weiterlesen<\/a><\/p>\n","protected":false},"author":605,"featured_media":0,"parent":0,"menu_order":0,"comment_status":"closed","ping_status":"closed","template":"","meta":{"footnotes":""},"class_list":["post-8109","page","type-page","status-publish"],"_links":{"self":[{"href":"https:\/\/wordpress.nibis.de\/gsholbein\/wp-json\/wp\/v2\/pages\/8109","targetHints":{"allow":["GET"]}}],"collection":[{"href":"https:\/\/wordpress.nibis.de\/gsholbein\/wp-json\/wp\/v2\/pages"}],"about":[{"href":"https:\/\/wordpress.nibis.de\/gsholbein\/wp-json\/wp\/v2\/types\/page"}],"author":[{"embeddable":true,"href":"https:\/\/wordpress.nibis.de\/gsholbein\/wp-json\/wp\/v2\/users\/605"}],"replies":[{"embeddable":true,"href":"https:\/\/wordpress.nibis.de\/gsholbein\/wp-json\/wp\/v2\/comments?post=8109"}],"version-history":[{"count":7,"href":"https:\/\/wordpress.nibis.de\/gsholbein\/wp-json\/wp\/v2\/pages\/8109\/revisions"}],"predecessor-version":[{"id":8494,"href":"https:\/\/wordpress.nibis.de\/gsholbein\/wp-json\/wp\/v2\/pages\/8109\/revisions\/8494"}],"wp:attachment":[{"href":"https:\/\/wordpress.nibis.de\/gsholbein\/wp-json\/wp\/v2\/media?parent=8109"}],"curies":[{"name":"wp","href":"https:\/\/api.w.org\/{rel}","templated":true}]}}