{"id":8386,"date":"2025-04-25T11:52:52","date_gmt":"2025-04-25T09:52:52","guid":{"rendered":"https:\/\/wordpress.nibis.de\/gsholbein\/?page_id=8386"},"modified":"2025-05-25T08:33:09","modified_gmt":"2025-05-25T06:33:09","slug":"beratung-2","status":"publish","type":"page","link":"https:\/\/wordpress.nibis.de\/gsholbein\/beratung-2\/","title":{"rendered":"BERATUNG"},"content":{"rendered":"\n<h2 style=\"text-align: center\"><br \/>Unser Beratungsteam<br \/><br \/><br \/><br \/><img loading=\"lazy\" decoding=\"async\" class=\"aligncenter wp-image-8488\" src=\"https:\/\/wordpress.nibis.de\/gsholbein\/files\/2025\/05\/Team-scaled.jpeg\" alt=\"\" width=\"528\" height=\"939\" \/><\/h2>\n\n\n\n<p>Frau Jasmine L\u00fchrs (F\u00f6rderschulkraft), Frau Kerstin B\u00e4uning (Beratungslehrerin), Frau Laura Fellner (Schulsozialarbeiterin), v. l. n. r.\u00a0<\/p>\n","protected":false},"excerpt":{"rendered":"<p>Unser Beratungsteam Frau Jasmine L\u00fchrs (F\u00f6rderschulkraft), Frau Kerstin B\u00e4uning (Beratungslehrerin), Frau Laura Fellner (Schulsozialarbeiterin), v. l. n. r.\u00a0<\/p>\n","protected":false},"author":605,"featured_media":0,"parent":0,"menu_order":0,"comment_status":"closed","ping_status":"closed","template":"","meta":{"footnotes":""},"class_list":["post-8386","page","type-page","status-publish"],"_links":{"self":[{"href":"https:\/\/wordpress.nibis.de\/gsholbein\/wp-json\/wp\/v2\/pages\/8386","targetHints":{"allow":["GET"]}}],"collection":[{"href":"https:\/\/wordpress.nibis.de\/gsholbein\/wp-json\/wp\/v2\/pages"}],"about":[{"href":"https:\/\/wordpress.nibis.de\/gsholbein\/wp-json\/wp\/v2\/types\/page"}],"author":[{"embeddable":true,"href":"https:\/\/wordpress.nibis.de\/gsholbein\/wp-json\/wp\/v2\/users\/605"}],"replies":[{"embeddable":true,"href":"https:\/\/wordpress.nibis.de\/gsholbein\/wp-json\/wp\/v2\/comments?post=8386"}],"version-history":[{"count":8,"href":"https:\/\/wordpress.nibis.de\/gsholbein\/wp-json\/wp\/v2\/pages\/8386\/revisions"}],"predecessor-version":[{"id":8490,"href":"https:\/\/wordpress.nibis.de\/gsholbein\/wp-json\/wp\/v2\/pages\/8386\/revisions\/8490"}],"wp:attachment":[{"href":"https:\/\/wordpress.nibis.de\/gsholbein\/wp-json\/wp\/v2\/media?parent=8386"}],"curies":[{"name":"wp","href":"https:\/\/api.w.org\/{rel}","templated":true}]}}