{"id":8516,"date":"2025-06-21T08:34:43","date_gmt":"2025-06-21T06:34:43","guid":{"rendered":"https:\/\/wordpress.nibis.de\/gsholbein\/?page_id=8516"},"modified":"2025-06-21T08:42:58","modified_gmt":"2025-06-21T06:42:58","slug":"sonderpaedagogische-beratung","status":"publish","type":"page","link":"https:\/\/wordpress.nibis.de\/gsholbein\/sonderpaedagogische-beratung\/","title":{"rendered":"SONDERP\u00c4DAGOGISCHE BERATUNG"},"content":{"rendered":"\n<h3>\u00a0<\/h3>\n<h3>Hallo, ich bin Jasmine L\u00fchrs und freue mich dar\u00fcber, mich als F\u00f6rderschullehrerin an der Holbeinschule vorstellen zu d\u00fcrfen.<\/h3>\n<h3>Ich bin nun seit dem Schuljahr 24\/25 an der Holbeinschule t\u00e4tig und zust\u00e4ndig f\u00fcr folgende Bereiche:<\/h3>\n<ul>\n<li>\n<h3>Beratung der Lehrkr\u00e4fte im Unterricht<\/h3>\n<\/li>\n<li>\n<h3>Beratung von F\u00f6rderpl\u00e4nen<\/h3>\n<\/li>\n<li>\n<h3>Beratung der Eltern bei Lernschwierigkeiten<\/h3>\n<\/li>\n<li>\n<h3>Individuelle F\u00f6rderung (Deutsch, Mathematik, Konzentration, Arbeitsorganisation, Emotionen)<\/h3>\n<\/li>\n<li>\n<h3>Diagnostik bei Lernschwierigkeiten und auffallendem Verhalten<\/h3>\n<\/li>\n<\/ul>\n<h3>\u00a0<\/h3>\n<h3>Erreichbarkeit:<\/h3>\n<h3><a href=\"&#109;&#x61;i&#108;&#x74;o&#58;&#x4a;a&#115;&#x6d;i&#110;&#x65;&#46;&#108;&#x75;e&#104;&#x72;s&#64;&#x68;o&#108;&#x62;e&#105;&#x6e;s&#99;&#x68;u&#x6c;&#x65;&#46;&#x49;&#x6e;&#102;&#x6f;\">&#x4a;&#x61;&#x73;&#x6d;&#x69;&#x6e;&#x65;&#46;&#108;&#117;&#101;&#104;rs&#64;h&#x6f;&#x6c;&#x62;&#x65;&#x69;&#x6e;&#x73;&#x63;&#104;&#117;&#108;&#101;&#46;Info<\/a><\/h3>\n<h3>\u00a0<\/h3>\n<h3>montags bis freitags<\/h3>\n<h3>\u00a0<\/h3>\n<h3>Ich freue mich auf eine gute Zusammenarbeit!<\/h3>\n\n\n","protected":false},"excerpt":{"rendered":"<p>\u00a0 Hallo, ich bin Jasmine L\u00fchrs und freue mich dar\u00fcber, mich als F\u00f6rderschullehrerin an der Holbeinschule vorstellen zu d\u00fcrfen. Ich bin nun seit dem Schuljahr 24\/25 an der Holbeinschule t\u00e4tig und zust\u00e4ndig f\u00fcr folgende Bereiche: Beratung der Lehrkr\u00e4fte im Unterricht Beratung von F\u00f6rderpl\u00e4nen Beratung der Eltern bei Lernschwierigkeiten Individuelle F\u00f6rderung (Deutsch, Mathematik, Konzentration, Arbeitsorganisation, Emotionen) &#8230; <a title=\"SONDERP\u00c4DAGOGISCHE BERATUNG\" class=\"read-more\" href=\"https:\/\/wordpress.nibis.de\/gsholbein\/sonderpaedagogische-beratung\/\" aria-label=\"Mehr Informationen \u00fcber SONDERP\u00c4DAGOGISCHE BERATUNG\">Weiterlesen<\/a><\/p>\n","protected":false},"author":605,"featured_media":0,"parent":0,"menu_order":0,"comment_status":"closed","ping_status":"closed","template":"","meta":{"footnotes":""},"class_list":["post-8516","page","type-page","status-publish"],"_links":{"self":[{"href":"https:\/\/wordpress.nibis.de\/gsholbein\/wp-json\/wp\/v2\/pages\/8516","targetHints":{"allow":["GET"]}}],"collection":[{"href":"https:\/\/wordpress.nibis.de\/gsholbein\/wp-json\/wp\/v2\/pages"}],"about":[{"href":"https:\/\/wordpress.nibis.de\/gsholbein\/wp-json\/wp\/v2\/types\/page"}],"author":[{"embeddable":true,"href":"https:\/\/wordpress.nibis.de\/gsholbein\/wp-json\/wp\/v2\/users\/605"}],"replies":[{"embeddable":true,"href":"https:\/\/wordpress.nibis.de\/gsholbein\/wp-json\/wp\/v2\/comments?post=8516"}],"version-history":[{"count":2,"href":"https:\/\/wordpress.nibis.de\/gsholbein\/wp-json\/wp\/v2\/pages\/8516\/revisions"}],"predecessor-version":[{"id":8519,"href":"https:\/\/wordpress.nibis.de\/gsholbein\/wp-json\/wp\/v2\/pages\/8516\/revisions\/8519"}],"wp:attachment":[{"href":"https:\/\/wordpress.nibis.de\/gsholbein\/wp-json\/wp\/v2\/media?parent=8516"}],"curies":[{"name":"wp","href":"https:\/\/api.w.org\/{rel}","templated":true}]}}