{"id":1002,"date":"2017-03-05T12:05:07","date_gmt":"2017-03-05T10:05:07","guid":{"rendered":"http:\/\/wordpress.nibis.de\/gshonde\/?page_id=1002"},"modified":"2025-09-25T19:22:56","modified_gmt":"2025-09-25T17:22:56","slug":"musik","status":"publish","type":"page","link":"https:\/\/wordpress.nibis.de\/gshonde\/regeln\/musik\/","title":{"rendered":"Musik"},"content":{"rendered":"<h3 class=\"western\"><strong><span style=\"font-family: Arial, sans-serif\"><span style=\"font-size: medium\">Ziele und didaktische Prinzipien<\/span><\/span><\/strong><\/h3>\n<p><span style=\"font-family: Arial, sans-serif\"><span style=\"font-size: medium\">Dabei sind den Kollegen und Kolleginnen der Grundschule Hondelage folgende Grunds\u00e4tze und Ziele wichtig:<\/span><\/span><\/p>\n<p class=\"western\" style=\"text-align: left\"><strong><span style=\"font-family: Arial, sans-serif\"><span style=\"font-size: medium\">Musik in allen Bereichen und Freude an der Musik<\/span><\/span><\/strong><\/p>\n<ul>\n<li style=\"list-style-type: none\">\n<ul>\n<li style=\"list-style-type: none\">\n<ul>\n<li>\n<p class=\"western\"><span style=\"font-family: Arial, sans-serif\"><span style=\"font-size: medium\">Viele Kinder erleben in ihrem h\u00e4uslichen Umfeld immer weniger musikalische Aktivit\u00e4ten. Daher ist es besonders in der Grundschule wichtig, den Kindern Zugang zur Musik \u00fcber vielf\u00e4ltige Angebote zu erm\u00f6glichen und ihnen Freude am Musizieren, Tanzen, Singen und H\u00f6ren zu vermitteln. <\/span><\/span><\/p>\n<\/li>\n<\/ul>\n<\/li>\n<\/ul>\n<\/li>\n<\/ul>\n<p class=\"western\" style=\"text-align: left\"><strong><span style=\"font-family: Arial, sans-serif\"><span style=\"font-size: medium\">Aktives gemeinsames Musizieren und Singen<\/span><\/span><\/strong><\/p>\n<ul>\n<li>\n<p class=\"western\"><span style=\"font-family: Arial, sans-serif\"><span style=\"font-size: medium\">Gemeinsames Musizieren und Singen ist gemeinschaftsf\u00f6rdernd und -st\u00e4rkend. <\/span><\/span><\/p>\n<\/li>\n<li>\n<p class=\"western\"><span style=\"font-family: Arial, sans-serif\"><span style=\"font-size: medium\">Unseren \u201e<\/span><\/span><span style=\"font-family: Arial, sans-serif\"><span style=\"font-size: medium\"><u>Schulsong\u201c<\/u><\/span><\/span><span style=\"font-family: Arial, sans-serif\"><span style=\"font-size: medium\"> singen wir zusammen bei verschieden Anl\u00e4ssen wie z.B. Schuljahresbeginn und -abschluss, Schulfeste, Jahrgangstreffen etc. \u2013 er soll dazu beitragen, dass wir uns als Gemeinschaft verstehen und mit unserer Schule identifizieren k\u00f6nnen.<\/span><\/span><\/p>\n<\/li>\n<li>\n<p class=\"western\"><span style=\"font-family: Arial, sans-serif\"><span style=\"font-size: medium\">\u00dcber das praktische Tun finden die Sch\u00fclerinnen und Sch\u00fcler den Zugang zu musikalischen Themen. So sollen musiktheoretische Themen in der Praxis beim gemeinsamen Musizieren Anwendung finden.<\/span><\/span><\/p>\n<\/li>\n<li>\n<p class=\"western\"><span style=\"font-family: Arial, sans-serif\"><span style=\"font-size: medium\">Bei den oben bereits erw\u00e4hnten \u201e<\/span><\/span><span style=\"font-family: Arial, sans-serif\"><span style=\"font-size: medium\"><u>Jahrgangstreffen\u201c<\/u><\/span><\/span><span style=\"font-family: Arial, sans-serif\"><span style=\"font-size: medium\">, die vor Weihnachten und vor den Sommerferien stattfinden, haben wir die Gelegenheit, gemeinsam zu singen \u2013 aber auch uns im Unterricht erarbeitete Musikst\u00fccke gegenseitig vorzutragen.<\/span><\/span><\/p>\n<\/li>\n<li>\n<p class=\"western\"><span style=\"font-family: Arial, sans-serif\"><span style=\"font-size: medium\">Unser <\/span><\/span><span style=\"font-family: Arial, sans-serif\"><span style=\"font-size: medium\"><u>\u201eLiederkalender\u201c<\/u><\/span><\/span><span style=\"font-family: Arial, sans-serif\"><span style=\"font-size: medium\"> soll sicherstellen, dass wir im Jahreskreis \u00fcber ein gemeinsames Repertoire verf\u00fcgen.<\/span><\/span><\/p>\n<\/li>\n<\/ul>\n<p class=\"western\" style=\"text-align: left\"><strong><span style=\"font-family: Arial, sans-serif\"><span style=\"font-size: medium\">F\u00e4cher\u00fcbergreifendes Arbeiten<\/span><\/span><\/strong><\/p>\n<ul>\n<li>\n<p class=\"western\"><span style=\"font-family: Arial, sans-serif\"><span style=\"font-size: medium\">Musik und Kunst: m\u00f6glichst ein \u201eKreativnachmittag\u201c pro Schuljahr, gemeinsame Unterrichtsprojekte<\/span><\/span><\/p>\n<\/li>\n<li>\n<p class=\"western\"><span style=\"font-family: Arial, sans-serif\"><span style=\"font-size: medium\">Musik und Religion: Es findet ein jahrgangs\u00fcbergreifender Schulgottesdienst pro Schuljahr statt, bei dem das gemeinsame Singen ein wichtiger Schwerpunkt ist. Die Lieder werden im Musik- und Religionsunterricht sowie vom Schulchor vorbereitet. <\/span><\/span><\/p>\n<\/li>\n<li>\n<p class=\"western\"><span style=\"font-family: Arial, sans-serif\"><span style=\"font-size: medium\">Musik und Sachunterricht\/Deutsch: Es werden h\u00e4ufig Lieder, die inhaltlich Bezug auf die Themen des Sach- und Deutschunterrichts nehmen, in Absprache mit den jeweiligen Fachlehrkr\u00e4ften im Musikunterricht gesungen.<\/span><\/span><\/p>\n<\/li>\n<\/ul>\n<p class=\"western\"><strong><span style=\"font-family: Arial, sans-serif\"><span style=\"font-size: medium\">Selbstst\u00e4ndigkeit<\/span><\/span><\/strong><\/p>\n<ul>\n<li style=\"list-style-type: none\">\n<ul>\n<li style=\"list-style-type: none\">\n<ul>\n<li>\n<p class=\"western\"><span style=\"font-family: Arial, sans-serif\"><span style=\"font-size: medium\">Die Selbstst\u00e4ndigkeit der Kinder soll auch im Musikunterricht gef\u00f6rdert werden. Hierbei kommt insbesondere dem selbstst\u00e4ndigen Arbeiten in Gruppen- und Partnerarbeiten besondere Bedeutung zu. Die Kinder werden darin unterst\u00fctzt, ihre Ergebnisse zu pr\u00e4sentieren.<\/span><\/span><\/p>\n<\/li>\n<\/ul>\n<\/li>\n<\/ul>\n<\/li>\n<\/ul>\n","protected":false},"excerpt":{"rendered":"<p>Ziele und didaktische Prinzipien Dabei sind den Kollegen und Kolleginnen der Grundschule Hondelage folgende Grunds\u00e4tze und Ziele wichtig: Musik in allen Bereichen und Freude an der Musik Viele Kinder erleben in ihrem h\u00e4uslichen Umfeld immer weniger musikalische Aktivit\u00e4ten. Daher ist es besonders in der Grundschule wichtig, den Kindern Zugang zur Musik \u00fcber vielf\u00e4ltige Angebote zu &hellip; <a href=\"https:\/\/wordpress.nibis.de\/gshonde\/regeln\/musik\/\" class=\"more-link\"><span class=\"screen-reader-text\">Musik<\/span> weiterlesen <span class=\"meta-nav\">&rarr;<\/span><\/a><\/p>\n","protected":false},"author":553,"featured_media":0,"parent":961,"menu_order":0,"comment_status":"closed","ping_status":"closed","template":"","meta":{"footnotes":""},"class_list":["post-1002","page","type-page","status-publish","hentry"],"_links":{"self":[{"href":"https:\/\/wordpress.nibis.de\/gshonde\/wp-json\/wp\/v2\/pages\/1002","targetHints":{"allow":["GET"]}}],"collection":[{"href":"https:\/\/wordpress.nibis.de\/gshonde\/wp-json\/wp\/v2\/pages"}],"about":[{"href":"https:\/\/wordpress.nibis.de\/gshonde\/wp-json\/wp\/v2\/types\/page"}],"author":[{"embeddable":true,"href":"https:\/\/wordpress.nibis.de\/gshonde\/wp-json\/wp\/v2\/users\/553"}],"replies":[{"embeddable":true,"href":"https:\/\/wordpress.nibis.de\/gshonde\/wp-json\/wp\/v2\/comments?post=1002"}],"version-history":[{"count":6,"href":"https:\/\/wordpress.nibis.de\/gshonde\/wp-json\/wp\/v2\/pages\/1002\/revisions"}],"predecessor-version":[{"id":4533,"href":"https:\/\/wordpress.nibis.de\/gshonde\/wp-json\/wp\/v2\/pages\/1002\/revisions\/4533"}],"up":[{"embeddable":true,"href":"https:\/\/wordpress.nibis.de\/gshonde\/wp-json\/wp\/v2\/pages\/961"}],"wp:attachment":[{"href":"https:\/\/wordpress.nibis.de\/gshonde\/wp-json\/wp\/v2\/media?parent=1002"}],"curies":[{"name":"wp","href":"https:\/\/api.w.org\/{rel}","templated":true}]}}