{"id":1206,"date":"2017-05-17T20:51:20","date_gmt":"2017-05-17T18:51:20","guid":{"rendered":"http:\/\/wordpress.nibis.de\/gshonde\/?page_id=1206"},"modified":"2024-08-13T14:28:11","modified_gmt":"2024-08-13T12:28:11","slug":"schulkindbetreuung","status":"publish","type":"page","link":"https:\/\/wordpress.nibis.de\/gshonde\/eltern\/schulkindbetreuung\/","title":{"rendered":"Schulkindbetreuung"},"content":{"rendered":"<p>Seit Beginn des Schuljahres 2024\/2025 gibt es an der Grundschule Hondelage eine sechste Betreuungsgruppe. Sie ist im Musikraum der Grundschule\u00a0 Hondelage\u00a0 untergebracht.<\/p>\n<p>Neben den Gruppen in den Pavillons, im Schulgeb\u00e4ude und im Gemeindehaus haben nun insgesamt 100 Kinder einen Platz in der Schulkindbetreuung am Nachmittag gefunden.<\/p>\n<p>Wir freuen uns, dass mittlerweile so viele Sch\u00fclerinnen und Sch\u00fcler die Schulkindbetreuung an unserer Schule nutzen k\u00f6nnen. Weitere Infos erhalten Sie bei <a href=\"https:\/\/www.kirche-hondelage.de\/schulkindbetreuung\">Frau Michaelis<\/a>.<\/p>\n","protected":false},"excerpt":{"rendered":"<p>Seit Beginn des Schuljahres 2024\/2025 gibt es an der Grundschule Hondelage eine sechste Betreuungsgruppe. Sie ist im Musikraum der Grundschule\u00a0 Hondelage\u00a0 untergebracht. Neben den Gruppen in den Pavillons, im Schulgeb\u00e4ude und im Gemeindehaus haben nun insgesamt 100 Kinder einen Platz in der Schulkindbetreuung am Nachmittag gefunden. Wir freuen uns, dass mittlerweile so viele Sch\u00fclerinnen und &hellip; <a href=\"https:\/\/wordpress.nibis.de\/gshonde\/eltern\/schulkindbetreuung\/\" class=\"more-link\"><span class=\"screen-reader-text\">Schulkindbetreuung<\/span> weiterlesen <span class=\"meta-nav\">&rarr;<\/span><\/a><\/p>\n","protected":false},"author":1075,"featured_media":0,"parent":79,"menu_order":0,"comment_status":"closed","ping_status":"closed","template":"","meta":{"footnotes":""},"class_list":["post-1206","page","type-page","status-publish","hentry"],"_links":{"self":[{"href":"https:\/\/wordpress.nibis.de\/gshonde\/wp-json\/wp\/v2\/pages\/1206","targetHints":{"allow":["GET"]}}],"collection":[{"href":"https:\/\/wordpress.nibis.de\/gshonde\/wp-json\/wp\/v2\/pages"}],"about":[{"href":"https:\/\/wordpress.nibis.de\/gshonde\/wp-json\/wp\/v2\/types\/page"}],"author":[{"embeddable":true,"href":"https:\/\/wordpress.nibis.de\/gshonde\/wp-json\/wp\/v2\/users\/1075"}],"replies":[{"embeddable":true,"href":"https:\/\/wordpress.nibis.de\/gshonde\/wp-json\/wp\/v2\/comments?post=1206"}],"version-history":[{"count":9,"href":"https:\/\/wordpress.nibis.de\/gshonde\/wp-json\/wp\/v2\/pages\/1206\/revisions"}],"predecessor-version":[{"id":4012,"href":"https:\/\/wordpress.nibis.de\/gshonde\/wp-json\/wp\/v2\/pages\/1206\/revisions\/4012"}],"up":[{"embeddable":true,"href":"https:\/\/wordpress.nibis.de\/gshonde\/wp-json\/wp\/v2\/pages\/79"}],"wp:attachment":[{"href":"https:\/\/wordpress.nibis.de\/gshonde\/wp-json\/wp\/v2\/media?parent=1206"}],"curies":[{"name":"wp","href":"https:\/\/api.w.org\/{rel}","templated":true}]}}