{"id":1578,"date":"2017-11-11T16:37:13","date_gmt":"2017-11-11T14:37:13","guid":{"rendered":"http:\/\/wordpress.nibis.de\/gshonde\/?page_id=1578"},"modified":"2025-12-08T17:28:42","modified_gmt":"2025-12-08T15:28:42","slug":"konzepte","status":"publish","type":"page","link":"https:\/\/wordpress.nibis.de\/gshonde\/schule\/konzepte\/","title":{"rendered":"Konzepte"},"content":{"rendered":"<p>Das Kollegium der Grundschule Hondelage hat seit Beginn des Schuljahres 2016\/ 2017 die nachfolgenden Konzepte erstellt bzw. \u00fcberarbeitet. Die aktuellste Version der Konzepte kann auf Nachfrage gerne eingesehen werden.<\/p>\n<p>Diese lassen sich in verschiedene Bereiche einteilen:<\/p>\n<p><strong>Unterrichtsspezifische Konzepte<\/strong><\/p>\n<ul>\n<li>Konzept Hausaufgaben<\/li>\n<li>Medienbildungskonzept<\/li>\n<li>Kriterien Mappenf\u00fchrung<\/li>\n<li>Konzept zum Sozialen Lernen und zur Gewaltpr\u00e4vention<\/li>\n<li>Vertretungsunterricht<\/li>\n<li>Methodentraining<\/li>\n<li>BNE<\/li>\n<li>F\u00f6rder- und Forderkonzept<\/li>\n<\/ul>\n<p><strong>Konzepte zur Qualit\u00e4tsentwicklung und -sicherung<\/strong><\/p>\n<ul>\n<li>Konzept zur Lernkultur, Leistungsbewertung und Leistungsr\u00fcckmeldung<\/li>\n<li>Faltblatt zur Leistungsbewertung<\/li>\n<li>Besuch von Fortbildungen<\/li>\n<\/ul>\n<p><strong>Konzepte zur Zusammenarbeit im Kollegium<\/strong><\/p>\n<ul>\n<li>Konzept Mitarbeitergespr\u00e4che und Personalentwicklung<\/li>\n<li>Eingliederung neuer KollegInnen<\/li>\n<li>Konzept zur Regelung von Aufsichten<\/li>\n<li>Konzept Klassenbildung und Unterrichtseinsatz<\/li>\n<\/ul>\n<p><strong>Konzepte zur Zusammenarbeit mit den Eltern<\/strong><\/p>\n<ul>\n<li>Leitfaden f\u00fcr Elternabende<\/li>\n<li>Organisation der Elternsprechtage\/ F\u00f6rderplangespr\u00e4che<\/li>\n<\/ul>\n<p><strong>Konzepte zur Zusammenarbeit aller an Schule Beteiligten<\/strong><\/p>\n<ul>\n<li>Beratungskonzept<\/li>\n<li>Betreuungskonzept<\/li>\n<li>Beschwerdekonzept<\/li>\n<li>Abfallvermeidung und Energieeinsparung<\/li>\n<li>Verteilung der Haushaltsmittel<\/li>\n<li>Sicherheit und Gewaltpr\u00e4vention<\/li>\n<li>Konzept zur schulischen Sozialarbeit<\/li>\n<\/ul>\n","protected":false},"excerpt":{"rendered":"<p>Das Kollegium der Grundschule Hondelage hat seit Beginn des Schuljahres 2016\/ 2017 die nachfolgenden Konzepte erstellt bzw. \u00fcberarbeitet. Die aktuellste Version der Konzepte kann auf Nachfrage gerne eingesehen werden. Diese lassen sich in verschiedene Bereiche einteilen: Unterrichtsspezifische Konzepte Konzept Hausaufgaben Medienbildungskonzept Kriterien Mappenf\u00fchrung Konzept zum Sozialen Lernen und zur Gewaltpr\u00e4vention Vertretungsunterricht Methodentraining BNE F\u00f6rder- und &hellip; <a href=\"https:\/\/wordpress.nibis.de\/gshonde\/schule\/konzepte\/\" class=\"more-link\"><span class=\"screen-reader-text\">Konzepte<\/span> weiterlesen <span class=\"meta-nav\">&rarr;<\/span><\/a><\/p>\n","protected":false},"author":1075,"featured_media":0,"parent":13,"menu_order":0,"comment_status":"closed","ping_status":"closed","template":"","meta":{"footnotes":""},"class_list":["post-1578","page","type-page","status-publish","hentry"],"_links":{"self":[{"href":"https:\/\/wordpress.nibis.de\/gshonde\/wp-json\/wp\/v2\/pages\/1578","targetHints":{"allow":["GET"]}}],"collection":[{"href":"https:\/\/wordpress.nibis.de\/gshonde\/wp-json\/wp\/v2\/pages"}],"about":[{"href":"https:\/\/wordpress.nibis.de\/gshonde\/wp-json\/wp\/v2\/types\/page"}],"author":[{"embeddable":true,"href":"https:\/\/wordpress.nibis.de\/gshonde\/wp-json\/wp\/v2\/users\/1075"}],"replies":[{"embeddable":true,"href":"https:\/\/wordpress.nibis.de\/gshonde\/wp-json\/wp\/v2\/comments?post=1578"}],"version-history":[{"count":43,"href":"https:\/\/wordpress.nibis.de\/gshonde\/wp-json\/wp\/v2\/pages\/1578\/revisions"}],"predecessor-version":[{"id":4595,"href":"https:\/\/wordpress.nibis.de\/gshonde\/wp-json\/wp\/v2\/pages\/1578\/revisions\/4595"}],"up":[{"embeddable":true,"href":"https:\/\/wordpress.nibis.de\/gshonde\/wp-json\/wp\/v2\/pages\/13"}],"wp:attachment":[{"href":"https:\/\/wordpress.nibis.de\/gshonde\/wp-json\/wp\/v2\/media?parent=1578"}],"curies":[{"name":"wp","href":"https:\/\/api.w.org\/{rel}","templated":true}]}}