{"id":159,"date":"2015-01-23T21:14:03","date_gmt":"2015-01-23T19:14:03","guid":{"rendered":"http:\/\/wordpress.nibis.de\/gshonde\/?page_id=159"},"modified":"2025-09-26T07:34:18","modified_gmt":"2025-09-26T05:34:18","slug":"schulprogramm","status":"publish","type":"page","link":"https:\/\/wordpress.nibis.de\/gshonde\/schule\/schulprogramm\/","title":{"rendered":"Schulprogramm"},"content":{"rendered":"<p>Das Schulprogramm der Grundschule Hondelage wird regelm\u00e4\u00dfig fortgeschrieben. Hier finden Sie die Version aus dem <a href=\"https:\/\/wordpress.nibis.de\/gshonde\/files\/2025\/09\/2024_2025-Schulprogramm.pdf\">November 2024<\/a>.<\/p>\n<p>Momentan findet eine &#8222;\u00dcberarbeitung&#8220; statt.<\/p>\n<p>Danach wird die neue Version an dieser Stelle ver\u00f6ffentlicht werden.<\/p>\n","protected":false},"excerpt":{"rendered":"<p>Das Schulprogramm der Grundschule Hondelage wird regelm\u00e4\u00dfig fortgeschrieben. Hier finden Sie die Version aus dem November 2024. Momentan findet eine &#8222;\u00dcberarbeitung&#8220; statt. Danach wird die neue Version an dieser Stelle ver\u00f6ffentlicht werden.<\/p>\n","protected":false},"author":553,"featured_media":0,"parent":13,"menu_order":0,"comment_status":"closed","ping_status":"closed","template":"","meta":{"footnotes":""},"class_list":["post-159","page","type-page","status-publish","hentry"],"_links":{"self":[{"href":"https:\/\/wordpress.nibis.de\/gshonde\/wp-json\/wp\/v2\/pages\/159","targetHints":{"allow":["GET"]}}],"collection":[{"href":"https:\/\/wordpress.nibis.de\/gshonde\/wp-json\/wp\/v2\/pages"}],"about":[{"href":"https:\/\/wordpress.nibis.de\/gshonde\/wp-json\/wp\/v2\/types\/page"}],"author":[{"embeddable":true,"href":"https:\/\/wordpress.nibis.de\/gshonde\/wp-json\/wp\/v2\/users\/553"}],"replies":[{"embeddable":true,"href":"https:\/\/wordpress.nibis.de\/gshonde\/wp-json\/wp\/v2\/comments?post=159"}],"version-history":[{"count":8,"href":"https:\/\/wordpress.nibis.de\/gshonde\/wp-json\/wp\/v2\/pages\/159\/revisions"}],"predecessor-version":[{"id":4554,"href":"https:\/\/wordpress.nibis.de\/gshonde\/wp-json\/wp\/v2\/pages\/159\/revisions\/4554"}],"up":[{"embeddable":true,"href":"https:\/\/wordpress.nibis.de\/gshonde\/wp-json\/wp\/v2\/pages\/13"}],"wp:attachment":[{"href":"https:\/\/wordpress.nibis.de\/gshonde\/wp-json\/wp\/v2\/media?parent=159"}],"curies":[{"name":"wp","href":"https:\/\/api.w.org\/{rel}","templated":true}]}}