{"id":162,"date":"2015-01-23T21:17:06","date_gmt":"2015-01-23T19:17:06","guid":{"rendered":"http:\/\/wordpress.nibis.de\/gshonde\/?page_id=162"},"modified":"2025-09-26T07:29:07","modified_gmt":"2025-09-26T05:29:07","slug":"schul-abc","status":"publish","type":"page","link":"https:\/\/wordpress.nibis.de\/gshonde\/schule\/schul-abc\/","title":{"rendered":"Schul-ABC"},"content":{"rendered":"<p><span style=\"color: #000000;font-family: Arial, Helvetica, sans-serif\">Liebe Eltern und G\u00e4ste,<\/span><\/p>\n<p><span style=\"color: #000000;font-family: Arial, Helvetica, sans-serif\">wir m\u00f6chten Sie mit diesem kleinen <a href=\"https:\/\/wordpress.nibis.de\/gshonde\/files\/2025\/09\/Schula-ABC-25_26.pdf\">Schul &#8211; ABC<\/a> in der Grundschule Hondelage herzlich willkommen hei\u00dfen und Ihnen <\/span><span style=\"color: #000000;font-family: Arial, Helvetica, sans-serif\">ein paar Hinweise geben, was die Grundschule Ihren Kindern bietet und welche Grunds\u00e4tze im t\u00e4glichen Miteinander uns wichtig sind.<\/span><\/p>\n<p><span style=\"color: #000000;font-family: Arial, Helvetica, sans-serif\">Sollten sich noch weitere Fragen ergeben, so stehen Ihnen hierf\u00fcr die Klassenlehrerkr\u00e4fte sowie die Schulleitung zur Verf\u00fcgung.<\/span><\/p>\n<p><span style=\"color: #24551c;font-family: Arial, Helvetica, sans-serif\">\u00a0<\/span><\/p>\n","protected":false},"excerpt":{"rendered":"<p>Liebe Eltern und G\u00e4ste, wir m\u00f6chten Sie mit diesem kleinen Schul &#8211; ABC in der Grundschule Hondelage herzlich willkommen hei\u00dfen und Ihnen ein paar Hinweise geben, was die Grundschule Ihren Kindern bietet und welche Grunds\u00e4tze im t\u00e4glichen Miteinander uns wichtig sind. Sollten sich noch weitere Fragen ergeben, so stehen Ihnen hierf\u00fcr die Klassenlehrerkr\u00e4fte sowie die &hellip; <a href=\"https:\/\/wordpress.nibis.de\/gshonde\/schule\/schul-abc\/\" class=\"more-link\"><span class=\"screen-reader-text\">Schul-ABC<\/span> weiterlesen <span class=\"meta-nav\">&rarr;<\/span><\/a><\/p>\n","protected":false},"author":553,"featured_media":0,"parent":13,"menu_order":0,"comment_status":"closed","ping_status":"closed","template":"","meta":{"footnotes":""},"class_list":["post-162","page","type-page","status-publish","hentry"],"_links":{"self":[{"href":"https:\/\/wordpress.nibis.de\/gshonde\/wp-json\/wp\/v2\/pages\/162","targetHints":{"allow":["GET"]}}],"collection":[{"href":"https:\/\/wordpress.nibis.de\/gshonde\/wp-json\/wp\/v2\/pages"}],"about":[{"href":"https:\/\/wordpress.nibis.de\/gshonde\/wp-json\/wp\/v2\/types\/page"}],"author":[{"embeddable":true,"href":"https:\/\/wordpress.nibis.de\/gshonde\/wp-json\/wp\/v2\/users\/553"}],"replies":[{"embeddable":true,"href":"https:\/\/wordpress.nibis.de\/gshonde\/wp-json\/wp\/v2\/comments?post=162"}],"version-history":[{"count":10,"href":"https:\/\/wordpress.nibis.de\/gshonde\/wp-json\/wp\/v2\/pages\/162\/revisions"}],"predecessor-version":[{"id":4549,"href":"https:\/\/wordpress.nibis.de\/gshonde\/wp-json\/wp\/v2\/pages\/162\/revisions\/4549"}],"up":[{"embeddable":true,"href":"https:\/\/wordpress.nibis.de\/gshonde\/wp-json\/wp\/v2\/pages\/13"}],"wp:attachment":[{"href":"https:\/\/wordpress.nibis.de\/gshonde\/wp-json\/wp\/v2\/media?parent=162"}],"curies":[{"name":"wp","href":"https:\/\/api.w.org\/{rel}","templated":true}]}}