{"id":1638,"date":"2017-12-04T21:41:28","date_gmt":"2017-12-04T19:41:28","guid":{"rendered":"http:\/\/wordpress.nibis.de\/gshonde\/?page_id=1638"},"modified":"2017-12-04T21:42:33","modified_gmt":"2017-12-04T19:42:33","slug":"busregeln","status":"publish","type":"page","link":"https:\/\/wordpress.nibis.de\/gshonde\/eltern\/busregeln\/","title":{"rendered":"Busregeln"},"content":{"rendered":"<p class=\"western\" align=\"LEFT\"><span style=\"font-family: Arial, sans-serif\"><span style=\"font-size: small\"><b>Liebe Eltern und liebe Busfahrkinder!<\/b><\/span><\/span><\/p>\n<p class=\"western\" align=\"JUSTIFY\"><span style=\"font-family: Arial, sans-serif\"><span style=\"font-size: small\">Da es immer wieder Probleme um das Busfahren gegeben hat, haben der Sch\u00fclerrat, der Schulelternrat und die Gesamtkonferenz die folgenden Grunds\u00e4tze einstimmig beschlossen: <\/span><\/span><\/p>\n<p class=\"western\" align=\"JUSTIFY\"><span style=\"font-family: Arial, sans-serif\"><span style=\"font-size: small\">Viele Kinder kommen mit dem Bus zur Schule. Damit sich alle Kinder auf ihrem Schulweg wohl f\u00fchlen, m\u00fcssen bestimmte Regeln eingehalten werden. Wir alle m\u00fcssen R\u00fccksicht aufeinander nehmen. Unterst\u00fctzt euch gegenseitig beim Einhalten dieser Regeln.<\/span><\/span><\/p>\n<h1 class=\"western\"><span style=\"font-family: Arial, sans-serif\"><span style=\"font-size: small\">Verhalten an der Haltestelle<\/span><\/span><\/h1>\n<p class=\"western\" align=\"JUSTIFY\"><span style=\"font-size: medium\"><span style=\"font-family: Arial, sans-serif\"><span style=\"font-size: small\">Das solltest du beachten, wenn du mit dem Bus zur Schule musst:<\/span><\/span><b> <\/b><\/span><\/p>\n<p class=\"western\" align=\"LEFT\"><span style=\"font-size: medium\"><span style=\"font-family: Arial, sans-serif\"><span style=\"font-size: small\">1. <\/span><\/span><span style=\"font-family: Arial, sans-serif\"><span style=\"font-size: small\"><b>Geh rechtzeitig von zu Hause los<\/b><\/span><\/span><span style=\"font-family: Arial, sans-serif\"><span style=\"font-size: small\">, damit du nicht hetzen musst, um <\/span><\/span><\/span><span style=\"font-family: Arial, sans-serif\"><span style=\"font-size: small\">den Bus zu erreichen.<\/span><\/span><\/p>\n<p class=\"western\" align=\"LEFT\"><span style=\"font-size: medium\"><span style=\"font-family: Arial, sans-serif\"><span style=\"font-size: small\">2. <\/span><\/span><span style=\"font-family: Arial, sans-serif\"><span style=\"font-size: small\"><b>Lauf nie zu einem <\/b><\/span><\/span><span style=\"font-family: Arial, sans-serif\"><span style=\"font-size: small\">abfahrbereiten <\/span><\/span><span style=\"font-family: Arial, sans-serif\"><span style=\"font-size: small\"><b>Bus<\/b><\/span><\/span><span style=\"font-family: Arial, sans-serif\"><span style=\"font-size: small\"> \u00fcber die Fahrbahn,<\/span><\/span><b> <\/b><span style=\"font-family: Arial, sans-serif\"><span style=\"font-size: small\">ohne vorher <\/span><\/span><\/span><span style=\"font-family: Arial, sans-serif\"><span style=\"font-size: small\">auf den Verkehr zu achten.<\/span><\/span><\/p>\n<p class=\"western\" align=\"LEFT\"><span style=\"font-size: medium\"><span style=\"font-family: Arial, sans-serif\"><span style=\"font-size: small\">3. Wenn der Schulbus noch nicht da ist, musst du <\/span><\/span><span style=\"font-family: Arial, sans-serif\"><span style=\"font-size: small\"><b>auf dem Schulhof <\/b><\/span><\/span><\/span><span style=\"font-size: medium\"><span style=\"font-family: Arial, sans-serif\"><span style=\"font-size: small\"><b>warten<\/b><\/span><\/span><span style=\"font-family: Arial, sans-serif\"><span style=\"font-size: small\">.<\/span><\/span><\/span><\/p>\n<p class=\"western\" align=\"LEFT\"><span style=\"font-size: medium\"><span style=\"font-family: Arial, sans-serif\"><span style=\"font-size: small\">4. <\/span><\/span><span style=\"font-family: Arial, sans-serif\"><span style=\"font-size: small\"><b>Tritt erst an den Bus heran, wenn die T\u00fcren ge\u00f6ffnet sind.<\/b><\/span><\/span><\/span><\/p>\n<p class=\"western\" align=\"LEFT\"><span style=\"font-size: medium\"><span style=\"font-family: Arial, sans-serif\"><span style=\"font-size: small\">5. <\/span><\/span><span style=\"font-family: Arial, sans-serif\"><span style=\"font-size: small\"><b>Dr\u00e4ngle nicht beim Einsteigen. <\/b><\/span><\/span><span style=\"font-family: Arial, sans-serif\"><span style=\"font-size: small\">Du gef\u00e4hrdest damit dich und andere.<\/span><\/span><\/span><\/p>\n<h1 class=\"western\"><span style=\"font-family: Arial, sans-serif\"><span style=\"font-size: small\">Verhalten im Bus<\/span><\/span><\/h1>\n<p class=\"western\" align=\"LEFT\"><span style=\"font-size: medium\"><span style=\"font-family: Arial, sans-serif\"><span style=\"font-size: small\">6. <\/span><\/span><span style=\"font-family: Arial, sans-serif\"><span style=\"font-size: small\"><b>Geh gleich nach hinten weiter<\/b><\/span><\/span><span style=\"font-family: Arial, sans-serif\"><span style=\"font-size: small\">, bis du einen freien Platz gefunden hast. <\/span><\/span><\/span><span style=\"font-family: Arial, sans-serif\"><span style=\"font-size: small\">K\u00e4mpfe nicht um einen\u00a0\u00a0 Sitzplatz mit einem anderen Sch\u00fcler.\u00a0<\/span><\/span><span style=\"font-family: Arial, sans-serif\"><span style=\"font-size: small\"><b> Kinder aus den 3. und 4. Klassen stellen ihre Sitzpl\u00e4tze den Kindern <\/b><\/span><\/span><span style=\"font-family: Arial, sans-serif\"><span style=\"font-size: small\"><b>aus der 1. und 2. Klasse zur Verf\u00fcgung. <\/b><\/span><\/span><\/p>\n<p class=\"western\" align=\"LEFT\"><span style=\"font-size: medium\"><span style=\"font-family: Arial, sans-serif\"><span style=\"font-size: small\">7. <\/span><\/span><span style=\"font-family: Arial, sans-serif\"><span style=\"font-size: small\"><b>Stelle den Ranzen vor deine F\u00fc\u00dfe.<\/b><\/span><\/span> <span style=\"font-family: Arial, sans-serif\"><span style=\"font-size: small\"><b>Bleib w\u00e4hrend der Fahrt auf <\/b><\/span><\/span><\/span><span style=\"font-family: Arial, sans-serif\"><span style=\"font-size: small\"><b>deinem Platz sitzen, bis der Bus h\u00e4lt.<\/b><\/span><\/span><\/p>\n<p class=\"western\" align=\"LEFT\"><span style=\"font-size: medium\"><span style=\"font-family: Arial, sans-serif\"><span style=\"font-size: small\">8. <\/span><\/span><span style=\"font-family: Arial, sans-serif\"><span style=\"font-size: small\"><b>Wenn du stehen musst, halte dich<\/b><\/span><\/span><span style=\"font-family: Arial, sans-serif\"><span style=\"font-size: small\"> w\u00e4hrend der gesamten Fahrt <\/span><\/span><span style=\"font-family: Arial, sans-serif\"><span style=\"font-size: small\"><b>gut <\/b><\/span><\/span><\/span><span style=\"font-size: medium\"><span style=\"font-family: Arial, sans-serif\"><span style=\"font-size: small\"><b>fest<\/b><\/span><\/span><span style=\"font-family: Arial, sans-serif\"><span style=\"font-size: small\">.<\/span><\/span><\/span><\/p>\n<p class=\"western\" align=\"LEFT\"><span style=\"font-size: medium\"><span style=\"font-family: Arial, sans-serif\"><span style=\"font-size: small\">9. <\/span><\/span><span style=\"font-family: Arial, sans-serif\"><span style=\"font-size: small\"><b>Toben, turnen, andere \u00e4rgern und schubsen<\/b><\/span><\/span> <span style=\"font-family: Arial, sans-serif\"><span style=\"font-size: small\"><b>im Bus ist strengstens <\/b><\/span><\/span><\/span><span style=\"font-family: Arial, sans-serif\"><span style=\"font-size: small\"><b>verboten.<\/b><\/span><\/span><\/p>\n<p class=\"western\" align=\"LEFT\"><span style=\"font-size: medium\"><span style=\"font-family: Arial, sans-serif\"><span style=\"font-size: small\">10. <\/span><\/span><span style=\"font-family: Arial, sans-serif\"><span style=\"font-size: small\"><b>Dr\u00e4ngle nicht beim Aussteigen.<\/b><\/span><\/span><span style=\"font-family: Arial, sans-serif\"><span style=\"font-size: small\"> Wenn Kinder aussteigen, m\u00fcssen wir <\/span><\/span><\/span><span style=\"font-family: Arial, sans-serif\"><span style=\"font-size: small\">Platz machen. Die T\u00fcren m\u00fcssen zum \u00d6ffnen freigehalten werden.<\/span><\/span><\/p>\n<h1 class=\"western\"><span style=\"font-family: Arial, sans-serif\"><span style=\"font-size: small\">Verhalten nach dem Aussteigen<\/span><\/span><\/h1>\n<p class=\"western\" align=\"LEFT\"><span style=\"font-size: medium\"><span style=\"font-family: Arial, sans-serif\"><span style=\"font-size: small\">11. <\/span><\/span><span style=\"font-family: Arial, sans-serif\"><span style=\"font-size: small\"><b>Warte nach dem Aussteigen, <\/b><\/span><\/span><span style=\"font-family: Arial, sans-serif\"><span style=\"font-size: small\">bis der<\/span><\/span><b> <\/b><span style=\"font-family: Arial, sans-serif\"><span style=\"font-size: small\">Bus weggefahren ist, bevor du <\/span><\/span><\/span><span style=\"font-family: Arial, sans-serif\"><span style=\"font-size: small\">die Stra\u00dfe \u00fcberquerst. Achte dabei auf den Verkehr.<\/span><\/span><\/p>\n<p class=\"western\" align=\"LEFT\"><span style=\"font-size: medium\"><span style=\"font-family: Arial, sans-serif\"><span style=\"font-size: small\">12. <\/span><\/span><span style=\"font-family: Arial, sans-serif\"><span style=\"font-size: small\"><b>Spiel und lauf nie <\/b><\/span><\/span> <span style=\"font-family: Arial, sans-serif\"><span style=\"font-size: small\"><b>vor oder hinter dem Bus.<\/b><\/span><\/span><span style=\"font-family: Arial, sans-serif\"><span style=\"font-size: small\"> Der Fahrer kann dich <\/span><\/span><\/span><span style=\"font-family: Arial, sans-serif\"><span style=\"font-size: small\">leicht \u00fcbersehen.<\/span><\/span><\/p>\n<p class=\"western\" align=\"LEFT\"><span style=\"font-size: medium\"><span style=\"font-family: Arial, sans-serif\"><span style=\"font-size: small\">13.<\/span><\/span><span style=\"font-family: Arial, sans-serif\"><span style=\"font-size: small\"><b> Befolge immer die Anordnungen des Busfahrers.<\/b><\/span><\/span><\/span><\/p>\n<p class=\"western\" align=\"JUSTIFY\"><span style=\"font-family: Arial, sans-serif\"><span style=\"font-size: small\"><b>Kinder, die sich nicht an diese Regeln halten, k\u00f6nnen vom Busfahren ausgeschlossen werden. Die Eltern m\u00fcssen ihre Kinder dann selbst zur Schule fahren!<\/b><\/span><\/span><\/p>\n<p class=\"western\" align=\"CENTER\">\n","protected":false},"excerpt":{"rendered":"<p>Liebe Eltern und liebe Busfahrkinder! Da es immer wieder Probleme um das Busfahren gegeben hat, haben der Sch\u00fclerrat, der Schulelternrat und die Gesamtkonferenz die folgenden Grunds\u00e4tze einstimmig beschlossen: Viele Kinder kommen mit dem Bus zur Schule. Damit sich alle Kinder auf ihrem Schulweg wohl f\u00fchlen, m\u00fcssen bestimmte Regeln eingehalten werden. Wir alle m\u00fcssen R\u00fccksicht aufeinander &hellip; <a href=\"https:\/\/wordpress.nibis.de\/gshonde\/eltern\/busregeln\/\" class=\"more-link\"><span class=\"screen-reader-text\">Busregeln<\/span> weiterlesen <span class=\"meta-nav\">&rarr;<\/span><\/a><\/p>\n","protected":false},"author":1075,"featured_media":0,"parent":79,"menu_order":0,"comment_status":"closed","ping_status":"closed","template":"","meta":{"footnotes":""},"class_list":["post-1638","page","type-page","status-publish","hentry"],"_links":{"self":[{"href":"https:\/\/wordpress.nibis.de\/gshonde\/wp-json\/wp\/v2\/pages\/1638","targetHints":{"allow":["GET"]}}],"collection":[{"href":"https:\/\/wordpress.nibis.de\/gshonde\/wp-json\/wp\/v2\/pages"}],"about":[{"href":"https:\/\/wordpress.nibis.de\/gshonde\/wp-json\/wp\/v2\/types\/page"}],"author":[{"embeddable":true,"href":"https:\/\/wordpress.nibis.de\/gshonde\/wp-json\/wp\/v2\/users\/1075"}],"replies":[{"embeddable":true,"href":"https:\/\/wordpress.nibis.de\/gshonde\/wp-json\/wp\/v2\/comments?post=1638"}],"version-history":[{"count":1,"href":"https:\/\/wordpress.nibis.de\/gshonde\/wp-json\/wp\/v2\/pages\/1638\/revisions"}],"predecessor-version":[{"id":1639,"href":"https:\/\/wordpress.nibis.de\/gshonde\/wp-json\/wp\/v2\/pages\/1638\/revisions\/1639"}],"up":[{"embeddable":true,"href":"https:\/\/wordpress.nibis.de\/gshonde\/wp-json\/wp\/v2\/pages\/79"}],"wp:attachment":[{"href":"https:\/\/wordpress.nibis.de\/gshonde\/wp-json\/wp\/v2\/media?parent=1638"}],"curies":[{"name":"wp","href":"https:\/\/api.w.org\/{rel}","templated":true}]}}