{"id":1641,"date":"2017-12-04T21:49:38","date_gmt":"2017-12-04T19:49:38","guid":{"rendered":"http:\/\/wordpress.nibis.de\/gshonde\/?page_id=1641"},"modified":"2025-09-25T19:37:31","modified_gmt":"2025-09-25T17:37:31","slug":"unsere-schulregeln","status":"publish","type":"page","link":"https:\/\/wordpress.nibis.de\/gshonde\/schule\/unsere-schulregeln\/","title":{"rendered":"Die Schulregeln"},"content":{"rendered":"<p class=\"western\"><span style=\"font-family: Arial, sans-serif\"><span style=\"font-size: medium\"><b>Liebe Eltern und liebe Kinder!<\/b><\/span><\/span><\/p>\n<p class=\"western\" align=\"JUSTIFY\"><span style=\"font-family: Arial, sans-serif\"><span style=\"font-size: medium\">Lehrer, Sch\u00fcler und Eltern haben sich mit der Erarbeitung von einheitlichen Schulregeln besch\u00e4ftigt. Entstanden ist hieraus die folgende \u201eSchulvereinbarung\u201c die von der Gesamtkonferenz, vom Schulelternrat und vom Sch\u00fclerrat beschlossen worden ist.<\/span><\/span><\/p>\n<p class=\"western\" align=\"JUSTIFY\"><span style=\"font-family: Arial, sans-serif\"><span style=\"font-size: medium\"><b>Umgang miteinander <\/b><\/span><\/span><\/p>\n<ol>\n<li>\n<p align=\"JUSTIFY\"><span style=\"font-family: Arial, sans-serif\"><span style=\"font-size: medium\">Ich spreche freundlich mit Sch\u00fclern und Lehrern.<\/span><\/span><\/p>\n<\/li>\n<li>\n<p class=\"western\" align=\"JUSTIFY\"><span style=\"font-family: Arial, sans-serif\"><span style=\"font-size: medium\">Ich gehe mit allen r\u00fccksichtsvoll und h\u00f6flich um.<\/span><\/span><\/p>\n<\/li>\n<li>\n<p class=\"western\" align=\"JUSTIFY\"><span style=\"font-family: Arial, sans-serif\"><span style=\"font-size: medium\">Ich akzeptiere ein \u201eNein\u201c oder \u201eStopp\u201c.<\/span><\/span><\/p>\n<\/li>\n<li>\n<p class=\"western\" align=\"JUSTIFY\"><span style=\"font-family: Arial, sans-serif\"><span style=\"font-size: medium\">Ich schlichte Streit mit Worten und vermeide jede Art von k\u00f6rperlicher Gewalt.<\/span><\/span><\/p>\n<\/li>\n<\/ol>\n<p><span style=\"font-family: Arial, sans-serif\"><span style=\"font-size: medium\"><b>Verhalten in der Pausenhalle\/ Pausenordnung<\/b><\/span><\/span><\/p>\n<ol>\n<li>\n<p align=\"JUSTIFY\"><span style=\"font-family: Arial, sans-serif\"><span style=\"font-size: medium\">In der Pausenhalle gehe ich.<\/span><\/span><\/p>\n<\/li>\n<li>\n<p class=\"western\" align=\"JUSTIFY\"><span style=\"font-family: Arial, sans-serif\"><span style=\"font-size: medium\">Ich halte mich in den kleinen Pausen, in den Fr\u00fchst\u00fcckspausen, vor dem Unterricht und in den Regenpausen in der Klasse auf. Ausnahmen: Toilettengang<\/span><\/span><\/p>\n<\/li>\n<\/ol>\n<ol start=\"3\">\n<li>\n<p class=\"western\" align=\"JUSTIFY\"><span style=\"font-family: Arial, sans-serif\"><span style=\"font-size: medium\">Ich gehe nach dem Klingeln sofort in den gro\u00dfen Pausen auf den Schulhof und spiele fair.<\/span><\/span><\/p>\n<\/li>\n<\/ol>\n<h3 class=\"western\"><span style=\"font-family: Arial, sans-serif\"><span style=\"font-size: medium\">Schulgeb\u00e4ude<\/span><\/span><\/h3>\n<ol>\n<li>\n<p class=\"western\" align=\"JUSTIFY\"><span style=\"font-family: Arial, sans-serif\"><span style=\"font-size: medium\">Ich halte die Toiletten sauber und gehe sparsam mit Papierhandt\u00fcchern und Toilettenpapier um.<\/span><\/span><\/p>\n<\/li>\n<\/ol>\n<p class=\"western\"><span style=\"font-family: Arial, sans-serif\"><span style=\"font-size: medium\"><b>Schulgel\u00e4nde<\/b><\/span><\/span><\/p>\n<ol>\n<li>\n<p class=\"western\" align=\"JUSTIFY\"><span style=\"font-family: Arial, sans-serif\"><span style=\"font-size: medium\">Weil es zu gef\u00e4hrlich ist, klettere ich nicht auf Container, Mauern, B\u00e4ume und D\u00e4cher.<\/span><\/span><\/p>\n<\/li>\n<li>\n<p class=\"western\" align=\"JUSTIFY\"><span style=\"font-family: Arial, sans-serif\"><span style=\"font-size: medium\">Papier und Abf\u00e4lle werfe ich in die aufgestellten Beh\u00e4lter, weil wir uns in einer sauberen Schule wohler f\u00fchlen. <\/span><\/span><\/p>\n<\/li>\n<li>\n<p class=\"western\" align=\"JUSTIFY\"><span style=\"font-family: Arial, sans-serif\"><span style=\"font-size: medium\">Ich bleibe w\u00e4hrend der Schulzeit auf dem Schulgel\u00e4nde.<\/span><\/span><\/p>\n<\/li>\n<\/ol>\n<p class=\"western\"><span style=\"font-family: Arial, sans-serif\"><span style=\"font-size: medium\"><b>Hinweise f\u00fcr Eltern<\/b><\/span><\/span><\/p>\n<p class=\"western\" align=\"JUSTIFY\"><span style=\"font-family: Arial, sans-serif\"><span style=\"font-size: medium\">Um die Eigenst\u00e4ndigkeit und das Selbstbewusstsein der Kinder zu f\u00f6rdern, sollten sie m\u00f6glichst bald selbstst\u00e4ndig zur Schule kommen:<\/span><\/span><\/p>\n<ol>\n<li class=\"western\"><span style=\"font-family: Arial, sans-serif\"><span style=\"font-size: medium\">Die Eltern begleiten die Kinder falls erforderlich bis zum <\/span><\/span><span style=\"font-family: Arial, sans-serif\"><span style=\"font-size: medium\">Schultor, verabschieden&nbsp; sich dort und holen sie dort wieder ab.<\/span><\/span><\/li>\n<li class=\"western\">&nbsp;<span style=\"font-family: Arial, sans-serif\"><span style=\"font-size: medium\">Die Kinder sollten ihre Schulranzen selber tragen.<\/span><\/span><\/li>\n<li class=\"western\">&nbsp;Bitte benutzen Sie den markierten Parkstreifen am Ackerweg.<\/li>\n<li class=\"western\"><span style=\"font-size: medium\">Das Halten und Parken am Schultor \u201eIn den Heistern\u201c und <\/span><span style=\"font-family: Arial, sans-serif\"><span style=\"font-size: medium\">direkt im Kreuzungsbereich gef\u00e4hrdet die Sicherheit der Kinder, <\/span><\/span><span style=\"font-family: Arial, sans-serif\"><span style=\"font-size: medium\">denn<\/span><\/span>&nbsp;<span style=\"font-family: Arial, sans-serif\"><span style=\"font-size: medium\">haltende und parkende Fahrzeuge behindern die Sicht der Kinder auf den flie\u00dfenden Verkehr.<\/span><\/span><\/li>\n<li class=\"western\">&nbsp;A<span style=\"font-family: Arial, sans-serif\"><span style=\"font-size: medium\">nkommende Autofahrer k\u00f6nnen die Kinder schlechter s<\/span><\/span><span style=\"font-family: Arial, sans-serif\"><span style=\"font-size: medium\">ehen.<\/span><\/span><\/li>\n<\/ol>\n\n\n<p>\u00a0<\/p>\n<p align=\"JUSTIFY\"><span style=\"font-family: Arial, serif\"><span style=\"font-size: medium\"><b>Wenn \u00fcberhaupt ben\u00f6tigt, sind Handys und Uhren mit Telefonfunktion w\u00e4hrend des Schulvormittags abgeschaltet im Schulranzen aufzubewahren.<\/b><\/span><\/span><\/p>\n","protected":false},"excerpt":{"rendered":"<p>Liebe Eltern und liebe Kinder! Lehrer, Sch\u00fcler und Eltern haben sich mit der Erarbeitung von einheitlichen Schulregeln besch\u00e4ftigt. Entstanden ist hieraus die folgende \u201eSchulvereinbarung\u201c die von der Gesamtkonferenz, vom Schulelternrat und vom Sch\u00fclerrat beschlossen worden ist. Umgang miteinander Ich spreche freundlich mit Sch\u00fclern und Lehrern. Ich gehe mit allen r\u00fccksichtsvoll und h\u00f6flich um. Ich akzeptiere &hellip; <a href=\"https:\/\/wordpress.nibis.de\/gshonde\/schule\/unsere-schulregeln\/\" class=\"more-link\"><span class=\"screen-reader-text\">Die Schulregeln<\/span> weiterlesen <span class=\"meta-nav\">&rarr;<\/span><\/a><\/p>\n","protected":false},"author":1075,"featured_media":0,"parent":13,"menu_order":0,"comment_status":"closed","ping_status":"closed","template":"","meta":{"footnotes":""},"class_list":["post-1641","page","type-page","status-publish","hentry"],"_links":{"self":[{"href":"https:\/\/wordpress.nibis.de\/gshonde\/wp-json\/wp\/v2\/pages\/1641","targetHints":{"allow":["GET"]}}],"collection":[{"href":"https:\/\/wordpress.nibis.de\/gshonde\/wp-json\/wp\/v2\/pages"}],"about":[{"href":"https:\/\/wordpress.nibis.de\/gshonde\/wp-json\/wp\/v2\/types\/page"}],"author":[{"embeddable":true,"href":"https:\/\/wordpress.nibis.de\/gshonde\/wp-json\/wp\/v2\/users\/1075"}],"replies":[{"embeddable":true,"href":"https:\/\/wordpress.nibis.de\/gshonde\/wp-json\/wp\/v2\/comments?post=1641"}],"version-history":[{"count":5,"href":"https:\/\/wordpress.nibis.de\/gshonde\/wp-json\/wp\/v2\/pages\/1641\/revisions"}],"predecessor-version":[{"id":4544,"href":"https:\/\/wordpress.nibis.de\/gshonde\/wp-json\/wp\/v2\/pages\/1641\/revisions\/4544"}],"up":[{"embeddable":true,"href":"https:\/\/wordpress.nibis.de\/gshonde\/wp-json\/wp\/v2\/pages\/13"}],"wp:attachment":[{"href":"https:\/\/wordpress.nibis.de\/gshonde\/wp-json\/wp\/v2\/media?parent=1641"}],"curies":[{"name":"wp","href":"https:\/\/api.w.org\/{rel}","templated":true}]}}