{"id":1678,"date":"2017-12-18T11:58:43","date_gmt":"2017-12-18T09:58:43","guid":{"rendered":"http:\/\/wordpress.nibis.de\/gshonde\/?page_id=1678"},"modified":"2026-02-13T08:29:25","modified_gmt":"2026-02-13T06:29:25","slug":"schulanfaenger-2022-2023","status":"publish","type":"page","link":"https:\/\/wordpress.nibis.de\/gshonde\/eltern\/schulanfaenger-2022-2023\/","title":{"rendered":"Schulanf\u00e4ngerkinder  2026\/2027"},"content":{"rendered":"\n<p class=\"has-yellow-background-color has-background has-medium-font-size\"><strong>Anmeldewoche<\/strong><\/p>\n\n\n\n<p>Die&nbsp;<strong>Anmeldung<\/strong> der Schulanf\u00e4ngerinnen und Schulanf\u00e4nger f\u00fcr das Schuljahr 2026\/27 an der Grundschule Hondelage finden in der Woche<strong> vom 5. Mai 2025 bis&nbsp; Freitag, 9. Mai 2025 <\/strong>statt.<\/p>\n<p class=\"has-dark-gray-color has-text-color\"><strong>Schulpflichtig werden alle Kinder, die bis zum einschlie\u00dflich 30.09.2025 das sechste Lebensjahr vollendet haben.<\/strong> <strong>Dazu z\u00e4hlen auch die Kinder, die am 1. Oktober ihren 6. Geburtstag haben.<\/strong><\/p>\n<p class=\"has-dark-gray-color has-text-color\">F\u00fcr Kinder, die das sechste Lebensjahr zwischen dem 1. Juli und dem 30. September eines Jahres vollenden, k\u00f6nnen die Erziehungsberechtigten den Schulbesuch durch schriftliche Erkl\u00e4rung gegen\u00fcber der Schule um ein Jahr hinausschieben (<strong>\u201e<a href=\"https:\/\/wordpress.nibis.de\/gslamme\/files\/2020\/04\/Informationsblatt_Erziehungsberechtigte_Flexibilisierung_Einschulungstermin_Stand_Februar_2020.pdf\">Flexikindregelung<\/a>\u201c<\/strong>). Die formlose Erkl\u00e4rung ist vor dem Beginn des betreffenden Schuljahres bis zum 1. Mai gegen\u00fcber der Schule abzugeben. Sie muss nicht begr\u00fcndet werden.&nbsp;<strong>Aber auch diese Kinder m\u00fcssen in jedem Fall bereits angemeldet werden.<\/strong><\/p>\n<p><strong>Sie erhalten alle Formulare von uns per Post!<\/strong> Die R\u00fcckgabe Ihrerseits kann ebenfalls auf dem Postweg erfolgen oder sie schmei\u00dfen die vollst\u00e4ndigen Unterlagen in den Schulbriefkasten. Gerne k\u00f6nnen Sie sie aber auch zu den angegebenen B\u00fcrozeiten in der Schule pers\u00f6nlich abgeben.&nbsp;<\/p>\n<p><strong>Folgende Unterlagen sind in jedem Fall vorzulegen:<\/strong><\/p>\n<p>\u2013 Geburtsurkunde des Kindes<\/p>\n<p>\u2013 ausgef\u00fcllte Formulare zur Anmeldung, die Ihnen zugesandt werden<\/p>\n<p class=\"has-dark-gray-color has-text-color\">\u2013&nbsp;Anmeldebogen<\/p>\n<p>\u2013 Masernimpf\u00fcberpr\u00fcfung oder Impfausweis<\/p>\n<p><strong>Falls Sie bis zum 1. Mai 2025 keine Unterlagen von der Schule erhalten haben, melden Sie sich bitte in der Schule.&nbsp;<\/strong><\/p>\n<p>\u00dcber das elektronische Anmeldeverfahren NEO, das von Seiten der Stadt und des Landes Niedersachsen in der Erprobung ist, informieren wir Sie rechtzeitig.&nbsp;<\/p>\n\n\n\n<p class=\"has-yellow-background-color has-background has-medium-font-size\"><strong>Flyer<\/strong><\/p>\n\n\n\n<p>Flyer: <a href=\"https:\/\/wordpress.nibis.de\/gshonde\/files\/2025\/03\/2025-03-Flyer-Wegweiser-bis-zur-Einschulung.pdf\">Wegweiser bis zur Einschulung<\/a><\/p>\n\n\n\n<p>Flyer: <a href=\"https:\/\/wordpress.nibis.de\/gshonde\/files\/2025\/03\/2025-03-Flyer-Schulfaehigkeit.pdf\">Schulf\u00e4higkeit<\/a><\/p>\n\n\n\n<p class=\"has-yellow-background-color has-background has-medium-font-size\"><strong>Elternabend Kita &#8211; Schule<\/strong><\/p>\n\n\n\n<p>Am 24.03.2025 hat der gemeinsame Elternabend zwischen den Kitas aus Hondelage und der Grundschule stattgefunden. Hier finden Sie die <a href=\"https:\/\/wordpress.nibis.de\/gshonde\/files\/2025\/03\/2025-03-24-Kiga-GS-InfoElternabend_2026-aktualisiert.pdf\">Pr\u00e4sentation<\/a>.<\/p>\n\n\n\n<p class=\"has-yellow-background-color has-background has-medium-font-size\"><strong>Einschulung<\/strong> <\/p>\n\n\n\n<p>Die <strong>Einschulungsfeierlichkeiten<\/strong> finden am <strong>Samstag, den 15. August 2026<\/strong>, um 9.30 Uhr und 10.30 Uhr statt. Der <strong>Gottesdienst<\/strong> zur Einschulung in der Hondelager St. Johanneskirche wird am <strong>Freitag, den 14. August 2026,<\/strong> um 18.00 Uhr gefeiert werden.<\/p>\n\n\n\n<p class=\"has-yellow-background-color has-background has-medium-font-size\"><strong>Info Elternabend zur Einschulung<\/strong><\/p>\n\n\n\n<p>Der Elternabend ist geplant f\u00fcr <strong>Montag, den 15. Juni 2026, um 19.00 Uhr<\/strong> in der Pausenhalle der Grundschule Hondelage.<\/p>\n\n\n\n<p class=\"has-yellow-background-color has-background has-medium-font-size\"><strong>Kennlernnachmittag<\/strong><\/p>\n\n\n\n\n\n\n\n<p class=\"has-yellow-background-color has-background has-medium-font-size\"><strong>Schulanf\u00e4ngeruntersuchungen<\/strong><\/p>\n\n\n\n<p>Die Einladungen zu den Untersuchungen erhalten Sie direkt vom Gesundheitsamt.\u00a0<\/p>\n<p>Geplant sind, immer unter Vorbehalt, folgende Termine:<\/p>\n<p><strong>2.10., 4.12., 10.12., 11.12. und der 18.12. 2025.<\/strong><\/p>\n<p>Bitte sagen Sie im Falle von Krankheit oder anderer Verhinderung Ihren Termin ab. Fragen zu den Untersuchungen oder der Terminvergabe stellen Sie bitte direkt an die Mitarbeitenden des\u00a0 Gesundheitsamtes.<\/p>\n\n\n\n<p class=\"has-yellow-background-color has-background has-medium-font-size\"><strong>P\u00e4dagogische \u00dcberpr\u00fcfung<\/strong><\/p>\n\n\n\n<p>Zu den p\u00e4dagogischen \u00dcberpr\u00fcfungen am 11., 18. und 25.02.2026 erhalten Sie ggf. eine Einladung f\u00fcr Ihr Kind von uns.&nbsp;<\/p>\n\n\n\n<p class=\"has-yellow-background-color has-background has-medium-font-size\"><strong>Ideen f\u00fcr die Schult\u00fcte<\/strong><\/p>\n\n\n\n<p>Wenn Sie nach sinnvollen Ideen f\u00fcr die Schult\u00fcte suchen, bietet der F\u00f6rderverein der Grundschule mit T-Shirts, Hoodies, Tassen und Taschen zahlreiche Anregungen. Schauen Sie doch selber einmal:<\/p>\n\n\n\n<p><strong>Bestellformular \u2013 so geht\u2019s!<\/strong><\/p>\n\n\n\n<p>Bestellformular&nbsp;<a href=\"https:\/\/wordpress.nibis.de\/gshonde\/files\/2023\/06\/Bestellung-der-Schulkollektion-Sommer-2023.pdf\">Schulkollektion Einschulung 2023<\/a><\/p>\n\n\n\n<p>Bestellformular&nbsp;<a href=\"https:\/\/wordpress.nibis.de\/gshonde\/files\/2023\/06\/Bestellformular-Schulkollektion-gesamt-2023.pdf\">gesamte Kollektion 2023<\/a><\/p>\n\n\n\n<p>Bestellformular&nbsp;<a href=\"https:\/\/wordpress.nibis.de\/gshonde\/files\/2022\/03\/2022_04-Bestellformular-Masken-2022.pdf\">Masken<\/a><\/p>\n\n\n\n<p><a href=\"https:\/\/wordpress.nibis.de\/gshonde\/files\/2021\/05\/2021-Farbmuster-T-Shirts.pdf\">Farbmuster T-Shirts<\/a>,&nbsp;<a href=\"https:\/\/wordpress.nibis.de\/gshonde\/files\/2021\/05\/2021-Farbmuster-Hoodies.pdf\">Farbmuster Hoodies<\/a>,&nbsp;<a href=\"https:\/\/wordpress.nibis.de\/gshonde\/files\/2021\/05\/2021-Farbmuster-Masken.pdf\">Farbmuster Masken<\/a>,&nbsp;<a href=\"https:\/\/wordpress.nibis.de\/gshonde\/files\/2022\/03\/2022_04-Farbmuster-Sonstiges.pdf\">Farbmuster sonstige Artikel<\/a><\/p>\n\n\n\n<p>Und wenn Sie schon einmal dabei sind,<a href=\"https:\/\/wordpress.nibis.de\/gshonde\/wp-admin\/post.php?post=211&amp;action=edit\">&nbsp;<\/a><strong><a href=\"https:\/\/wordpress.nibis.de\/gshonde\/wp-admin\/post.php?post=211&amp;action=edit\">informieren<\/a><\/strong>&nbsp;Sie sich doch an dieser Stelle gleich \u00fcber den F\u00f6rderverein und werden Mitglied!<\/p>\n\n\n\n<p>Hier finden Sie in den Flyern <a href=\"https:\/\/wordpress.nibis.de\/gshonde\/files\/2020\/03\/03_2020-Flyer-Schulf\u00e4higkeit.pdf\">&#8222;Schulf\u00e4higkeit&#8220;<\/a> und <a href=\"https:\/\/wordpress.nibis.de\/gshonde\/files\/2020\/03\/03_2020-Flyer-Wegweiser-bis-zur-Einschulung.pdf\">&#8222;Wegweiser bis zur Einschulung&#8220;<\/a> weitere wichtige Informationen.<\/p>\n\n\n","protected":false},"excerpt":{"rendered":"<p>Anmeldewoche Die&nbsp;Anmeldung der Schulanf\u00e4ngerinnen und Schulanf\u00e4nger f\u00fcr das Schuljahr 2026\/27 an der Grundschule Hondelage finden in der Woche vom 5. Mai 2025 bis&nbsp; Freitag, 9. Mai 2025 statt. Schulpflichtig werden alle Kinder, die bis zum einschlie\u00dflich 30.09.2025 das sechste Lebensjahr vollendet haben. Dazu z\u00e4hlen auch die Kinder, die am 1. Oktober ihren 6. Geburtstag haben. &hellip; <a href=\"https:\/\/wordpress.nibis.de\/gshonde\/eltern\/schulanfaenger-2022-2023\/\" class=\"more-link\"><span class=\"screen-reader-text\">Schulanf\u00e4ngerkinder  2026\/2027<\/span> weiterlesen <span class=\"meta-nav\">&rarr;<\/span><\/a><\/p>\n","protected":false},"author":1075,"featured_media":0,"parent":79,"menu_order":0,"comment_status":"closed","ping_status":"closed","template":"","meta":{"footnotes":""},"class_list":["post-1678","page","type-page","status-publish","hentry"],"_links":{"self":[{"href":"https:\/\/wordpress.nibis.de\/gshonde\/wp-json\/wp\/v2\/pages\/1678","targetHints":{"allow":["GET"]}}],"collection":[{"href":"https:\/\/wordpress.nibis.de\/gshonde\/wp-json\/wp\/v2\/pages"}],"about":[{"href":"https:\/\/wordpress.nibis.de\/gshonde\/wp-json\/wp\/v2\/types\/page"}],"author":[{"embeddable":true,"href":"https:\/\/wordpress.nibis.de\/gshonde\/wp-json\/wp\/v2\/users\/1075"}],"replies":[{"embeddable":true,"href":"https:\/\/wordpress.nibis.de\/gshonde\/wp-json\/wp\/v2\/comments?post=1678"}],"version-history":[{"count":123,"href":"https:\/\/wordpress.nibis.de\/gshonde\/wp-json\/wp\/v2\/pages\/1678\/revisions"}],"predecessor-version":[{"id":4831,"href":"https:\/\/wordpress.nibis.de\/gshonde\/wp-json\/wp\/v2\/pages\/1678\/revisions\/4831"}],"up":[{"embeddable":true,"href":"https:\/\/wordpress.nibis.de\/gshonde\/wp-json\/wp\/v2\/pages\/79"}],"wp:attachment":[{"href":"https:\/\/wordpress.nibis.de\/gshonde\/wp-json\/wp\/v2\/media?parent=1678"}],"curies":[{"name":"wp","href":"https:\/\/api.w.org\/{rel}","templated":true}]}}