{"id":168,"date":"2015-01-23T21:25:17","date_gmt":"2015-01-23T19:25:17","guid":{"rendered":"http:\/\/wordpress.nibis.de\/gshonde\/?page_id=168"},"modified":"2026-01-28T13:47:45","modified_gmt":"2026-01-28T11:47:45","slug":"hochbegabtenfoerderung","status":"publish","type":"page","link":"https:\/\/wordpress.nibis.de\/gshonde\/schule\/hochbegabtenfoerderung\/","title":{"rendered":"F\u00f6rderung besonderer Begabungen"},"content":{"rendered":"\n<p class=\"has-text-align-center\"><strong>&nbsp;Diese Seite wird gerade \u00fcberarbeitet.<\/strong><\/p>\n\n\n\n<p><span style=\"color: #339966\"><strong><span style=\"background-color:#ea9629\" class=\"tadv-background-color\"><span style=\"color:#141412\" class=\"tadv-color\">F\u00f6rderung besonderer Begabungen an der GS Hondelage<\/span><\/span><\/strong><\/span><\/p>\n\n\n\n<p>Neben der inneren Differenzierung im Unterricht bieten wir in den Jahrg\u00e4ngen 2-4 klassen- und jahrgangs\u00fcbergreifend jeweils mit einer Wochenstunde Forderunterricht in den F\u00e4chern Deutsch (z.B. Geschichten\/ Gedichte schreiben, Ga nzschriften lesen, kretaiver Umgang mit Sprache) und Mathematik (z.B. Knobelaufgaben, Vorbereitung f\u00fcr Mathe-Wettbewerbe, Logikspiele) an. Dieser findet parallel zum Klassenunterricht oder zus\u00e4tzlich statt.<\/p>\n\n\n\n<p>Im Fach Mathematik nehmen wir regelm\u00e4\u00dfig an der &#8222;Mathematik- Olympiade&#8220; sowie am &#8222;K\u00e4nguru-Wettbewerb&#8220; teil.<\/p>\n\n\n\n<p>Au\u00dferdem findet f\u00fcr unsere Sch\u00fclerschaft ebenso wie externe Sch\u00fclerinnen und Sch\u00fcler des Verbundes einmal in der Woche ein Nachmittagsangebot statt (z.B. Stop-Motion Filme drehen, Umgang mit der App &#8222;Garage Band&#8220;).<\/p>\n\n\n\n<p><\/p>\n\n\n\n<p><strong><span style=\"color: #339966\"><span style=\"color:#141412\" class=\"tadv-color\"><span style=\"background-color:#ea9629\" class=\"tadv-background-color\">Kooperationsverbund &#8222;F\u00f6rderung besonderer Begabungen&#8220;<\/span><\/span><\/span><\/strong><\/p>\n\n\n\n<p>Neben der Grundschule Hondelage geh\u00f6ren zum Kooperationsverbund &#8222;Braunschweig 2&#8220; folgende Schulen:<\/p>\n\n\n\n<ul class=\"wp-block-list\">\n<li>Grundschule <a href=\"https:\/\/www.gs-bueltenweg.de\/\">B\u00fcltenweg<\/a><\/li>\n\n\n\n<li>Grundschule <a href=\"https:\/\/grundschule-braunschweig.cjd.de\/de\">&#8222;Hans-Georg- Karg&#8220;<\/a><\/li>\n\n\n\n<li>Grundschule <a href=\"https:\/\/wordpress.nibis.de\/gsvolkmarode\/\">Volkmarode<\/a><\/li>\n\n\n\n<li>Gymnasium <a href=\"https:\/\/www.neue-oberschule.de\/begabungsfoerderung\/\">&#8222;Neue Oberschule&#8220;<\/a><\/li>\n\n\n\n<li>Dr. Wilhelm-Meyer-Gymnasium <a href=\"https:\/\/gymnasium-braunschweig.cjd.de\/de\">(CJD)<\/a><\/li>\n<\/ul>\n\n\n\n<p><\/p>\n\n\n\n<p><strong><span style=\"color: #339966\"><span style=\"color:#141412\" class=\"tadv-color\"><span style=\"background-color:#ea9629\" class=\"tadv-background-color\">Informationen aus dem Kultusministerium<\/span><\/span><\/span><\/strong><\/p>\n\n\n\n<p>Infos zu diesem Thema finden Sie auf der <a href=\"https:\/\/www.mk.niedersachsen.de\/startseite\/schule\/lehrkraefte\/unterricht\/begabungsfoerderung\/begabungsfoerderung--6499.html\">Seite des Kultusministeriums<\/a> und in diesem <a href=\"https:\/\/bildungsportal-niedersachsen.de\/index.php?eID=dumpFile&amp;t=f&amp;f=5223&amp;token=f372301d15d6fda3e65be1480e7acbce7a9c1dae\">Flyer<\/a>.\u00a0<\/p>\n","protected":false},"excerpt":{"rendered":"<p>&nbsp;Diese Seite wird gerade \u00fcberarbeitet. F\u00f6rderung besonderer Begabungen an der GS Hondelage Neben der inneren Differenzierung im Unterricht bieten wir in den Jahrg\u00e4ngen 2-4 klassen- und jahrgangs\u00fcbergreifend jeweils mit einer Wochenstunde Forderunterricht in den F\u00e4chern Deutsch (z.B. Geschichten\/ Gedichte schreiben, Ga nzschriften lesen, kretaiver Umgang mit Sprache) und Mathematik (z.B. Knobelaufgaben, Vorbereitung f\u00fcr Mathe-Wettbewerbe, Logikspiele) &hellip; <a href=\"https:\/\/wordpress.nibis.de\/gshonde\/schule\/hochbegabtenfoerderung\/\" class=\"more-link\"><span class=\"screen-reader-text\">F\u00f6rderung besonderer Begabungen<\/span> weiterlesen <span class=\"meta-nav\">&rarr;<\/span><\/a><\/p>\n","protected":false},"author":553,"featured_media":0,"parent":13,"menu_order":0,"comment_status":"closed","ping_status":"closed","template":"","meta":{"footnotes":""},"class_list":["post-168","page","type-page","status-publish","hentry"],"_links":{"self":[{"href":"https:\/\/wordpress.nibis.de\/gshonde\/wp-json\/wp\/v2\/pages\/168","targetHints":{"allow":["GET"]}}],"collection":[{"href":"https:\/\/wordpress.nibis.de\/gshonde\/wp-json\/wp\/v2\/pages"}],"about":[{"href":"https:\/\/wordpress.nibis.de\/gshonde\/wp-json\/wp\/v2\/types\/page"}],"author":[{"embeddable":true,"href":"https:\/\/wordpress.nibis.de\/gshonde\/wp-json\/wp\/v2\/users\/553"}],"replies":[{"embeddable":true,"href":"https:\/\/wordpress.nibis.de\/gshonde\/wp-json\/wp\/v2\/comments?post=168"}],"version-history":[{"count":44,"href":"https:\/\/wordpress.nibis.de\/gshonde\/wp-json\/wp\/v2\/pages\/168\/revisions"}],"predecessor-version":[{"id":4748,"href":"https:\/\/wordpress.nibis.de\/gshonde\/wp-json\/wp\/v2\/pages\/168\/revisions\/4748"}],"up":[{"embeddable":true,"href":"https:\/\/wordpress.nibis.de\/gshonde\/wp-json\/wp\/v2\/pages\/13"}],"wp:attachment":[{"href":"https:\/\/wordpress.nibis.de\/gshonde\/wp-json\/wp\/v2\/media?parent=168"}],"curies":[{"name":"wp","href":"https:\/\/api.w.org\/{rel}","templated":true}]}}