{"id":173,"date":"2015-01-23T21:26:46","date_gmt":"2015-01-23T19:26:46","guid":{"rendered":"http:\/\/wordpress.nibis.de\/gshonde\/?page_id=173"},"modified":"2017-07-03T16:27:23","modified_gmt":"2017-07-03T14:27:23","slug":"rik","status":"publish","type":"page","link":"https:\/\/wordpress.nibis.de\/gshonde\/schule\/rik\/","title":{"rendered":"Sonderp\u00e4dagogische Grundversorgung (SGV)"},"content":{"rendered":"<p>M\u00f6glichst alle Kinder unseres Einzugsgebietes sollen in der Grundschule Hondelage gemeinsam unterrichtet werden.<\/p>\n<p>Deshalb hat die Grundschule Hondelage seit dem Jahr 2001 im Regionalen Integrationskonzept mitgearbeitet. Im Rahmen der Inklusion ist die Schule mit einer sonderp\u00e4dagogischen Grundversorgung (SGV) versorgt.<\/p>\n<p>Kinder mit hohem F\u00f6rderbedarf brauchen besondere Unterst\u00fctzung. Neben den individuellen Hilfen der Klassen- und Fachlehrerinnen werden sie durch unsere F\u00f6rderlehrkarft intensiv unterst\u00fctzt.<\/p>\n<p>Die sonderp\u00e4dagogische Grundversorgung macht es m\u00f6glich, dass Kinder in ihrem sozialen Umfeld gef\u00f6rdert werden. Dazu ist es notwendig, in der Schule pr\u00e4ventive F\u00f6rderma\u00dfnahmen anzubieten und integrative Angebote zu entwickeln.<\/p>\n<p>Kinder mit sonderp\u00e4dagogischem F\u00f6rderbedarf werden an der Grundschule Hondelage gem\u00e4\u00df ihren individuellen Voraussetzungen gef\u00f6rdert und erhalten die erforderliche Unterts\u00fctzung.<\/p>\n<p>Besonders wichtig ist uns die pr\u00e4ventive Arbeit. Daher liegt der Arbeitsschwerpunkt unserer F\u00f6rderschullehrkraft im 1. und 2. Schuljahr.<\/p>\n<p>Sie nimmt begleitend am Unterricht teil oder f\u00f6rdert Kinder einzeln und in kleinen Gruppen.<\/p>\n<p>&nbsp;<\/p>\n","protected":false},"excerpt":{"rendered":"<p>M\u00f6glichst alle Kinder unseres Einzugsgebietes sollen in der Grundschule Hondelage gemeinsam unterrichtet werden. Deshalb hat die Grundschule Hondelage seit dem Jahr 2001 im Regionalen Integrationskonzept mitgearbeitet. Im Rahmen der Inklusion ist die Schule mit einer sonderp\u00e4dagogischen Grundversorgung (SGV) versorgt. Kinder mit hohem F\u00f6rderbedarf brauchen besondere Unterst\u00fctzung. Neben den individuellen Hilfen der Klassen- und Fachlehrerinnen werden &hellip; <a href=\"https:\/\/wordpress.nibis.de\/gshonde\/schule\/rik\/\" class=\"more-link\"><span class=\"screen-reader-text\">Sonderp\u00e4dagogische Grundversorgung (SGV)<\/span> weiterlesen <span class=\"meta-nav\">&rarr;<\/span><\/a><\/p>\n","protected":false},"author":553,"featured_media":0,"parent":13,"menu_order":0,"comment_status":"closed","ping_status":"closed","template":"","meta":{"footnotes":""},"class_list":["post-173","page","type-page","status-publish","hentry"],"_links":{"self":[{"href":"https:\/\/wordpress.nibis.de\/gshonde\/wp-json\/wp\/v2\/pages\/173","targetHints":{"allow":["GET"]}}],"collection":[{"href":"https:\/\/wordpress.nibis.de\/gshonde\/wp-json\/wp\/v2\/pages"}],"about":[{"href":"https:\/\/wordpress.nibis.de\/gshonde\/wp-json\/wp\/v2\/types\/page"}],"author":[{"embeddable":true,"href":"https:\/\/wordpress.nibis.de\/gshonde\/wp-json\/wp\/v2\/users\/553"}],"replies":[{"embeddable":true,"href":"https:\/\/wordpress.nibis.de\/gshonde\/wp-json\/wp\/v2\/comments?post=173"}],"version-history":[{"count":6,"href":"https:\/\/wordpress.nibis.de\/gshonde\/wp-json\/wp\/v2\/pages\/173\/revisions"}],"predecessor-version":[{"id":1262,"href":"https:\/\/wordpress.nibis.de\/gshonde\/wp-json\/wp\/v2\/pages\/173\/revisions\/1262"}],"up":[{"embeddable":true,"href":"https:\/\/wordpress.nibis.de\/gshonde\/wp-json\/wp\/v2\/pages\/13"}],"wp:attachment":[{"href":"https:\/\/wordpress.nibis.de\/gshonde\/wp-json\/wp\/v2\/media?parent=173"}],"curies":[{"name":"wp","href":"https:\/\/api.w.org\/{rel}","templated":true}]}}