{"id":176,"date":"2015-01-23T21:31:05","date_gmt":"2015-01-23T19:31:05","guid":{"rendered":"http:\/\/wordpress.nibis.de\/gshonde\/?page_id=176"},"modified":"2025-12-08T17:32:10","modified_gmt":"2025-12-08T15:32:10","slug":"kooperationspartner","status":"publish","type":"page","link":"https:\/\/wordpress.nibis.de\/gshonde\/schule\/kooperationspartner\/","title":{"rendered":"Kooperationspartner"},"content":{"rendered":"<p>Kooperationen mit anderen Schulen und mit au\u00dferschulischen Partnern sind ein wichtiges Bindeglied zum au\u00dferschulischen Lernen und Erleben.<\/p>\n<p>Einige Kooperationen m\u00f6chten wir hier beispielhaft vorstellen:<\/p>\n<table style=\"width: 100%;height: 981px\">\n<tbody>\n<tr style=\"height: 176px\">\n<td style=\"height: 176px\"><a href=\"http:\/\/www.mtv-hondelage.de\/\">MTV Hondelage<\/a><\/td>\n<td style=\"height: 176px\">Der MTV Hondelage erg\u00e4nzt das Angebot im AG-Bereich mit einigen Sportangeboten (Handball, Fu\u00dfball, Turnen und Tennis).<\/td>\n<td style=\"height: 176px\"><a href=\"http:\/\/www.mtv-hondelage.de\/\" target=\"_blank\" rel=\"noopener noreferrer\"><img loading=\"lazy\" decoding=\"async\" class=\"alignright wp-image-182\" src=\"http:\/\/wordpress.nibis.de\/gshonde\/files\/2015\/01\/Logo-MTV-Hondelage.png\" alt=\"Logo MTV Hondelage\" width=\"125\" height=\"149\" \/><\/a><\/td>\n<\/tr>\n<tr style=\"height: 130px\">\n<td style=\"height: 130px\">Kooperationsverbund Hochbegabung Braunschweig 2<\/td>\n<td style=\"height: 130px\">Die Grundschule Hondelage ist dem Kooperationsverbund Hochbegabtenf\u00f6rderung Braunschweig II angeschlossen.<\/td>\n<td style=\"height: 130px\"><a href=\"http:\/\/wordpress.nibis.de\/gshonde\/files\/2015\/01\/Kooperationsverbund-Hochbegabung.jpg\"><img loading=\"lazy\" decoding=\"async\" class=\"alignright size-full wp-image-183\" src=\"http:\/\/wordpress.nibis.de\/gshonde\/files\/2015\/01\/Kooperationsverbund-Hochbegabung.jpg\" alt=\"Kooperationsverbund Hochbegabung\" width=\"200\" height=\"154\" \/><\/a><\/td>\n<\/tr>\n<tr style=\"height: 152px\">\n<td style=\"height: 152px\"><a href=\"https:\/\/www.zukunftwald.de\/\">Stiftung Zukunft Wald<\/a><\/td>\n<td style=\"height: 152px\">Im Rahmen der Kooperationen haben die Sch\u00fclerinnen und Sch\u00fcler der Grundschule Hondelage einen Schulwald mit 5300 B\u00e4umen gepflanzt.<\/td>\n<td style=\"height: 152px\"><a href=\"http:\/\/zukunftwald.de\/\" target=\"_blank\" rel=\"noopener noreferrer\"><img loading=\"lazy\" decoding=\"async\" class=\" wp-image-346 alignright\" src=\"http:\/\/wordpress.nibis.de\/gshonde\/files\/2014\/07\/Logo_Schulwald-300x278.jpg\" alt=\"Logo_Schulwald\" width=\"176\" height=\"163\" srcset=\"https:\/\/wordpress.nibis.de\/gshonde\/files\/2014\/07\/Logo_Schulwald-300x278.jpg 300w, https:\/\/wordpress.nibis.de\/gshonde\/files\/2014\/07\/Logo_Schulwald-1024x950.jpg 1024w, https:\/\/wordpress.nibis.de\/gshonde\/files\/2014\/07\/Logo_Schulwald.jpg 1181w\" sizes=\"auto, (max-width: 176px) 100vw, 176px\" \/><\/a><\/td>\n<\/tr>\n<tr style=\"height: 162px\">\n<td style=\"height: 162px\"><a href=\"https:\/\/astronomie-nord.de\/standorte\/niedersachsen\/braunschweig\/\">Sternfreunde Braunschweig-Hondelage e.V.<\/a><\/td>\n<td style=\"height: 162px\">Die Sternfreunde bieten seit Jahren die Arbeitsgemeinschaft &#8222;Der Himmel \u00fcber uns&#8220; an. Diese findet in der \u00f6rtlichen Sternwarte statt.<\/td>\n<td style=\"height: 162px\"><a href=\"http:\/\/www.sternfreunde-hondelage.de\/index1.html\" target=\"_blank\" rel=\"noopener noreferrer\"><img loading=\"lazy\" decoding=\"async\" class=\" wp-image-357 alignright\" src=\"http:\/\/wordpress.nibis.de\/gshonde\/files\/2015\/01\/Logo_Sternfreunde-Braunschweig-Hondelage-e.V.-298x300.jpg\" alt=\"Logo_Sternfreunde Braunschweig-Hondelage e.V.\" width=\"171\" height=\"172\" srcset=\"https:\/\/wordpress.nibis.de\/gshonde\/files\/2015\/01\/Logo_Sternfreunde-Braunschweig-Hondelage-e.V.-298x300.jpg 298w, https:\/\/wordpress.nibis.de\/gshonde\/files\/2015\/01\/Logo_Sternfreunde-Braunschweig-Hondelage-e.V.-150x150.jpg 150w, https:\/\/wordpress.nibis.de\/gshonde\/files\/2015\/01\/Logo_Sternfreunde-Braunschweig-Hondelage-e.V..jpg 300w\" sizes=\"auto, (max-width: 171px) 100vw, 171px\" \/><\/a><\/td>\n<\/tr>\n<tr style=\"height: 192px\">\n<td style=\"height: 192px\"><a href=\"https:\/\/www.fun-hondelage.de\/\">fun\u00a0 &#8211; F\u00f6rderkreis Umwelt- und Naturschutz Hondelage \/ Waggum<\/a><\/td>\n<td style=\"height: 192px\">Der fun bietet seit langer Zeit die Arbeitsgemeinschaft &#8222;Natur und Umwelt&#8220; an. In weiteren Partnerschaften wurden unter anderem ein Bienenhotel und ein Schulwald geschaffen.<\/td>\n<td style=\"height: 192px\"><a href=\"http:\/\/www.fun-hondelage.de\/\" target=\"_blank\" rel=\"noopener noreferrer\"><img loading=\"lazy\" decoding=\"async\" class=\"wp-image-360 alignright\" src=\"http:\/\/wordpress.nibis.de\/gshonde\/files\/2015\/01\/Logo_fun_Hondelage.gif\" alt=\"Logo_fun_Hondelage\" width=\"119\" height=\"166\" \/><\/a><\/td>\n<\/tr>\n<tr style=\"height: 69px\">\n<td style=\"height: 69px\"><a href=\"https:\/\/kita-planer.kdo.de\/braunschweig-elternportal\/elternportal\/de\/einrichtungen\/liste\/ergebnisse\/691\/details?p=1&amp;traeger=Stadt%20Braunschweig\">KiFaZ Hondelage<\/a>,\u00a0 <a href=\"https:\/\/0592e89a.multiscreensite.com\/\">&#8222;Kind in Hondelage&#8220;<\/a><\/td>\n<td style=\"height: 69px\">Wir arbeiten vertrauensvoll mit den Kitas vor Ort zusammen.<\/td>\n<td style=\"height: 69px\">\u00a0<\/td>\n<\/tr>\n<tr style=\"height: 100px\">\n<td style=\"height: 100px\"><a href=\"https:\/\/www.eintracht4kids.com\/loewenbande\/\">L\u00f6wenbande\/ Eintracht Braunschweig<\/a><\/td>\n<td style=\"height: 100px\">\u00a0Seit 2017 sind wir Mitglied der L\u00f6wenbande.<\/td>\n<td style=\"height: 100px\">\u00a0<a href=\"http:\/\/www.eintracht4kids.com\/loewenbande\/loewenbande-partner\/\"><img loading=\"lazy\" decoding=\"async\" class=\"size-full wp-image-1182 alignright\" src=\"http:\/\/wordpress.nibis.de\/gshonde\/files\/2017\/05\/EB_Loewenbande_Blau_sRGB.png\" alt=\"\" width=\"709\" height=\"241\" \/><\/a><\/td>\n<\/tr>\n<tr>\n<td><a href=\"https:\/\/sgbraunschweig.de\/\">SG Braunschweig<\/a><\/td>\n<td>Die SG Braunschweig bietet seit Sommer 2024 eine Basketball-AG an.<\/td>\n<td><a href=\"https:\/\/wordpress.nibis.de\/gshonde\/files\/2024\/10\/Footer_logo.png\"><img loading=\"lazy\" decoding=\"async\" class=\" wp-image-4055 aligncenter\" src=\"https:\/\/wordpress.nibis.de\/gshonde\/files\/2024\/10\/Footer_logo-537x478.png\" alt=\"\" width=\"116\" height=\"103\" \/><\/a><\/td>\n<\/tr>\n<tr>\n<td><a href=\"https:\/\/ssb-bs.de\/\">Stadtsportbund Braunschweig<\/a><\/td>\n<td>Der Stadtsportbund bietet eine Baseball-AG an.<\/td>\n<td>\u00a0<\/td>\n<\/tr>\n<\/tbody>\n<\/table>\n\n","protected":false},"excerpt":{"rendered":"<p>Kooperationen mit anderen Schulen und mit au\u00dferschulischen Partnern sind ein wichtiges Bindeglied zum au\u00dferschulischen Lernen und Erleben. Einige Kooperationen m\u00f6chten wir hier beispielhaft vorstellen: MTV Hondelage Der MTV Hondelage erg\u00e4nzt das Angebot im AG-Bereich mit einigen Sportangeboten (Handball, Fu\u00dfball, Turnen und Tennis). Kooperationsverbund Hochbegabung Braunschweig 2 Die Grundschule Hondelage ist dem Kooperationsverbund Hochbegabtenf\u00f6rderung Braunschweig II &hellip; <a href=\"https:\/\/wordpress.nibis.de\/gshonde\/schule\/kooperationspartner\/\" class=\"more-link\"><span class=\"screen-reader-text\">Kooperationspartner<\/span> weiterlesen <span class=\"meta-nav\">&rarr;<\/span><\/a><\/p>\n","protected":false},"author":553,"featured_media":0,"parent":13,"menu_order":0,"comment_status":"closed","ping_status":"closed","template":"","meta":{"footnotes":""},"class_list":["post-176","page","type-page","status-publish","hentry"],"_links":{"self":[{"href":"https:\/\/wordpress.nibis.de\/gshonde\/wp-json\/wp\/v2\/pages\/176","targetHints":{"allow":["GET"]}}],"collection":[{"href":"https:\/\/wordpress.nibis.de\/gshonde\/wp-json\/wp\/v2\/pages"}],"about":[{"href":"https:\/\/wordpress.nibis.de\/gshonde\/wp-json\/wp\/v2\/types\/page"}],"author":[{"embeddable":true,"href":"https:\/\/wordpress.nibis.de\/gshonde\/wp-json\/wp\/v2\/users\/553"}],"replies":[{"embeddable":true,"href":"https:\/\/wordpress.nibis.de\/gshonde\/wp-json\/wp\/v2\/comments?post=176"}],"version-history":[{"count":40,"href":"https:\/\/wordpress.nibis.de\/gshonde\/wp-json\/wp\/v2\/pages\/176\/revisions"}],"predecessor-version":[{"id":4598,"href":"https:\/\/wordpress.nibis.de\/gshonde\/wp-json\/wp\/v2\/pages\/176\/revisions\/4598"}],"up":[{"embeddable":true,"href":"https:\/\/wordpress.nibis.de\/gshonde\/wp-json\/wp\/v2\/pages\/13"}],"wp:attachment":[{"href":"https:\/\/wordpress.nibis.de\/gshonde\/wp-json\/wp\/v2\/media?parent=176"}],"curies":[{"name":"wp","href":"https:\/\/api.w.org\/{rel}","templated":true}]}}