{"id":188,"date":"2015-01-23T21:56:12","date_gmt":"2015-01-23T19:56:12","guid":{"rendered":"http:\/\/wordpress.nibis.de\/gshonde\/?page_id=188"},"modified":"2025-09-03T12:24:16","modified_gmt":"2025-09-03T10:24:16","slug":"das-team","status":"publish","type":"page","link":"https:\/\/wordpress.nibis.de\/gshonde\/schule\/das-team\/","title":{"rendered":"Das Team"},"content":{"rendered":"<h2>Kollegium<\/h2>\n<div style=\"text-align: left\" align=\"center\"><\/div>\n<div style=\"text-align: left\" align=\"center\">Folgende Lehrkr\u00e4fte sind derzeit an der Grundschule Hondelage besch\u00e4ftigt:<\/div>\n<div align=\"center\"><span style=\"color: #008000;font-family: comic sans ms,sand;font-size: medium\">\u00a0<\/span><\/div>\n<table style=\"width: 539px\" border=\"0\" align=\"center\">\n<tbody>\n<tr>\n<td style=\"width: 252.47px;text-align: center\"><a href=\"https:\/\/wordpress.nibis.de\/gshonde\/files\/2025\/09\/Schulfotogarfin-2025-scaled.jpg\"><img loading=\"lazy\" decoding=\"async\" class=\"alignnone size-medium wp-image-4452\" src=\"https:\/\/wordpress.nibis.de\/gshonde\/files\/2025\/09\/Schulfotogarfin-2025-850x478.jpg\" alt=\"\" width=\"850\" height=\"478\" srcset=\"https:\/\/wordpress.nibis.de\/gshonde\/files\/2025\/09\/Schulfotogarfin-2025-850x478.jpg 850w, https:\/\/wordpress.nibis.de\/gshonde\/files\/2025\/09\/Schulfotogarfin-2025-1200x675.jpg 1200w, https:\/\/wordpress.nibis.de\/gshonde\/files\/2025\/09\/Schulfotogarfin-2025-250x141.jpg 250w\" sizes=\"auto, (max-width: 850px) 100vw, 850px\" \/><\/a><\/p>\n<p>Gabriela Baumgardt\/ Rektorin<\/td>\n<td style=\"width: 285.53px;text-align: center\"><img loading=\"lazy\" decoding=\"async\" class=\"\" src=\"https:\/\/wordpress.nibis.de\/gshonde\/wp-admin\/admin-ajax.php?action=imgedit-preview&amp;_ajax_nonce=73938494cb&amp;postid=3734&amp;rand=33585\" width=\"186\" height=\"279\" \/><\/td>\n<\/tr>\n<tr>\n<td style=\"width: 252.47px;text-align: center\"><img loading=\"lazy\" decoding=\"async\" class=\"aligncenter\" src=\"https:\/\/wordpress.nibis.de\/gshonde\/wp-admin\/admin-ajax.php?action=imgedit-preview&amp;_ajax_nonce=2f8f6c6609&amp;postid=3723&amp;rand=49835\" width=\"195\" height=\"292\" \/><\/td>\n<td style=\"width: 285.53px;text-align: center\"><span style=\"color: #800000;font-family: comic sans ms,sand;font-size: medium\"><img loading=\"lazy\" decoding=\"async\" class=\"aligncenter\" src=\"https:\/\/wordpress.nibis.de\/gshonde\/wp-admin\/admin-ajax.php?action=imgedit-preview&amp;_ajax_nonce=fac175685f&amp;postid=3720&amp;rand=83746\" width=\"194\" height=\"291\" \/>\u00a0<\/span><\/td>\n<\/tr>\n<tr>\n<td style=\"width: 252.47px;text-align: center\"><span style=\"color: #800000;font-family: comic sans ms,sand;font-size: medium\"><img loading=\"lazy\" decoding=\"async\" class=\"aligncenter\" src=\"https:\/\/wordpress.nibis.de\/gshonde\/files\/2015\/01\/Evermann-719x1024.jpeg\" width=\"195\" height=\"278\" \/>\u00a0<\/span><\/td>\n<td style=\"width: 285.53px;text-align: center\"><img loading=\"lazy\" decoding=\"async\" class=\"\" src=\"https:\/\/wordpress.nibis.de\/gshonde\/wp-admin\/admin-ajax.php?action=imgedit-preview&amp;_ajax_nonce=602566e35b&amp;postid=3711&amp;rand=90505\" width=\"182\" height=\"273\" \/><\/td>\n<\/tr>\n<tr>\n<td style=\"width: 252.47px;text-align: center\"><span style=\"color: #800000\"><span style=\"font-size: medium\"><span style=\"font-family: comic sans ms,sand\"><img loading=\"lazy\" decoding=\"async\" class=\"\" src=\"https:\/\/wordpress.nibis.de\/gshonde\/wp-admin\/admin-ajax.php?action=imgedit-preview&amp;_ajax_nonce=1f382c1368&amp;postid=3725&amp;rand=3511\" width=\"190\" height=\"285\" \/><\/span><\/span><\/span><\/td>\n<td style=\"width: 285.53px\">\n<p style=\"text-align: center\"><span style=\"color: #800000;font-family: comic sans ms,sand;font-size: medium\"><a href=\"http:\/\/wordpress.nibis.de\/gshonde\/files\/2015\/01\/IMG_7232-Kopie-2.jpg\"><img loading=\"lazy\" decoding=\"async\" class=\"aligncenter  wp-image-530\" src=\"http:\/\/wordpress.nibis.de\/gshonde\/files\/2015\/01\/IMG_7232-Kopie-2-243x300.jpg\" alt=\"IMG_7232 - Kopie (2)\" width=\"217\" height=\"268\" srcset=\"https:\/\/wordpress.nibis.de\/gshonde\/files\/2015\/01\/IMG_7232-Kopie-2-243x300.jpg 243w, https:\/\/wordpress.nibis.de\/gshonde\/files\/2015\/01\/IMG_7232-Kopie-2-830x1024.jpg 830w, https:\/\/wordpress.nibis.de\/gshonde\/files\/2015\/01\/IMG_7232-Kopie-2.jpg 1494w\" sizes=\"auto, (max-width: 217px) 100vw, 217px\" \/><\/a><\/span><\/p>\n<\/td>\n<\/tr>\n<tr>\n<td style=\"width: 252.47px\">\n<p style=\"text-align: center\"><a href=\"http:\/\/wordpress.nibis.de\/gshonde\/files\/2015\/01\/IMG_0390-1.jpg\"><img loading=\"lazy\" decoding=\"async\" class=\"aligncenter wp-image-1375\" src=\"http:\/\/wordpress.nibis.de\/gshonde\/files\/2015\/01\/IMG_0390-1-450x675.jpg\" alt=\"\" width=\"203\" height=\"305\" \/><\/a><\/p>\n<\/td>\n<td style=\"width: 285.53px\">\n<p style=\"text-align: center\"><img loading=\"lazy\" decoding=\"async\" class=\"aligncenter\" src=\"https:\/\/wordpress.nibis.de\/gshonde\/wp-admin\/admin-ajax.php?action=imgedit-preview&amp;_ajax_nonce=3024994d3c&amp;postid=3728&amp;rand=89887\" width=\"204\" height=\"305\" \/><\/p>\n<\/td>\n<\/tr>\n<tr>\n<td style=\"width: 252.47px;text-align: center\"><\/td>\n<td style=\"width: 285.53px\"><\/td>\n<\/tr>\n<tr>\n<td style=\"width: 252.47px\">\n<p style=\"text-align: center\"><a href=\"http:\/\/wordpress.nibis.de\/gshonde\/files\/2015\/01\/Widdel.jpg\"><img loading=\"lazy\" decoding=\"async\" class=\"aligncenter wp-image-548 size-medium\" src=\"http:\/\/wordpress.nibis.de\/gshonde\/files\/2015\/01\/Widdel-200x300.jpg\" alt=\"Widdel\" width=\"200\" height=\"300\" srcset=\"https:\/\/wordpress.nibis.de\/gshonde\/files\/2015\/01\/Widdel-200x300.jpg 200w, https:\/\/wordpress.nibis.de\/gshonde\/files\/2015\/01\/Widdel.jpg 683w\" sizes=\"auto, (max-width: 200px) 100vw, 200px\" \/><\/a><\/p>\n<\/td>\n<td style=\"width: 285.53px;text-align: center\"><img loading=\"lazy\" decoding=\"async\" class=\"aligncenter\" src=\"https:\/\/wordpress.nibis.de\/gshonde\/wp-admin\/admin-ajax.php?action=imgedit-preview&amp;_ajax_nonce=851a216a5c&amp;postid=3729&amp;rand=36462\" width=\"212\" height=\"318\" \/><\/td>\n<\/tr>\n<tr>\n<td style=\"width: 252.47px;text-align: center\"><a href=\"http:\/\/wordpress.nibis.de\/gshonde\/files\/2015\/01\/Sander-e1517927537681.jpg\"><img loading=\"lazy\" decoding=\"async\" class=\"aligncenter wp-image-1720\" src=\"http:\/\/wordpress.nibis.de\/gshonde\/files\/2015\/01\/Sander-e1517927537681.jpg\" alt=\"\" width=\"213\" height=\"320\" \/><\/a><\/td>\n<td style=\"width: 285.53px;text-align: center\"><img loading=\"lazy\" decoding=\"async\" class=\"wp-image-2410 aligncenter\" src=\"https:\/\/wordpress.nibis.de\/gshonde\/files\/2020\/03\/IMG_1332-e1585126729624.jpg\" alt=\"\" width=\"204\" height=\"306\" \/><\/td>\n<\/tr>\n<tr>\n<td style=\"width: 252.47px;text-align: center\"><img loading=\"lazy\" decoding=\"async\" class=\"aligncenter\" src=\"https:\/\/wordpress.nibis.de\/gshonde\/files\/2020\/03\/IMG_1333-e1585126621154-450x675.jpg\" width=\"148\" height=\"222\" \/><\/td>\n<td style=\"width: 285.53px;text-align: center\"><\/td>\n<\/tr>\n<\/tbody>\n<\/table>\n<h2>P\u00e4dagogische Mitarbeiterinnen<\/h2>\n<div style=\"text-align: left\" align=\"center\">Folgende p\u00e4dagogischen Mitarbeiterinnen sind derzeit an der Grundschule Hondelage besch\u00e4ftigt:<\/div>\n<div style=\"text-align: left\" align=\"center\"><span style=\"font-size: small\"><span style=\"color: #008000;font-family: comic sans ms,sand\"><br \/>\n<\/span> <\/span><\/div>\n<table style=\"width: 85.9622%;height: 987px\" border=\"0\" align=\"center\">\n<tbody>\n<tr style=\"height: 341px\">\n<td style=\"width: 41.4551%;height: 341px\">\n<p style=\"text-align: center\"><span style=\"color: #800000;font-family: comic sans ms,sand;font-size: small\"><a href=\"http:\/\/wordpress.nibis.de\/gshonde\/files\/2015\/01\/Sabine-G\u00fcnther.jpg\"><img loading=\"lazy\" decoding=\"async\" class=\"aligncenter size-medium wp-image-703\" src=\"http:\/\/wordpress.nibis.de\/gshonde\/files\/2015\/01\/Sabine-G\u00fcnther-200x300.jpg\" alt=\"\" width=\"200\" height=\"300\" srcset=\"https:\/\/wordpress.nibis.de\/gshonde\/files\/2015\/01\/Sabine-G\u00fcnther-200x300.jpg 200w, https:\/\/wordpress.nibis.de\/gshonde\/files\/2015\/01\/Sabine-G\u00fcnther.jpg 683w\" sizes=\"auto, (max-width: 200px) 100vw, 200px\" \/><\/a><\/span><\/p>\n<\/td>\n<td style=\"width: 44.4848%;height: 341px\">\n<p style=\"text-align: center\">\n<\/td>\n<\/tr>\n<tr style=\"height: 322px\">\n<td style=\"text-align: center;width: 41.4551%;height: 322px\"><a href=\"http:\/\/wordpress.nibis.de\/gshonde\/files\/2015\/01\/Peeck.jpg\"><img loading=\"lazy\" decoding=\"async\" class=\"aligncenter size-medium wp-image-551\" src=\"http:\/\/wordpress.nibis.de\/gshonde\/files\/2015\/01\/Peeck-200x300.jpg\" alt=\"Peeck\" width=\"200\" height=\"300\" srcset=\"https:\/\/wordpress.nibis.de\/gshonde\/files\/2015\/01\/Peeck-200x300.jpg 200w, https:\/\/wordpress.nibis.de\/gshonde\/files\/2015\/01\/Peeck.jpg 683w\" sizes=\"auto, (max-width: 200px) 100vw, 200px\" \/><\/a><\/td>\n<td style=\"text-align: center;width: 44.4848%;height: 322px\"><\/td>\n<\/tr>\n<tr style=\"height: 324px\">\n<td style=\"width: 41.4551%;height: 324px\"><span style=\"color: #800000;font-family: comic sans ms,sand\">\u00a0<\/span><\/td>\n<td style=\"width: 44.4848%;height: 324px\"><span style=\"color: #800000;font-family: comic sans ms,sand\">\u00a0<\/span><\/td>\n<\/tr>\n<\/tbody>\n<\/table>\n<h2><\/h2>\n<h2>Unsere Schulsozialarbeiterin<\/h2>\n<table style=\"border-collapse: collapse;width: 86.5931%\">\n<tbody>\n<tr>\n<td style=\"width: 43.2177%\"><a href=\"https:\/\/wordpress.nibis.de\/gshonde\/files\/2023\/09\/IMG_6234-scaled.jpg\"><img loading=\"lazy\" decoding=\"async\" class=\"wp-image-3712 aligncenter\" src=\"https:\/\/wordpress.nibis.de\/gshonde\/files\/2023\/09\/IMG_6234-850x478.jpg\" alt=\"\" width=\"231\" height=\"130\" srcset=\"https:\/\/wordpress.nibis.de\/gshonde\/files\/2023\/09\/IMG_6234-850x478.jpg 850w, https:\/\/wordpress.nibis.de\/gshonde\/files\/2023\/09\/IMG_6234-1200x675.jpg 1200w, https:\/\/wordpress.nibis.de\/gshonde\/files\/2023\/09\/IMG_6234-250x141.jpg 250w\" sizes=\"auto, (max-width: 231px) 100vw, 231px\" \/><\/a><\/td>\n<td style=\"width: 43.3754%\"><\/td>\n<\/tr>\n<\/tbody>\n<\/table>\n<h2><\/h2>\n<h2>Die &#8222;guten Seelen&#8220; der Schule<\/h2>\n<p>Sekret\u00e4rin und Hausmeister der Schule&#8230;<\/p>\n<table style=\"width: 86.4328%;height: 99px\" border=\"0\" align=\"center\">\n<tbody>\n<tr style=\"height: 198px\">\n<td style=\"text-align: center;width: 50%;height: 99px\"><a href=\"https:\/\/wordpress.nibis.de\/gshonde\/files\/2025\/09\/Vogt.jpg\"><img loading=\"lazy\" decoding=\"async\" class=\"alignnone  wp-image-4458\" src=\"https:\/\/wordpress.nibis.de\/gshonde\/files\/2025\/09\/Vogt.jpg\" alt=\"\" width=\"146\" height=\"226\" \/><\/a><\/td>\n<td style=\"text-align: center;width: 50%;height: 99px\"><\/td>\n<\/tr>\n<\/tbody>\n<\/table>\n","protected":false},"excerpt":{"rendered":"<p>Kollegium Folgende Lehrkr\u00e4fte sind derzeit an der Grundschule Hondelage besch\u00e4ftigt: \u00a0 Gabriela Baumgardt\/ Rektorin \u00a0 \u00a0 P\u00e4dagogische Mitarbeiterinnen Folgende p\u00e4dagogischen Mitarbeiterinnen sind derzeit an der Grundschule Hondelage besch\u00e4ftigt: \u00a0 \u00a0 Unsere Schulsozialarbeiterin Die &#8222;guten Seelen&#8220; der Schule Sekret\u00e4rin und Hausmeister der Schule&#8230;<\/p>\n","protected":false},"author":553,"featured_media":0,"parent":13,"menu_order":0,"comment_status":"closed","ping_status":"closed","template":"","meta":{"footnotes":""},"class_list":["post-188","page","type-page","status-publish","hentry"],"_links":{"self":[{"href":"https:\/\/wordpress.nibis.de\/gshonde\/wp-json\/wp\/v2\/pages\/188","targetHints":{"allow":["GET"]}}],"collection":[{"href":"https:\/\/wordpress.nibis.de\/gshonde\/wp-json\/wp\/v2\/pages"}],"about":[{"href":"https:\/\/wordpress.nibis.de\/gshonde\/wp-json\/wp\/v2\/types\/page"}],"author":[{"embeddable":true,"href":"https:\/\/wordpress.nibis.de\/gshonde\/wp-json\/wp\/v2\/users\/553"}],"replies":[{"embeddable":true,"href":"https:\/\/wordpress.nibis.de\/gshonde\/wp-json\/wp\/v2\/comments?post=188"}],"version-history":[{"count":96,"href":"https:\/\/wordpress.nibis.de\/gshonde\/wp-json\/wp\/v2\/pages\/188\/revisions"}],"predecessor-version":[{"id":4459,"href":"https:\/\/wordpress.nibis.de\/gshonde\/wp-json\/wp\/v2\/pages\/188\/revisions\/4459"}],"up":[{"embeddable":true,"href":"https:\/\/wordpress.nibis.de\/gshonde\/wp-json\/wp\/v2\/pages\/13"}],"wp:attachment":[{"href":"https:\/\/wordpress.nibis.de\/gshonde\/wp-json\/wp\/v2\/media?parent=188"}],"curies":[{"name":"wp","href":"https:\/\/api.w.org\/{rel}","templated":true}]}}