{"id":1935,"date":"2018-09-21T13:03:53","date_gmt":"2018-09-21T11:03:53","guid":{"rendered":"http:\/\/wordpress.nibis.de\/gshonde\/?page_id=1935"},"modified":"2024-06-11T07:50:28","modified_gmt":"2024-06-11T05:50:28","slug":"datenschutz","status":"publish","type":"page","link":"https:\/\/wordpress.nibis.de\/gshonde\/datenschutz\/","title":{"rendered":"Datenschutz"},"content":{"rendered":"<p><strong>Informationsblatt gem\u00e4\u00df Art. 13ff. Datenschutzgrundverordnung<\/strong><\/p>\n<p>Im Rahmen der Datenschutzgrundverordnung (DSGVO) muss die Schule \u00fcber die Verarbeitung personenbezogener Daten informieren. Da wir die Flut an Papier minimieren wolle, finden Sie hier das &#8222;Informationsblatt gem\u00e4\u00df Art. 13ff. Datenschutzgrundverordnung&#8220;.<\/p>\n<p><a href=\"https:\/\/wordpress.nibis.de\/gshonde\/files\/2024\/04\/2024-04-19-Infoblatt-Eltern-Datenschutzgrundverordnung.pdf\">\u00a0Informationsblatt DGSVO<\/a><\/p>\n<p><a href=\"https:\/\/wordpress.nibis.de\/gshonde\/files\/2024\/06\/2024-06-07-Datenschutzblatt-Annahme-und-Vermittlung-von-Zuwendungen.pdf\">Informationen gem\u00e4\u00df Artikel 13 Absatz 1 und Absatz 2 DSGVO aufgrund der Erhebung von personenbezogenen Daten (Annahme und Vermittlung von Zuwendungen)<\/a><\/p>\n<p>Bei Fragen sprechen Sie bitte die Schulleitung an.<\/p>\n\n","protected":false},"excerpt":{"rendered":"<p>Informationsblatt gem\u00e4\u00df Art. 13ff. Datenschutzgrundverordnung Im Rahmen der Datenschutzgrundverordnung (DSGVO) muss die Schule \u00fcber die Verarbeitung personenbezogener Daten informieren. Da wir die Flut an Papier minimieren wolle, finden Sie hier das &#8222;Informationsblatt gem\u00e4\u00df Art. 13ff. Datenschutzgrundverordnung&#8220;. \u00a0Informationsblatt DGSVO Informationen gem\u00e4\u00df Artikel 13 Absatz 1 und Absatz 2 DSGVO aufgrund der Erhebung von personenbezogenen Daten (Annahme &hellip; <a href=\"https:\/\/wordpress.nibis.de\/gshonde\/datenschutz\/\" class=\"more-link\"><span class=\"screen-reader-text\">Datenschutz<\/span> weiterlesen <span class=\"meta-nav\">&rarr;<\/span><\/a><\/p>\n","protected":false},"author":1075,"featured_media":0,"parent":0,"menu_order":0,"comment_status":"closed","ping_status":"closed","template":"","meta":{"footnotes":""},"class_list":["post-1935","page","type-page","status-publish","hentry"],"_links":{"self":[{"href":"https:\/\/wordpress.nibis.de\/gshonde\/wp-json\/wp\/v2\/pages\/1935","targetHints":{"allow":["GET"]}}],"collection":[{"href":"https:\/\/wordpress.nibis.de\/gshonde\/wp-json\/wp\/v2\/pages"}],"about":[{"href":"https:\/\/wordpress.nibis.de\/gshonde\/wp-json\/wp\/v2\/types\/page"}],"author":[{"embeddable":true,"href":"https:\/\/wordpress.nibis.de\/gshonde\/wp-json\/wp\/v2\/users\/1075"}],"replies":[{"embeddable":true,"href":"https:\/\/wordpress.nibis.de\/gshonde\/wp-json\/wp\/v2\/comments?post=1935"}],"version-history":[{"count":11,"href":"https:\/\/wordpress.nibis.de\/gshonde\/wp-json\/wp\/v2\/pages\/1935\/revisions"}],"predecessor-version":[{"id":3946,"href":"https:\/\/wordpress.nibis.de\/gshonde\/wp-json\/wp\/v2\/pages\/1935\/revisions\/3946"}],"wp:attachment":[{"href":"https:\/\/wordpress.nibis.de\/gshonde\/wp-json\/wp\/v2\/media?parent=1935"}],"curies":[{"name":"wp","href":"https:\/\/api.w.org\/{rel}","templated":true}]}}