{"id":204,"date":"2015-01-23T22:12:56","date_gmt":"2015-01-23T20:12:56","guid":{"rendered":"http:\/\/wordpress.nibis.de\/gshonde\/?page_id=204"},"modified":"2025-09-25T19:34:09","modified_gmt":"2025-09-25T17:34:09","slug":"schuelerrat","status":"publish","type":"page","link":"https:\/\/wordpress.nibis.de\/gshonde\/klassen-201415\/schuelerrat\/","title":{"rendered":"Sch\u00fclerrat"},"content":{"rendered":"<h3>Der Sch\u00fclerrat<\/h3>\n<p>Die\u00a0Klassen des 2., 3. und 4. Jahrgangs w\u00e4hlen eine Klassensprecherin und einen Klassensprecher.<\/p>\n<p>Diese Sch\u00fclerinnen und Sch\u00fcler treffen sich regelm\u00e4\u00dfig, \u00a0um Informationen, W\u00fcnsche und Anregungen auszutauschen.<\/p>\n<p>Auf einer Stellwand in der Pausenhalle stellen sich die Kinder ihren Mitsch\u00fclern vor. Die Termine sowie die Protokolle der Sch\u00fclerratssitzungen h\u00e4ngen \u00f6ffentlich aus.<\/p>\n","protected":false},"excerpt":{"rendered":"<p>Der Sch\u00fclerrat Die\u00a0Klassen des 2., 3. und 4. Jahrgangs w\u00e4hlen eine Klassensprecherin und einen Klassensprecher. Diese Sch\u00fclerinnen und Sch\u00fcler treffen sich regelm\u00e4\u00dfig, \u00a0um Informationen, W\u00fcnsche und Anregungen auszutauschen. Auf einer Stellwand in der Pausenhalle stellen sich die Kinder ihren Mitsch\u00fclern vor. Die Termine sowie die Protokolle der Sch\u00fclerratssitzungen h\u00e4ngen \u00f6ffentlich aus.<\/p>\n","protected":false},"author":553,"featured_media":0,"parent":85,"menu_order":0,"comment_status":"closed","ping_status":"closed","template":"","meta":{"footnotes":""},"class_list":["post-204","page","type-page","status-publish","hentry"],"_links":{"self":[{"href":"https:\/\/wordpress.nibis.de\/gshonde\/wp-json\/wp\/v2\/pages\/204","targetHints":{"allow":["GET"]}}],"collection":[{"href":"https:\/\/wordpress.nibis.de\/gshonde\/wp-json\/wp\/v2\/pages"}],"about":[{"href":"https:\/\/wordpress.nibis.de\/gshonde\/wp-json\/wp\/v2\/types\/page"}],"author":[{"embeddable":true,"href":"https:\/\/wordpress.nibis.de\/gshonde\/wp-json\/wp\/v2\/users\/553"}],"replies":[{"embeddable":true,"href":"https:\/\/wordpress.nibis.de\/gshonde\/wp-json\/wp\/v2\/comments?post=204"}],"version-history":[{"count":11,"href":"https:\/\/wordpress.nibis.de\/gshonde\/wp-json\/wp\/v2\/pages\/204\/revisions"}],"predecessor-version":[{"id":4541,"href":"https:\/\/wordpress.nibis.de\/gshonde\/wp-json\/wp\/v2\/pages\/204\/revisions\/4541"}],"up":[{"embeddable":true,"href":"https:\/\/wordpress.nibis.de\/gshonde\/wp-json\/wp\/v2\/pages\/85"}],"wp:attachment":[{"href":"https:\/\/wordpress.nibis.de\/gshonde\/wp-json\/wp\/v2\/media?parent=204"}],"curies":[{"name":"wp","href":"https:\/\/api.w.org\/{rel}","templated":true}]}}