{"id":2047,"date":"2019-03-29T13:40:26","date_gmt":"2019-03-29T11:40:26","guid":{"rendered":"https:\/\/wordpress.nibis.de\/gshonde\/?page_id=2047"},"modified":"2026-04-17T08:14:16","modified_gmt":"2026-04-17T06:14:16","slug":"schulanfaenger-2025-2026","status":"publish","type":"page","link":"https:\/\/wordpress.nibis.de\/gshonde\/eltern\/schulanfaenger-2025-2026\/","title":{"rendered":"Schulanf\u00e4ngerkinder 2027\/2028"},"content":{"rendered":"\n\n\n<p class=\"has-text-align-center has-background\" style=\"background-color:#a3a300\"><strong>WICHTIGE INFOS<\/strong><\/p>\n\n\n\n<p><strong>Liebe Eltern,<\/strong><\/p>\n\n\n\n<p><strong>Ihr Kind wird im Sommer 2027 in der Grundschule Hondelage eingeschult? Dann sind Sie hier richtig!<\/strong><\/p>\n\n\n\n<p><strong>Unser Sekretariat ist immer montags, dienstags und donnerstags von 7:30 bis 12:30 Uhr besetzt. Sollten Sie Fragen haben, setzen Sie sich gerne mit uns telefonisch unter der Rufnummer 0 53 09\/52 57 in Verbindung oder schreiben Sie uns per Mail \u00fcber <a href=\"&#109;&#x61;&#x69;l&#116;&#x6f;:&#103;&#x73;&#x2e;h&#111;&#x6e;d&#101;&#x6c;&#x61;g&#101;&#x40;b&#114;&#x61;&#x75;&#110;&#115;&#x63;h&#119;&#x65;&#x69;&#103;&#x2e;&#x64;e\">&#103;&#x73;&#46;&#x68;&#111;&#x6e;&#100;&#x65;l&#x61;g&#x65;&#64;&#x62;r&#97;&#x75;&#110;&#x73;&#99;&#x68;&#119;&#x65;&#105;&#x67;&#46;&#x64;e<\/a> .<\/strong><\/p>\n\n\n\n<p>Die\u00a0<strong>Anmeldung<\/strong> der Schulanf\u00e4ngerinnen und Schulanf\u00e4nger f\u00fcr das Schuljahr 2027\/28 an der Grundschule Hondelage finden in der Woche<strong> vom 4. Mai 2026 bis\u00a0 Freitag, 8. Mai 2026 <\/strong>statt. <strong>Schulpflichtig werden alle Kinder, die bis zum einschlie\u00dflich 30.09.2027 das sechste Lebensjahr vollendet haben.<\/strong> <strong>Dazu z\u00e4hlen auch die Kinder, die am 1. Oktober ihren 6. Geburtstag haben.<\/strong><\/p>\n<p class=\"has-dark-gray-color has-text-color\">F\u00fcr Kinder, die das sechste Lebensjahr zwischen dem 1. Juli und dem 30. September eines Jahres vollenden, k\u00f6nnen die Erziehungsberechtigten den Schulbesuch durch schriftliche Erkl\u00e4rung gegen\u00fcber der Schule um ein Jahr hinausschieben (<strong>\u201e<a href=\"https:\/\/wordpress.nibis.de\/gslamme\/files\/2020\/04\/Informationsblatt_Erziehungsberechtigte_Flexibilisierung_Einschulungstermin_Stand_Februar_2020.pdf\">Flexikindregelung<\/a>\u201c<\/strong>). Die formlose Erkl\u00e4rung ist vor dem Beginn des betreffenden Schuljahres bis zum 1. Mai gegen\u00fcber der Schule abzugeben. Sie muss nicht begr\u00fcndet werden.\u00a0<strong>Aber auch diese Kinder m\u00fcssen in jedem Fall bereits angemeldet werden.<\/strong><\/p>\n<p><strong>Sie erhalten alle Formulare von uns per Post!<\/strong> Die R\u00fcckgabe Ihrerseits kann ebenfalls auf dem Postweg erfolgen oder sie schmei\u00dfen die vollst\u00e4ndigen Unterlagen in den Schulbriefkasten. Gerne k\u00f6nnen Sie sie aber auch zu den angegebenen B\u00fcrozeiten in der Schule pers\u00f6nlich abgeben.\u00a0<\/p>\n<p><strong>Folgende Unterlagen sind in jedem Fall vorzulegen:<\/strong><\/p>\n<p>\u2013 Geburtsurkunde des Kindes<\/p>\n<p>\u2013 ausgef\u00fcllte Formulare zur Anmeldung, die Ihnen zugesandt werden<\/p>\n<p class=\"has-dark-gray-color has-text-color\">\u2013\u00a0Anmeldebogen<\/p>\n<p><strong>Falls Sie bis zum 1. Mai 2026 keine Unterlagen von der Schule erhalten haben, melden Sie sich bitte in der Schule.\u00a0<\/strong><\/p>\n<p><strong>Zudem k\u00f6nnen Sie sich \u00fcber das elektronische Anmeldeverfahren NEO anmelden. Alle Informationen dazu erhalten Sei von uns.\u00a0\u00a0<\/strong><\/p>\n\n\n\n<p class=\"has-text-align-center has-background\" style=\"background-color:#a3a300\"><strong>Elternabend zur Einschulung<\/strong><\/p>\n\n\n\n<p><\/p>\n\n\n\n<p class=\"has-text-align-center has-background\" style=\"background-color:#a3a300\"><strong>Kennlernnachmittag<\/strong><\/p>\n\n\n\n\n\n<p class=\"has-text-align-center has-background\" style=\"background-color:#a3a300\"><strong>Einschulung<\/strong><\/p>\n\n\n\n<p><\/p>\n\n\n\n<p class=\"has-text-align-center has-background\" style=\"background-color:#a3a300\"><strong>Anmeldewoche<\/strong><\/p>\n\n\n\n<p>Die&nbsp;<strong>Anmeldung<\/strong> der Schulanf\u00e4ngerinnen und Schulanf\u00e4nger f\u00fcr das Schuljahr 2027\/28 an der Grundschule Hondelage finden in der Woche<strong> vom 4. Mai 2026 bis&nbsp; Freitag, 8. Mai 2026 <\/strong>statt.<\/p>\n\n\n\n<p class=\"has-text-align-center has-background\" style=\"background-color:#a3a300\"><strong>Schulanf\u00e4ngeruntersuchungen<\/strong><\/p>\n\n\n\n<p>Die Einladungen zu den Untersuchungen erhalten Sie direkt vom Gesundheitsamt.&nbsp;<\/p>\n<p>Bitte sagen Sie im Falle von Krankheit oder anderer Verhinderung Ihren Termin ab. Fragen zu den Untersuchungen oder der Terminvergabe stellen Sie bitte direkt an die Mitarbeitenden des&nbsp; Gesundheitsamtes.<\/p>\n\n\n\n<p class=\"has-text-align-center has-background\" style=\"background-color:#a3a300\"><strong>Elternabend Kita- Schule<\/strong><\/p>\n\n\n\n<p>Der Elternabend Kita-Schule hat am <strong>Montag, den 13. April 2026, um 19.00 Uhr<\/strong> in der Pausenhalle der Grundschule Hondelage stattgefunden. Die Pr\u00e4sentation des Abends finden Sie <a href=\"https:\/\/wordpress.nibis.de\/gshonde\/files\/2026\/04\/2026-04-13-Elternabend-Kita-Schule-neu.pdf\">hier<\/a>.<\/p>\n\n\n\n<p class=\"has-text-align-center has-background\" style=\"background-color:#a3a300\"><strong>INFOS\/ Flyer<\/strong><\/p>\n\n\n\n<p>Hier finden Sie in den Flyern <a href=\"https:\/\/wordpress.nibis.de\/gshonde\/files\/2025\/03\/2025-03-Flyer-Schulfaehigkeit.pdf\">&#8222;Schulf\u00e4higkeit&#8220;<\/a> und <a href=\"https:\/\/wordpress.nibis.de\/gshonde\/files\/2025\/03\/2025-03-Flyer-Wegweiser-bis-zur-Einschulung.pdf\">&#8222;Wegweiser bis zur Einschulung&#8220;<\/a> weitere wichtige Informationen.<\/p>\n\n\n\n<p class=\"has-text-align-center has-background\" style=\"background-color:#a3a300\"><strong>Ideen f\u00fcr die Schult\u00fcte<\/strong><\/p>\n\n\n\n<p>Wenn Sie nach sinnvollen Ideen f\u00fcr die Schult\u00fcte suchen, bietet der F\u00f6rderverein der Grundschule mit T-Shirts, Hoodies, Tassen und Taschen zahlreiche Anregungen. Schauen Sie doch selber einmal:<\/p>\n\n\n\n<p><strong>Bestellformular &#8211; so geht&#8217;s!<\/strong><\/p>\n\n\n\n<p>Bestellformular <a href=\"https:\/\/wordpress.nibis.de\/gshonde\/files\/2023\/06\/Bestellung-der-Schulkollektion-Sommer-2023.pdf\">Bestellung Schulkollektion Einschulung 2023<\/a><\/p>\n\n\n\n<p>Bestellformular <a href=\"https:\/\/wordpress.nibis.de\/gshonde\/files\/2023\/06\/Bestellformular-Schulkollektion-gesamt-2023.pdf\">gesamte Kollektion 2023<\/a><\/p>\n\n\n\n<p>Bestellformular <a href=\"https:\/\/wordpress.nibis.de\/gshonde\/files\/2022\/03\/2022_04-Bestellformular-Masken-2022.pdf\">Masken<\/a><\/p>\n\n\n\n<p><a href=\"https:\/\/wordpress.nibis.de\/gshonde\/files\/2021\/05\/2021-Farbmuster-T-Shirts.pdf\">Farbmuster T-Shirts<\/a>, <a href=\"https:\/\/wordpress.nibis.de\/gshonde\/files\/2021\/05\/2021-Farbmuster-Hoodies.pdf\">Farbmuster Hoodies<\/a>, <a href=\"https:\/\/wordpress.nibis.de\/gshonde\/files\/2021\/05\/2021-Farbmuster-Masken.pdf\">Farbmuster Masken<\/a>, <a href=\"https:\/\/wordpress.nibis.de\/gshonde\/files\/2022\/03\/2022_04-Farbmuster-Sonstiges.pdf\">Farbmuster sonstige Artikel<\/a><\/p>\n\n\n\n<p>Und wenn Sie schon einmal dabei sind,<a href=\"https:\/\/wordpress.nibis.de\/gshonde\/wp-admin\/post.php?post=211&amp;action=edit\"> <\/a><strong><a href=\"https:\/\/wordpress.nibis.de\/gshonde\/wp-admin\/post.php?post=211&amp;action=edit\">informieren<\/a><\/strong> Sie sich doch an dieser Stelle gleich \u00fcber den F\u00f6rderverein und werden Mitglied!<\/p>\n\n\n\n<p class=\"has-background\" style=\"background-color:#a3a300\"><strong>Sicher im Stra\u00dfenverkehr &#8211; Tipps f\u00fcr Schulanf\u00e4nger und Schulanf\u00e4ngerinnen<\/strong><\/p>\n\n\n\n<p>Unter diesen Links finden Sie Tipps einen sicheren Schulstart:<\/p>\n\n\n\n<p>ADAC <a href=\"https:\/\/www.adac.de\/-\/media\/pdf\/vek\/schulwegratgeber-adac.pdf?la=de-de&amp;hash=0AC906A86E5D0408497E17B36E6546E338A95CB7\">Schulwegratgeber<\/a><\/p>\n\n\n\n<p>ADAC Video <a href=\"https:\/\/www.youtube.com\/watch?v=i8fMC-FIsUs&amp;feature=emb_title\">&#8222;Aufgepasst mit ADACUS&#8220;<\/a><\/p>\n\n\n\n<p>Bus auf F\u00fc\u00dfen<a href=\"https:\/\/www.zu-fuss-zur-schule.de\/\"> &#8222;Walking Bus&#8220;<\/a><\/p>\n\n\n\n<p><\/p>\n","protected":false},"excerpt":{"rendered":"<p>WICHTIGE INFOS Liebe Eltern, Ihr Kind wird im Sommer 2027 in der Grundschule Hondelage eingeschult? Dann sind Sie hier richtig! Unser Sekretariat ist immer montags, dienstags und donnerstags von 7:30 bis 12:30 Uhr besetzt. Sollten Sie Fragen haben, setzen Sie sich gerne mit uns telefonisch unter der Rufnummer 0 53 09\/52 57 in Verbindung oder &hellip; <a href=\"https:\/\/wordpress.nibis.de\/gshonde\/eltern\/schulanfaenger-2025-2026\/\" class=\"more-link\"><span class=\"screen-reader-text\">Schulanf\u00e4ngerkinder 2027\/2028<\/span> weiterlesen <span class=\"meta-nav\">&rarr;<\/span><\/a><\/p>\n","protected":false},"author":1075,"featured_media":0,"parent":79,"menu_order":0,"comment_status":"closed","ping_status":"closed","template":"","meta":{"footnotes":""},"class_list":["post-2047","page","type-page","status-publish","hentry"],"_links":{"self":[{"href":"https:\/\/wordpress.nibis.de\/gshonde\/wp-json\/wp\/v2\/pages\/2047","targetHints":{"allow":["GET"]}}],"collection":[{"href":"https:\/\/wordpress.nibis.de\/gshonde\/wp-json\/wp\/v2\/pages"}],"about":[{"href":"https:\/\/wordpress.nibis.de\/gshonde\/wp-json\/wp\/v2\/types\/page"}],"author":[{"embeddable":true,"href":"https:\/\/wordpress.nibis.de\/gshonde\/wp-json\/wp\/v2\/users\/1075"}],"replies":[{"embeddable":true,"href":"https:\/\/wordpress.nibis.de\/gshonde\/wp-json\/wp\/v2\/comments?post=2047"}],"version-history":[{"count":151,"href":"https:\/\/wordpress.nibis.de\/gshonde\/wp-json\/wp\/v2\/pages\/2047\/revisions"}],"predecessor-version":[{"id":4883,"href":"https:\/\/wordpress.nibis.de\/gshonde\/wp-json\/wp\/v2\/pages\/2047\/revisions\/4883"}],"up":[{"embeddable":true,"href":"https:\/\/wordpress.nibis.de\/gshonde\/wp-json\/wp\/v2\/pages\/79"}],"wp:attachment":[{"href":"https:\/\/wordpress.nibis.de\/gshonde\/wp-json\/wp\/v2\/media?parent=2047"}],"curies":[{"name":"wp","href":"https:\/\/api.w.org\/{rel}","templated":true}]}}