{"id":211,"date":"2015-01-23T22:42:16","date_gmt":"2015-01-23T20:42:16","guid":{"rendered":"http:\/\/wordpress.nibis.de\/gshonde\/?page_id=211"},"modified":"2025-10-07T13:49:04","modified_gmt":"2025-10-07T11:49:04","slug":"foerderverein","status":"publish","type":"page","link":"https:\/\/wordpress.nibis.de\/gshonde\/eltern\/foerderverein\/","title":{"rendered":"F\u00f6rderverein der GS Hondelage e.V."},"content":{"rendered":"\n<figure class=\"wp-block-image is-resized\"><img loading=\"lazy\" decoding=\"async\" src=\"https:\/\/wordpress.nibis.de\/gshonde\/files\/2020\/06\/image-1200x675.png\" alt=\"\" class=\"wp-image-2627\" width=\"595\" height=\"334\" srcset=\"https:\/\/wordpress.nibis.de\/gshonde\/files\/2020\/06\/image-1200x675.png 1200w, https:\/\/wordpress.nibis.de\/gshonde\/files\/2020\/06\/image-250x141.png 250w, https:\/\/wordpress.nibis.de\/gshonde\/files\/2020\/06\/image-850x478.png 850w\" sizes=\"auto, (max-width: 595px) 100vw, 595px\" \/><\/figure>\n\n\n\n<p><em><strong>Der F\u00f6rderverein der Grundschule Hondelage e.V.<\/strong><\/em> wurde am <em><strong>6.April 2000<\/strong><\/em> gegr\u00fcndet, um die vielf\u00e4ltigen Aktivit\u00e4ten an unserer Schule zu unterst\u00fctzen. Wir m\u00f6chten unseren Kindern eine <em><strong>angemessene Lernumgebung<\/strong><\/em> sowie <em><strong>zus\u00e4tzliche Lernangebote<\/strong><\/em> erm\u00f6glichen, die durch den Schultr\u00e4ger kostenm\u00e4\u00dfig nicht oder nur teilweise \u00fcbernommen werden k\u00f6nnen.<\/p>\n\n\n\n<p>Aus diesem Grunde werben wir sowohl um Spenden bei Eltern und Firmen als auch um VereinsmitgliederInnen. <em><strong>Nur mit Ihrer Unterst\u00fctzung k\u00f6nnen bestehende Projekte weitergef\u00fchrt werden und neue Ideen in die Tat umgesetzt werden.<\/strong><\/em><\/p>\n\n\n\n<p>Laut Beschluss der Mitgliedversammlung k\u00f6nnen Sie einen Mitgliedsbeitrag ab 12\u20ac j\u00e4hrlich ausw\u00e4hlen. Die Mitgliedschaft endet mit dem Ausscheiden Ihres Kindes aus der Grundschule automatisch oder durch eine vorherige K\u00fcndigung.<\/p>\n\n\n\n<p><strong><a href=\"https:\/\/wordpress.nibis.de\/gshonde\/files\/2025\/06\/2025-06-12-Vorstellung.pdf\">WAS und WER<\/a> verbirgt sich hinter dem  F\u00f6rderverein der Grundschule Hondelage?<\/strong><\/p>\n\n\n\n<p>Als anerkannter gemeinn\u00fctziger Verein sind Zuwendungen steuerlich absetzbar. Gern stellen wir Ihnen eine Spendenbescheinigung aus.<\/p>\n\n\n\n<p class=\"has-medium-orange-background-color has-background\"><em><strong>Gef\u00f6rderte Projekte<\/strong><\/em><\/p>\n\n\n\n<ul class=\"wp-block-list\"><li><em><strong>Unterst\u00fctzung finanzschwacher Familien<\/strong><\/em><\/li><li><em><strong>Erhalung und Betrieb der Schulb\u00fccherei<\/strong><\/em><\/li><li><em><strong>Unterst\u00fctzung bei Schulfesten und -veranstaltungen<\/strong><\/em><\/li><li><em><strong>Anschaffungen f\u00fcr den Unterricht (z.B. Gitarre, ) und das Spielhaus<\/strong><\/em><\/li><li><em><strong>Willkommensgru\u00df von 50\u20ac f\u00fcr jede 1.Klasse zur Anschaffung von B\u00fcchern, Spielen etc. und eine Postmappe pro Kind<\/strong><\/em><\/li><li><em><strong>Projektunterst\u00fctzung z.B. Zirkus, Schulsong<\/strong><\/em><\/li><li><em><strong>Schulkollektion<\/strong><\/em><\/li><\/ul>\n\n\n\n<p class=\"has-text-align-center\"><em><strong>Vielen Dank \u2013 jeder Beitrag hilft !<\/strong><\/em><\/p>\n\n\n\n<p class=\"has-medium-orange-background-color has-background\"><strong>FORMULARE DES F\u00d6RDERVEREINS<\/strong><\/p>\n\n\n\n<p>Hier finden Sie die aktuelle<a href=\"http:\/\/schulanfaenger-2021-22\"> <\/a><strong><a href=\"https:\/\/wordpress.nibis.de\/gshonde\/files\/2025\/10\/20241024_Bestellformular_Schulkollektion.pdf\">Kollektion <\/a><\/strong>sowie das<strong> <a href=\"https:\/\/wordpress.nibis.de\/gshonde\/files\/2025\/10\/2025-06-Bestellformular.pdf\">Bestellformular.<\/a><\/strong><\/p>\n\n\n\n<p><strong>Werden Sie Mitglied im F\u00f6rderverein. Das ist nicht schwer  und hilft unglaublich!<\/strong><\/p>\n\n\n\n<p><strong>Hier finden Sie den neuen <a href=\"https:\/\/wordpress.nibis.de\/gshonde\/files\/2025\/10\/2025-08-FaltflyerNEU.pdf\">Flyer<\/a> des F\u00f6rdervereins sowie Informationen zum Beitritt und den Formalit\u00e4ten zur Mitgliedschaft.<\/strong><\/p>\n\n\n\n<p><a href=\"https:\/\/wordpress.nibis.de\/gshonde\/files\/2024\/10\/20241024_Foerderverein_Datenschutzerklaerung-NEU.pdf\">Datenschutzerkl\u00e4rung F\u00f6rderverein GS Hondelage<\/a><\/p>\n\n\n\n<p class=\"has-medium-orange-background-color has-background\"><strong>BANKVERBINDUNG<\/strong><\/p>\n\n\n\n<p>F\u00f6rderverein der Grundschule Hondelage <\/p>\n\n\n\n<p>Volksbank EG Braunschweig Wolfsburg<\/p>\n\n\n\n<p>DE32 2699 1066 8307 9030 00<\/p>\n\n\n\n<p>BIC GENODEF1WOB<\/p>\n\n\n\n<p class=\"has-medium-orange-background-color has-background\"><strong>KONTAKT<\/strong><\/p>\n\n\n\n<p>F\u00f6rderverein der GS Hondelage e.V.<\/p>\n\n\n\n<p>In den Heistern 1 <\/p>\n\n\n\n<p>38108 Braunschweig <\/p>\n\n\n\n<p>Telefon: 05309\/5257 <\/p>\n\n\n\n<p>Fax: 05309\/940024<\/p>\n\n\n\n<p>Per <strong>Mail <\/strong>sind wir zu erreichen unter:  &#102;&#x72;i&#101;&#x64;e&#114;&#x69;k&#x65;&#x2e;&#101;&#x6e;g&#101;&#x6c;b&#101;&#x72;t&#x7a;&#x40;&#103;&#x73;&#x2d;&#104;&#x6f;n&#100;&#x65;l&#97;&#x67;e&#x2e;&#x64;&#101;<\/p>\n\n\n\n<p><a href=\"http:\/\/www.wordpress.nibis.de\/gshonde\/eltern\/foerderverein\/\">www.wordpress.nibis.de\/gshonde\/eltern\/foerderverein\/<\/a><\/p>\n","protected":false},"excerpt":{"rendered":"<p>Der F\u00f6rderverein der Grundschule Hondelage e.V. wurde am 6.April 2000 gegr\u00fcndet, um die vielf\u00e4ltigen Aktivit\u00e4ten an unserer Schule zu unterst\u00fctzen. Wir m\u00f6chten unseren Kindern eine angemessene Lernumgebung sowie zus\u00e4tzliche Lernangebote erm\u00f6glichen, die durch den Schultr\u00e4ger kostenm\u00e4\u00dfig nicht oder nur teilweise \u00fcbernommen werden k\u00f6nnen. Aus diesem Grunde werben wir sowohl um Spenden bei Eltern und Firmen &hellip; <a href=\"https:\/\/wordpress.nibis.de\/gshonde\/eltern\/foerderverein\/\" class=\"more-link\"><span class=\"screen-reader-text\">F\u00f6rderverein der GS Hondelage e.V.<\/span> weiterlesen <span class=\"meta-nav\">&rarr;<\/span><\/a><\/p>\n","protected":false},"author":553,"featured_media":0,"parent":79,"menu_order":0,"comment_status":"closed","ping_status":"closed","template":"","meta":{"footnotes":""},"class_list":["post-211","page","type-page","status-publish","hentry"],"_links":{"self":[{"href":"https:\/\/wordpress.nibis.de\/gshonde\/wp-json\/wp\/v2\/pages\/211","targetHints":{"allow":["GET"]}}],"collection":[{"href":"https:\/\/wordpress.nibis.de\/gshonde\/wp-json\/wp\/v2\/pages"}],"about":[{"href":"https:\/\/wordpress.nibis.de\/gshonde\/wp-json\/wp\/v2\/types\/page"}],"author":[{"embeddable":true,"href":"https:\/\/wordpress.nibis.de\/gshonde\/wp-json\/wp\/v2\/users\/553"}],"replies":[{"embeddable":true,"href":"https:\/\/wordpress.nibis.de\/gshonde\/wp-json\/wp\/v2\/comments?post=211"}],"version-history":[{"count":71,"href":"https:\/\/wordpress.nibis.de\/gshonde\/wp-json\/wp\/v2\/pages\/211\/revisions"}],"predecessor-version":[{"id":4574,"href":"https:\/\/wordpress.nibis.de\/gshonde\/wp-json\/wp\/v2\/pages\/211\/revisions\/4574"}],"up":[{"embeddable":true,"href":"https:\/\/wordpress.nibis.de\/gshonde\/wp-json\/wp\/v2\/pages\/79"}],"wp:attachment":[{"href":"https:\/\/wordpress.nibis.de\/gshonde\/wp-json\/wp\/v2\/media?parent=211"}],"curies":[{"name":"wp","href":"https:\/\/api.w.org\/{rel}","templated":true}]}}