{"id":215,"date":"2015-01-23T22:45:31","date_gmt":"2015-01-23T20:45:31","guid":{"rendered":"http:\/\/wordpress.nibis.de\/gshonde\/?page_id=215"},"modified":"2026-03-12T13:45:27","modified_gmt":"2026-03-12T11:45:27","slug":"schulelternrat","status":"publish","type":"page","link":"https:\/\/wordpress.nibis.de\/gshonde\/eltern\/schulelternrat\/","title":{"rendered":"Schulelternrat"},"content":{"rendered":"\n<p class=\"has-dark-gray-color has-text-color has-background has-medium-font-size\" style=\"background-color:#5ba300\"><strong>Die n\u00e4chste Schulelternratssitzung findet am Montag, den 08.06.2026, um 19.oo Uhr statt.<\/strong><\/p>\n\n\n<p>Alle Vorsitzenden und deren Stellvertreter der Klassenelternschaft bilden den Schulelternrat, der die Zentrale der Elternarbeit darstellt. Aufgaben sind die Er\u00f6rterung aller die Schule betreffenden Fragen, sowie die Vertretung der Interessen der Elternschaft gegen\u00fcber Schulleitung, Schulbeh\u00f6rde und Schultr\u00e4ger.<\/p>\n<p>Der Schulelternrat w\u00e4hlt den Vorstand sowie die Vertreter f\u00fcr den Schulvorstand und f\u00fcr die Gesamtkonferenz.<\/p>\n<p>Der Schulelternrat entsendet\u00a0zwei Mitglieder\u00a0in den Stadtelternrat. Die Wahlperiode aller gew\u00e4hlten Vertreter sowie des Vorstands dauert zwei Jahre.<\/p>\n<p><strong>Der Vorstand des Schulelternrates<\/strong><\/p>\n<p>F\u00fcr die Schuljahre 2024\/25 und 2025\/2026 ist der Vorstand wie folgt besetzt:<\/p>\n<ol>\n<li>Vorsitzende: Frau Sturm<\/li>\n<li>Stellvertreterin: Frau Lehne<\/li>\n<\/ol>\n<p>Sie vertreten die GS Hondelage auch im Stadtelternrat der Stadt Braunschweig.<\/p>\n<p><strong>Die Aufgaben des Schulelternrates<\/strong><\/p>\n<ul>\n<li style=\"list-style-type: none\">\n<ul>\n<li>\n<p style=\"text-align: left\">Wir beraten \u00fcber schulische Angelegenheiten.<\/p>\n<\/li>\n<\/ul>\n<\/li>\n<\/ul>\n<ul>\n<li style=\"list-style-type: none\">\n<ul>\n<li style=\"text-align: left\">Wir entsenden die Elternvertreter in die Schulgremien (Gesamtkonferenz, Fachkonferenzen, Schulvorstand)<\/li>\n<\/ul>\n<\/li>\n<\/ul>\n<ul>\n<li style=\"text-align: left\">Wir arbeiten in den Konferenzen um im Schulvorstand im Interesse aller Sch\u00fclerinnen und Sch\u00fcler mit.<\/li>\n<li>\n<p style=\"text-align: left\">Wir organisieren in Zusammenarbeit mit dem F\u00f6rderverein und den Kolleginnen p\u00e4dagogische Elternabende und Schulveranstaltungen.<\/p>\n<\/li>\n<\/ul>\n<p><strong>\u00a0<\/strong><\/p>","protected":false},"excerpt":{"rendered":"<p>Die n\u00e4chste Schulelternratssitzung findet am Montag, den 08.06.2026, um 19.oo Uhr statt. Alle Vorsitzenden und deren Stellvertreter der Klassenelternschaft bilden den Schulelternrat, der die Zentrale der Elternarbeit darstellt. Aufgaben sind die Er\u00f6rterung aller die Schule betreffenden Fragen, sowie die Vertretung der Interessen der Elternschaft gegen\u00fcber Schulleitung, Schulbeh\u00f6rde und Schultr\u00e4ger. Der Schulelternrat w\u00e4hlt den Vorstand sowie &hellip; <a href=\"https:\/\/wordpress.nibis.de\/gshonde\/eltern\/schulelternrat\/\" class=\"more-link\"><span class=\"screen-reader-text\">Schulelternrat<\/span> weiterlesen <span class=\"meta-nav\">&rarr;<\/span><\/a><\/p>\n","protected":false},"author":553,"featured_media":0,"parent":79,"menu_order":0,"comment_status":"closed","ping_status":"closed","template":"","meta":{"footnotes":""},"class_list":["post-215","page","type-page","status-publish","hentry"],"_links":{"self":[{"href":"https:\/\/wordpress.nibis.de\/gshonde\/wp-json\/wp\/v2\/pages\/215","targetHints":{"allow":["GET"]}}],"collection":[{"href":"https:\/\/wordpress.nibis.de\/gshonde\/wp-json\/wp\/v2\/pages"}],"about":[{"href":"https:\/\/wordpress.nibis.de\/gshonde\/wp-json\/wp\/v2\/types\/page"}],"author":[{"embeddable":true,"href":"https:\/\/wordpress.nibis.de\/gshonde\/wp-json\/wp\/v2\/users\/553"}],"replies":[{"embeddable":true,"href":"https:\/\/wordpress.nibis.de\/gshonde\/wp-json\/wp\/v2\/comments?post=215"}],"version-history":[{"count":55,"href":"https:\/\/wordpress.nibis.de\/gshonde\/wp-json\/wp\/v2\/pages\/215\/revisions"}],"predecessor-version":[{"id":4863,"href":"https:\/\/wordpress.nibis.de\/gshonde\/wp-json\/wp\/v2\/pages\/215\/revisions\/4863"}],"up":[{"embeddable":true,"href":"https:\/\/wordpress.nibis.de\/gshonde\/wp-json\/wp\/v2\/pages\/79"}],"wp:attachment":[{"href":"https:\/\/wordpress.nibis.de\/gshonde\/wp-json\/wp\/v2\/media?parent=215"}],"curies":[{"name":"wp","href":"https:\/\/api.w.org\/{rel}","templated":true}]}}