{"id":221,"date":"2015-01-23T22:50:25","date_gmt":"2015-01-23T20:50:25","guid":{"rendered":"http:\/\/wordpress.nibis.de\/gshonde\/?page_id=221"},"modified":"2025-08-21T13:20:23","modified_gmt":"2025-08-21T11:20:23","slug":"beratung","status":"publish","type":"page","link":"https:\/\/wordpress.nibis.de\/gshonde\/eltern\/beratung\/","title":{"rendered":"Beratung und F\u00f6rderung"},"content":{"rendered":"\n<p class=\"has-background has-medium-font-size\" style=\"background-color:#4fc6f9\"><strong>Beratung durch die Schulsozialarbeiterin<\/strong><\/p>\n\n\n\n<p><a href=\"https:\/\/wordpress.nibis.de\/gshonde\/schule\/neu-schulische-sozialarbeit\/\">Frau Bla\u00df als Fachkraft f\u00fcr schulische Sozialarbeit <\/a>steht f\u00fcr Beratung und Hilfe immer zur Verf\u00fcgung .<\/p>\n\n\n\n<p class=\"has-background has-medium-font-size\" style=\"background-color:#4fc6f9\"><strong>Hilfe und F\u00f6rderung durch ein multiprofessionelles Team<\/strong><\/p>\n\n\n<p><strong>Das F\u00f6rder-Trio der GS Hondelage \u2013 ein multiprofessionelles Team<\/strong><\/p>\n<p>Um die Entwicklung der Sch\u00fclerinnen und Sch\u00fcler in ihrer Zeit an der GS Hondelage bestm\u00f6glich begleiten und Erziehungsberechtigte optimal beraten zu k\u00f6nnen, treffen sich die Schulsozialarbeiterin, die F\u00f6rderschullehrkraft und die sozialp\u00e4dagogische Beraterin des Nachmittagsbereiches einmal monatlich und f\u00fchren eine Fallbesprechung durch. Die verschiedenen Blickwinkel auf evtl. Auff\u00e4lligkeiten bei den Sch\u00fclerinnen oder Sch\u00fclern helfen dabei, z\u00fcgig alle Beteiligten zu vernetzen und somit schnell eine gezielte F\u00f6rderung in Gang zu setzen.<\/p>\n\n\n<p class=\"has-background has-medium-font-size\" style=\"background-color:#4fc6f9\"><strong>Hilfsangebote der Stadt Braunschweig<\/strong><\/p>\n\n\n\n<p>Hier finden Sie <a href=\"https:\/\/www.braunschweig-hilft.de\/\">Hilfsangebote der Stadt Braunschweig<\/a>.\u00a0<\/p>\n<p>Und auch <a href=\"https:\/\/www.jugendlichestaerken-niedersachsen.de\/\">hier<\/a> finden Sie Tipps und Hilfen, die Sie vielleicht nutzen k\u00f6nnen. (Medical School Hamburg\/ Nds. Kultusministerium)<\/p>\n\n\n\n\n\n\n","protected":false},"excerpt":{"rendered":"<p>Beratung durch die Schulsozialarbeiterin Frau Bla\u00df als Fachkraft f\u00fcr schulische Sozialarbeit steht f\u00fcr Beratung und Hilfe immer zur Verf\u00fcgung . Hilfe und F\u00f6rderung durch ein multiprofessionelles Team Das F\u00f6rder-Trio der GS Hondelage \u2013 ein multiprofessionelles Team Um die Entwicklung der Sch\u00fclerinnen und Sch\u00fcler in ihrer Zeit an der GS Hondelage bestm\u00f6glich begleiten und Erziehungsberechtigte optimal &hellip; <a href=\"https:\/\/wordpress.nibis.de\/gshonde\/eltern\/beratung\/\" class=\"more-link\"><span class=\"screen-reader-text\">Beratung und F\u00f6rderung<\/span> weiterlesen <span class=\"meta-nav\">&rarr;<\/span><\/a><\/p>\n","protected":false},"author":553,"featured_media":0,"parent":79,"menu_order":0,"comment_status":"closed","ping_status":"closed","template":"","meta":{"footnotes":""},"class_list":["post-221","page","type-page","status-publish","hentry"],"_links":{"self":[{"href":"https:\/\/wordpress.nibis.de\/gshonde\/wp-json\/wp\/v2\/pages\/221","targetHints":{"allow":["GET"]}}],"collection":[{"href":"https:\/\/wordpress.nibis.de\/gshonde\/wp-json\/wp\/v2\/pages"}],"about":[{"href":"https:\/\/wordpress.nibis.de\/gshonde\/wp-json\/wp\/v2\/types\/page"}],"author":[{"embeddable":true,"href":"https:\/\/wordpress.nibis.de\/gshonde\/wp-json\/wp\/v2\/users\/553"}],"replies":[{"embeddable":true,"href":"https:\/\/wordpress.nibis.de\/gshonde\/wp-json\/wp\/v2\/comments?post=221"}],"version-history":[{"count":24,"href":"https:\/\/wordpress.nibis.de\/gshonde\/wp-json\/wp\/v2\/pages\/221\/revisions"}],"predecessor-version":[{"id":4448,"href":"https:\/\/wordpress.nibis.de\/gshonde\/wp-json\/wp\/v2\/pages\/221\/revisions\/4448"}],"up":[{"embeddable":true,"href":"https:\/\/wordpress.nibis.de\/gshonde\/wp-json\/wp\/v2\/pages\/79"}],"wp:attachment":[{"href":"https:\/\/wordpress.nibis.de\/gshonde\/wp-json\/wp\/v2\/media?parent=221"}],"curies":[{"name":"wp","href":"https:\/\/api.w.org\/{rel}","templated":true}]}}