{"id":2327,"date":"2020-02-26T09:22:37","date_gmt":"2020-02-26T07:22:37","guid":{"rendered":"https:\/\/wordpress.nibis.de\/gshonde\/?page_id=2327"},"modified":"2021-11-24T14:18:07","modified_gmt":"2021-11-24T12:18:07","slug":"infos-zum-thema-masern","status":"publish","type":"page","link":"https:\/\/wordpress.nibis.de\/gshonde\/eltern\/infos-zum-thema-masern\/","title":{"rendered":"Infos zum Thema Masern"},"content":{"rendered":"\n<p class=\"has-white-color has-text-color has-background\" style=\"background-color:#a30005\">Was Sie wissen m\u00fcssen!<\/p>\n\n\n\n<p><strong>Bis zum 31.12.2021 m\u00fcssen Kinder, die die Schule besuchen,\u00a0 einen vollst\u00e4ndigen Masernschutz haben. Die Schule ist verpflichtet, die Daten der nicht vollst\u00e4ndig geimpften Kinder und deren Familien ab dem 01.01.20222 an das Gesundheitsamt zu melden.\u00a0<\/strong><\/p>\n\n\n\n<p>Schul- und Kindergartenkinder sollen wirksam vor Masern gesch\u00fctzt werden. Das ist Ziel des Masernschutzgesetzes, das am 1. M\u00e4rz 2020 in Kraft getreten ist.\n    <\/p>\n\n\n\n<p>Das Gesetz sieht vor, dass alle Kinder ab dem vollendeten ersten Lebensjahr beim Eintritt in die Schule oder den Kindergarten die von der <a href=\"https:\/\/www.rki.de\/DE\/Content\/Infekt\/Impfen\/ImpfungenAZ\/MMR_Masern\/Masern.html\">St\u00e4ndigen Impfkommission<\/a> empfohlenen Masern-Impfungen vorweisen m\u00fcssen. Auch bei der Betreuung durch eine Kindertagespflegeperson muss in der Regel ein Nachweis \u00fcber die Masernimpfung erfolgen. <\/p>\n\n\n\n<p>Gleiches gilt f\u00fcr Personen, die in Gemeinschaftseinrichtungen oder medizinischen Einrichtungen t\u00e4tig sind wie Erzieher, Lehrer, Tagespflegepersonen und medizinisches Personal (soweit diese Personen nach 1970 geboren sind). Auch Asylbewerber und Fl\u00fcchtlinge m\u00fcssen den Impfschutz vier Wochen nach Aufnahme in eine Gemeinschaftsunterkunft aufweisen.<\/p>\n\n\n\n<p class=\"has-white-color has-text-color has-background\" style=\"background-color:#a30005\">Was Sie tun m\u00fcssen!<\/p>\n\n\n\n<p>Der Nachweis kann durch den Impfausweis, das gelbe Kinderuntersuchungsheft oder \u2013 insbesondere bei bereits erlittener Krankheit \u2013 ein \u00e4rztliches Attest erbracht werden. Der Nachweis ist in der Regel gegen\u00fcber der Leitung der Einrichtung zu erbringen. Kinder, die schon jetzt im Kindergarten und in der Schule oder in anderen Gemeinschaftseinrichtungen betreut werden, m\u00fcssen den Nachweis bis zum 31. Juli 2021 erbringen. Ebenfalls m\u00f6glich ist die Best\u00e4tigung einer zuvor besuchten Einrichtung, dass ein entsprechender Nachweis bereits dort vorgelegen hat.\n<\/p>\n\n\n\n<p>Entsprechendes gilt f\u00fcr Personal in Gemeinschaftseinrichtungen und medizinischen Einrichtungen, wie <abbr title=\"\">z.B.<\/abbr> in Krankenh\u00e4usern oder Arztpraxen. In medizinischen Einrichtungen ist das bereits gelebte Praxis. Auch hier muss das Personal die Impfung nachweisen, die Krankheit bereits durchlitten zu haben und damit immun zu sein.<\/p>\n\n\n\n<p class=\"has-white-color has-text-color has-background\" style=\"background-color:#a30005\">Hier finden Sie weitere Informationen!<\/p>\n\n\n\n<p><a href=\"https:\/\/www.masernschutz.de\/\">Masernschutzgesetz<\/a><\/p>\n\n\n\n<p><a href=\"https:\/\/www.rki.de\/DE\/Content\/Infekt\/Impfen\/ImpfungenAZ\/MMR_Masern\/Masern.html\">Informationen des Robert-Koch-Instituts<\/a><\/p>\n","protected":false},"excerpt":{"rendered":"<p>Was Sie wissen m\u00fcssen! Bis zum 31.12.2021 m\u00fcssen Kinder, die die Schule besuchen,\u00a0 einen vollst\u00e4ndigen Masernschutz haben. Die Schule ist verpflichtet, die Daten der nicht vollst\u00e4ndig geimpften Kinder und deren Familien ab dem 01.01.20222 an das Gesundheitsamt zu melden.\u00a0 Schul- und Kindergartenkinder sollen wirksam vor Masern gesch\u00fctzt werden. Das ist Ziel des Masernschutzgesetzes, das am &hellip; <a href=\"https:\/\/wordpress.nibis.de\/gshonde\/eltern\/infos-zum-thema-masern\/\" class=\"more-link\"><span class=\"screen-reader-text\">Infos zum Thema Masern<\/span> weiterlesen <span class=\"meta-nav\">&rarr;<\/span><\/a><\/p>\n","protected":false},"author":1075,"featured_media":0,"parent":79,"menu_order":0,"comment_status":"closed","ping_status":"closed","template":"","meta":{"footnotes":""},"class_list":["post-2327","page","type-page","status-publish","hentry"],"_links":{"self":[{"href":"https:\/\/wordpress.nibis.de\/gshonde\/wp-json\/wp\/v2\/pages\/2327","targetHints":{"allow":["GET"]}}],"collection":[{"href":"https:\/\/wordpress.nibis.de\/gshonde\/wp-json\/wp\/v2\/pages"}],"about":[{"href":"https:\/\/wordpress.nibis.de\/gshonde\/wp-json\/wp\/v2\/types\/page"}],"author":[{"embeddable":true,"href":"https:\/\/wordpress.nibis.de\/gshonde\/wp-json\/wp\/v2\/users\/1075"}],"replies":[{"embeddable":true,"href":"https:\/\/wordpress.nibis.de\/gshonde\/wp-json\/wp\/v2\/comments?post=2327"}],"version-history":[{"count":6,"href":"https:\/\/wordpress.nibis.de\/gshonde\/wp-json\/wp\/v2\/pages\/2327\/revisions"}],"predecessor-version":[{"id":3106,"href":"https:\/\/wordpress.nibis.de\/gshonde\/wp-json\/wp\/v2\/pages\/2327\/revisions\/3106"}],"up":[{"embeddable":true,"href":"https:\/\/wordpress.nibis.de\/gshonde\/wp-json\/wp\/v2\/pages\/79"}],"wp:attachment":[{"href":"https:\/\/wordpress.nibis.de\/gshonde\/wp-json\/wp\/v2\/media?parent=2327"}],"curies":[{"name":"wp","href":"https:\/\/api.w.org\/{rel}","templated":true}]}}