{"id":2341,"date":"2020-03-12T21:34:12","date_gmt":"2020-03-12T19:34:12","guid":{"rendered":"https:\/\/wordpress.nibis.de\/gshonde\/?page_id=2341"},"modified":"2022-05-10T17:49:21","modified_gmt":"2022-05-10T15:49:21","slug":"infos-zum-thema-corona","status":"publish","type":"page","link":"https:\/\/wordpress.nibis.de\/gshonde\/infos-zum-thema-corona\/","title":{"rendered":"Infos zum Thema CORONA"},"content":{"rendered":"\n<p class=\"has-background\" style=\"background-color:#bdda2f\"><strong>So geht es w<\/strong>eiter&#8230;<\/p>\n\n\n\n\n\n<p>Brief des Ministers <a href=\"https:\/\/wordpress.nibis.de\/gshonde\/files\/2022\/05\/2022-05-10_Brief_an_Eltern.pdf\">an die Eltern<\/a> (10.05.2022)<\/p>\n\n\n\n<p>Brief des Ministers <a href=\"https:\/\/wordpress.nibis.de\/gshonde\/files\/2022\/03\/2022-03-18_Brief_an_Eltern.pdf\">an die Eltern<\/a> (18.03.2022)<\/p>\n\n\n\n<p><a href=\"https:\/\/wordpress.nibis.de\/gshonde\/files\/2022\/03\/2022-03-18-MK_Exit-Plan_01_Stand18-03-2022.pdf\">EXIT Plan<\/a> (18.03.2022)<\/p>\n\n\n\n<p><a href=\"https:\/\/wordpress.nibis.de\/gshonde\/files\/2022\/03\/2022-03-18-MK_Exit-Plan_02_Stand18-03-2022.pdf\">EXIT-Plan: weitere Regelungen<\/a> (18.03.2022)<\/p>\n\n\n\n<p><a href=\"https:\/\/wordpress.nibis.de\/gshonde\/files\/2022\/03\/2022-02-24_Exit-Plan_weitere_Regelungen-1.pdf\">EXIT-Plan: weitere Regelungen<\/a> (24.02.22)<\/p>\n\n\n\n<p><a href=\"https:\/\/wordpress.nibis.de\/gshonde\/files\/2022\/03\/2022-02-17_Exit-Plan.pdf\">EXIT Plan<\/a> (17.02.2022)<\/p>\n\n\n\n<p>Brief des Ministers <a href=\"https:\/\/wordpress.nibis.de\/gshonde\/files\/2022\/01\/2022-01-13_Brief_an_Eltern-1.pdf\">an die Eltern<\/a> (13.01.2022)<\/p>\n\n\n\n<p>Brief des Ministers <a href=\"https:\/\/wordpress.nibis.de\/gshonde\/files\/2022\/01\/2022-01-13_Brief_an_SuS_GS_F_S.pdf\">an die Kinder<\/a> (13.01.2022)<\/p>\n\n\n\n<p>Weihnachtsbrief des Ministers <a href=\"https:\/\/wordpress.nibis.de\/gshonde\/files\/2021\/12\/2021-12-17_Brief_an_Eltern-1.pdf\">an die Eltern<\/a> (17.12.2021)<\/p>\n\n\n\n<p>Infos aus dem Kultusministerium zum <a href=\"https:\/\/wordpress.nibis.de\/gshonde\/files\/2021\/12\/2021-12-17_Informationen_zum_Impfen_von_5-11-J_hrigen.pdf\">Thema &#8222;Impfen&#8220;<\/a><\/p>\n\n\n\n<p>Brief des Ministers <a href=\"https:\/\/wordpress.nibis.de\/gshonde\/files\/2021\/12\/2021-12-10_Brief_an_Eltern.pdf\">an die Eltern<\/a> (10.12.2021)<\/p>\n\n\n\n<p><a href=\"https:\/\/wordpress.nibis.de\/gshonde\/files\/2021\/12\/2021-12-10_Formular_Befreiung_von_der_Pr_senzpflicht.pdf\">Formular<\/a> zur Befreiung von der Pr\u00e4senzpflicht (20.-22.12.2021)<\/p>\n\n\n\n<p>Brief des Ministers <a href=\"https:\/\/wordpress.nibis.de\/gshonde\/files\/2021\/12\/2021-12-10_Brief_an_SuS_GS_F_S.pdf\">an die Sch\u00fclerinnen und Sch\u00fcler<\/a> (10.12.2021)<\/p>\n\n\n\n<p><a href=\"https:\/\/wordpress.nibis.de\/gshonde\/files\/2021\/11\/2021-11-23_Brief_an_Eltern.pdf\">Brief des Kultusministers<\/a> vom 23.11.2021<\/p>\n\n\n\n<p><a href=\"https:\/\/wordpress.nibis.de\/gshonde\/files\/2021\/09\/2021-09-21_Presseinformation_Absonderungsverordnung.pdf\">Pressemitteilung zur Absonderungsverordnung<\/a> vom 21.09.2021<\/p>\n\n\n\n<p class=\"has-background\" style=\"background-color:#bdda2f\"><strong>WICHTIGE FRAGEN und FAKTEN<\/strong><\/p>\n\n\n\n<p><strong>&#8222;Wann darf mein Kind in die Schule?&#8220;<\/strong> &#8211; Um diese Frage zu kl\u00e4ren, gibt es folgende<a href=\"https:\/\/wordpress.nibis.de\/gshonde\/files\/2021\/09\/Krankheitssymptome-Schulbesuch.pdf\"> Grafik<\/a> als Hilfe.<\/p>\n\n\n\n<p class=\"has-background\" style=\"background-color:#bdda2f\"><strong>WIE GEHT ES NACH DEN FERIEN WEITER?<\/strong><\/p>\n\n\n\n<p>An dieser Stelle finden Sie neue Informationen im allgemeinen und speziell f\u00fcr die Grundschule Hondelage zur Situation nach den Ferien.  Besuchen Sie dazu auch die Seite des <a href=\"https:\/\/www.mk.niedersachsen.de\/startseite\/aktuelles\/schule_neues_schuljahr\">Nieders\u00e4chsischen Kultusministeriums<\/a>.<\/p>\n\n\n\n<p><strong><a href=\"https:\/\/wordpress.nibis.de\/gshonde\/files\/2020\/08\/2020_08_21-Infobrief-Schulanfang.pdf\">Elternbrief zum Schulanfang<\/a><\/strong> vom 21.08.2020<\/p>\n\n\n\n<p><a href=\"https:\/\/wordpress.nibis.de\/gshonde\/files\/2020\/08\/2020-08-24_2.-Elternbrief-der-Stadt-BS.pdf\"><strong>Elternbrief der Stadt Braunschweig<\/strong><\/a> vom 25.08.2020<\/p>\n\n\n\n<p><strong><a href=\"https:\/\/wordpress.nibis.de\/gshonde\/files\/2020\/08\/2020-08-27_Brief_an_die_Grundsch_lerinnen_und_Grundsch_ler.pdf\">Brief des Kultusministers<\/a><\/strong> an die Grundsch\u00fclerinnen und Grundsch\u00fcler vom 27.08.2020<\/p>\n\n\n\n<p class=\"has-background\" style=\"background-color:#bdda2f\"><strong>R\u00fcckkehr aus Risikogebieten<\/strong><\/p>\n\n\n\n<p>Bitte beachten Sie bei der R\u00fcckkehr aus dem Urlaub folgende Regelungen.<\/p>\n\n\n\n<p class=\"has-background\" style=\"background-color:#bdda2f\"><strong>Nieders\u00e4chsischer Rahmen-Hygieneplan Corona Schule<\/strong><\/p>\n\n\n\n<p>Hier finden Sie den aktuellen <a href=\"https:\/\/wordpress.nibis.de\/gshonde\/files\/2021\/09\/2021-09-22_RHP_8.0_Schule_Ef.pdf\">Rahmen-Hygieneplan 8.0.<\/a>, der f\u00fcr die Nieders\u00e4chsischen Schulen verbindlich ja nach Warnstufe anzuwenden ist.<\/p>\n\n\n\n<p class=\"has-background\" style=\"background-color:#bdda2f\"><strong>LernR\u00e4ume<\/strong><\/p>\n\n\n\n<p> &#8222;Die Corona-Pandemie trifft nicht nur Menschen, die zu den sogenannten Risikogruppen geh\u00f6ren, sondern gerade auch Kinder und Jugendliche in besonderer Weise. Mit dem Projekt \u201e<a href=\"https:\/\/www.mk.niedersachsen.de\/startseite\/aktuelles\/covid_19_corona_informationen_fur_schulen_kitas_eltern_sowie_schuler_und_schulerinnen\/fragen_und_antworten_zur_aktuellen_unterrichtsorganisation_in_schulen\/lernraume_in_den_ferien\/ausbau-der-lernraume-zusatzliche-angebote-in-den-sommerferien-durch-etablierte-partner-kultusministerium-stellt-3-5-millionen-euro-zusatzlich-bereit-190258.html\">LernR\u00e4ume<\/a>\u201c ist ein freiwilliges, au\u00dferschulisches Bildungsangebot f\u00fcr Sch\u00fclerinnen und Sch\u00fcler geschaffen worden, die in der Pandemiesituation einer besonderen Unterst\u00fctzung bed\u00fcrfen.&#8220; (MK Niedersachsen)<\/p>\n\n\n\n<p>Hier finden Sie als <a href=\"https:\/\/wordpress.nibis.de\/gshonde\/files\/2020\/07\/Ministerbrief_Eltern___LernRume.pdf\">Eltern Informationen<\/a> zum Thema <a href=\"https:\/\/www.kirche-schafft-lernraum.de\/\">Lernr\u00e4ume<\/a>. <\/p>\n\n\n\n<p class=\"has-background\" style=\"background-color:#bdda2f\"><strong>DANKE &#8230;.  f\u00fcr die Masken<\/strong><\/p>\n\n\n\n<p><a href=\"https:\/\/www.braunschweiger-zeitung.de\/braunschweig\/article228990319\/Awo-Fanprojekt-naeht-Mundschutz-fuer-Braunschweiger-Grundschueler.html\">Das AWO Fanprojekt n\u00e4ht Mundschutzmasken f\u00fcr Braunschweiger Grundsch\u00fcler<\/a> &#8211; auch f\u00fcr uns! Die dritten und vierten Klassen sind zu ihrem Wiedereinstieg in den Schulbetrieb mit Masken versorgt worden. Diese sind mit viel Liebe und witzigen Motiven gen\u00e4ht. \u00dcbergeben wurden die Masken an unserer Schule von Herrn Sch\u00f6nherr und Herrn Seidel. Wir bedanken uns bei allen flei\u00dfigen H\u00e4nden und ehrenamtlichen HelferInnen f\u00fcr die tolle Aktion!<\/p>\n\n\n\n<p><strong>\u00dcbersicht <a href=\"https:\/\/wordpress.nibis.de\/gshonde\/files\/2020\/04\/\u00dcbersicht-Pr\u00e4senztage-Klasse-4.pdf\">Pr\u00e4senztage Klasse 4<\/a> (ab 04.05.2020)<\/strong><\/p>\n\n\n\n<p><strong>\u00dcbersicht <a href=\"https:\/\/wordpress.nibis.de\/gshonde\/files\/2020\/04\/\u00dcbersicht-Pr\u00e4senztage-Klasse-3.pdf\">Pr\u00e4senztage Klasse 3<\/a> (ab 18.05.2020)<\/strong><\/p>\n\n\n\n<p class=\"has-background\" style=\"background-color:#bdda2f\"><strong>Informationen<\/strong><\/p>\n\n\n\n<p><strong>F\u00fcr Ihre Sorgen und N\u00f6te als Eltern finden Sie<a href=\"https:\/\/wordpress.nibis.de\/gshonde\/files\/2020\/04\/Schulpsychologischer-Elternbrief.pdf\"> an dieser Stelle<\/a> vielleicht Tipps und Hilfestellungen.<\/strong><\/p>\n\n\n\n<p class=\"has-background\" style=\"background-color:#bdda2f\"><strong>Lerntipps zur Erg\u00e4nzung des &#8222;Lernens zuhause&#8220;<\/strong><\/p>\n\n\n\n<p>Bewegungsvideo fit4future <a href=\"https:\/\/www.youtube.com\/watch?v=RKwzO1_2SMI&amp;feature=youtu.be\">&#8222;Papierkugelkran&#8220;<\/a><\/p>\n\n\n\n<p>Bewegungsvideo fit4future <a href=\"https:\/\/www.youtube.com\/watch?v=eWk_kCGvPJY&amp;feature=youtu.be\">&#8222;Gummiband&#8220;<\/a><\/p>\n\n\n\n<p>Bewegungsvideo  fit4future <a href=\"https:\/\/www.youtube.com\/watch?v=BRrTV0EekZ4&amp;feature=youtu.be\">&#8222;Der verr\u00fcckte Wanderer&#8220;<\/a><\/p>\n\n\n\n<p>Film &#8222;<a href=\"https:\/\/www.rbb-online.de\/schulstunde\/\">Knietzsche und das Coronavirus&#8220;<\/a><\/p>\n\n\n\n<p><a href=\"https:\/\/nibis.de\/lernen-zu-hause---eine-ideensammlung_13560\">Nieders\u00e4chsischer Bildungsserver &#8211; Lernen zuhause<\/a><\/p>\n\n\n\n<p><a href=\"https:\/\/wordpress.nibis.de\/gshonde\/files\/2020\/03\/Rezeptbuch-gegen-Langeweile_fu\u0308r-andere-Schulen.pdf\">Rezeptbuch mit Tipps gegen Langeweile<\/a> <\/p>\n\n\n\n<p><a href=\"https:\/\/www.bildungsserver.de\/Grundschule-Unterrichtsmaterial-1661-de.html\">Material zum online Lernen\/ Dt. Bildungsserver<\/a><\/p>\n\n\n\n<p><a href=\"http:\/\/newsletter.werbewind.com\/view\/?id2=6336&amp;c2=464\">Lesetipps<\/a><\/p>\n\n\n\n<p><a href=\"https:\/\/www.schlaukopf.de\/\">Tipps f\u00fcr alle F\u00e4cher<\/a><\/p>\n\n\n\n<p><a href=\"https:\/\/www.youtube.com\/watch?v=olNR0RNaXyU\">Alba Berlin Fitness Training<\/a><\/p>\n\n\n\n<p><a href=\"http:\/\/www.hamsterkiste.de\/corona-1\">Hamsterkiste &#8211; Corona 1<\/a><\/p>\n\n\n\n<p><a href=\"http:\/\/www.hamsterkiste.de\/corona-2\">Hamsterkiste &#8211; Corona 2<\/a><\/p>\n\n\n\n<p><a href=\"http:\/\/www.hamsterkiste.de\/corona-3\">Hamsterkiste &#8211; Corona 3<\/a><\/p>\n\n\n\n<p><a href=\"http:\/\/www.hamsterkiste.de\/corona-4\">Hamsterkiste &#8211; Corona 4<\/a><\/p>\n\n\n\n<p class=\"has-background\" style=\"background-color:#bdda2f\"><strong>INFOS &#8211; Notbetreuung in der Ferienzeit<\/strong><\/p>\n\n\n\n<p><strong>Wenn Sie die Betreuung in der Schule nutzen m\u00fcssen, legen Sie bitte einen T\u00e4tigkeitsnachweis Ihres Arbeitgebers vor!<\/strong><\/p>\n\n\n\n<p><a href=\"https:\/\/wordpress.nibis.de\/gshonde\/files\/2020\/03\/2020_03_23-Elterinfo-Notbetreuung-Ferien.pdf\">Elternbrief Notbetreuung<\/a> in den Ferien (23.03.2020)<\/p>\n\n\n\n<p><a href=\"https:\/\/www.landesschulbehoerde-niedersachsen.de\/themen\/aktuell-coronavirus-covid-19\/informationen-zur-notbetreuung\">Infos der Landesschulbeh\u00f6rde<\/a><\/p>\n\n\n\n<p class=\"has-background\" style=\"background-color:#bdda2f\"><strong>Wichtige Elternbriefe zum Thema CORONA<\/strong><\/p>\n\n\n\n<p><a href=\"https:\/\/wordpress.nibis.de\/gshonde\/files\/2020\/03\/2020_03_02-Elterninfos-zu-Corona-2.pdf\">allgemeine Infos <\/a><\/p>\n\n\n\n<p><a href=\"https:\/\/wordpress.nibis.de\/gshonde\/files\/2020\/03\/2020_03_13-Elterninfos-zu-Schulschlie%C3%9Fung-Corona-4.pdf\">Schulschlie\u00dfung<\/a><\/p>\n\n\n\n<p><a href=\"https:\/\/wordpress.nibis.de\/gshonde\/files\/2020\/03\/2020_03_13-Elterninfo-Notbetreuung-1.pdf\">Notbetreuung<\/a><\/p>\n\n\n\n<p class=\"has-background\" style=\"background-color:#bdda2f\"><strong>Weitere Informationen zum Thema CORONA finden Sie hier<\/strong><\/p>\n\n\n\n<p><a href=\"https:\/\/www.rki.de\/SharedDocs\/FAQ\/NCOV2019\/FAQ_Liste.html\">https:\/\/www.rki.de\/SharedDocs\/FAQ\/NCOV2019\/FAQ_Liste.html<\/a><\/p>\n\n\n\n<p><a href=\"https:\/\/www.landesschulbehoerde-niedersachsen.de\/themen\/schulleitung\/aug\/corona\">https:\/\/www.landesschulbehoerde-niedersachsen.de\/themen\/schulleitung\/aug\/corona  <\/a><\/p>\n\n\n\n<p><a href=\"https:\/\/www.rki.de\/DE\/Content\/InfAZ\/N\/Neuartiges_Coronavirus\/nCoV.html\">https:\/\/www.rki.de\/DE\/Content\/InfAZ\/N\/Neuartiges_Coronavirus\/nCoV.html<\/a><\/p>\n\n\n\n<p><a href=\"https:\/\/www.bzga.de\/presse\/pressemitteilungen\/2020-03-03-bzga-informationen-zum-neuartigen-coronavirus-fuer-bildungseinrichtungen\/\">https:\/\/www.bzga.de\/presse\/pressemitteilungen\/2020-03-03-bzga-informationen-zum-neuartigen-coronavirus-fuer-bildungseinrichtungen\/<\/a><\/p>\n","protected":false},"excerpt":{"rendered":"<p>So geht es weiter&#8230; Brief des Ministers an die Eltern (10.05.2022) Brief des Ministers an die Eltern (18.03.2022) EXIT Plan (18.03.2022) EXIT-Plan: weitere Regelungen (18.03.2022) EXIT-Plan: weitere Regelungen (24.02.22) EXIT Plan (17.02.2022) Brief des Ministers an die Eltern (13.01.2022) Brief des Ministers an die Kinder (13.01.2022) Weihnachtsbrief des Ministers an die Eltern (17.12.2021) Infos aus &hellip; <a href=\"https:\/\/wordpress.nibis.de\/gshonde\/infos-zum-thema-corona\/\" class=\"more-link\"><span class=\"screen-reader-text\">Infos zum Thema CORONA<\/span> weiterlesen <span class=\"meta-nav\">&rarr;<\/span><\/a><\/p>\n","protected":false},"author":1075,"featured_media":0,"parent":0,"menu_order":0,"comment_status":"closed","ping_status":"closed","template":"","meta":{"footnotes":""},"class_list":["post-2341","page","type-page","status-publish","hentry"],"_links":{"self":[{"href":"https:\/\/wordpress.nibis.de\/gshonde\/wp-json\/wp\/v2\/pages\/2341","targetHints":{"allow":["GET"]}}],"collection":[{"href":"https:\/\/wordpress.nibis.de\/gshonde\/wp-json\/wp\/v2\/pages"}],"about":[{"href":"https:\/\/wordpress.nibis.de\/gshonde\/wp-json\/wp\/v2\/types\/page"}],"author":[{"embeddable":true,"href":"https:\/\/wordpress.nibis.de\/gshonde\/wp-json\/wp\/v2\/users\/1075"}],"replies":[{"embeddable":true,"href":"https:\/\/wordpress.nibis.de\/gshonde\/wp-json\/wp\/v2\/comments?post=2341"}],"version-history":[{"count":127,"href":"https:\/\/wordpress.nibis.de\/gshonde\/wp-json\/wp\/v2\/pages\/2341\/revisions"}],"predecessor-version":[{"id":3306,"href":"https:\/\/wordpress.nibis.de\/gshonde\/wp-json\/wp\/v2\/pages\/2341\/revisions\/3306"}],"wp:attachment":[{"href":"https:\/\/wordpress.nibis.de\/gshonde\/wp-json\/wp\/v2\/media?parent=2341"}],"curies":[{"name":"wp","href":"https:\/\/api.w.org\/{rel}","templated":true}]}}