{"id":3999,"date":"2024-08-12T08:40:20","date_gmt":"2024-08-12T06:40:20","guid":{"rendered":"https:\/\/wordpress.nibis.de\/gshonde\/?page_id=3999"},"modified":"2025-12-08T17:11:33","modified_gmt":"2025-12-08T15:11:33","slug":"motto-der-woche","status":"publish","type":"page","link":"https:\/\/wordpress.nibis.de\/gshonde\/motto-der-woche\/","title":{"rendered":"Motto der Woche"},"content":{"rendered":"\n<h4 style=\"text-align: center\">\u00a0<\/h4>\n<p class=\"Textbody\" style=\"line-height: 115%\"><span style=\"font-size: 13.0pt;line-height: 115%;font-family: 'Arial',sans-serif;color: black;font-weight: normal\">Im Rahmen der Bildung f\u00fcr nachhaltige Entwicklung (BNE) werden wir in diesem Schuljahr das \u201eMotto der Woche\u201c einf\u00fchren.<\/span><\/p>\n<p class=\"Textbody\" style=\"line-height: 115%\"><span style=\"font-size: 13.0pt;line-height: 115%;font-family: 'Arial',sans-serif;color: black;font-weight: normal\">Jeden Monat gibt es f\u00fcr eine Woche einen Schwerpunkt aus den Bereichen Schulklima, Ordnung, Wohlf\u00fchlort Schule, Fr\u00fchst\u00fcck, Pausen oder Umwelt, den wir ganz bewusst zum Thema machen wollen, in der Hoffnung, dass sich dieses im Handeln und Umgang miteinander verinnerlicht.<\/span><\/p>\n<p class=\"Textbody\" style=\"line-height: 115%\"><span style=\"font-size: 13.0pt;line-height: 115%;font-family: 'Arial',sans-serif;color: black;font-weight: normal\">In den Klassen wird zu Beginn der Mottowoche das Thema angek\u00fcndigt. Es gibt in jeder Klasse, ebenso wie in der Pausenhalle, einen Aushang mit dem g\u00fcltigen Wochenmotto. Am Ende der Woche kann dann in der Klasse besprochen werden, wie es geklappt hat.<\/span><\/p>\n<p class=\"Textbody\" style=\"line-height: 115%\"><span style=\"font-size: 13.0pt;line-height: 115%;font-family: 'Arial',sans-serif;color: black;font-weight: normal\">Die Schulkindbetreuung schlie\u00dft sich am Nachmittag an.<\/span><\/p>\n<p class=\"Textbody\" style=\"line-height: 115%\"><span style=\"font-size: 13.0pt;line-height: 115%;font-family: 'Arial',sans-serif;color: black;font-weight: normal\">Und nat\u00fcrlich w\u00e4re es toll, wenn Sie als Eltern uns zuhause bewusst unterst\u00fctzen und das Schulmotto zu einem Zuhause-Motto werden lassen w\u00fcrden.<\/span><\/p>\n<p class=\"Textbody\" style=\"line-height: 115%\"><span style=\"font-size: 13.0pt;line-height: 115%;font-family: 'Arial',sans-serif;color: black;font-weight: normal\">Bei Fragen oder Anregungen zu diesem Thema wenden Sie sich gerne an die Klassenlehrkraft Ihres Kindes oder direkt an die Schulleitung.<\/span><\/p>\n<h4>\u00a0<\/h4>\n<h4>Folgende Mottos finden im Schulalltag mittlerweile Beachtung:<\/h4>\n<h6 style=\"text-align: left\"><strong>Ich sage Bitte und Danke.<\/strong><\/h6>\n<h6 style=\"text-align: left\">Ich halte Ordnung in meinem\u00a0 Klassenraum!<\/h6>\n<h6 style=\"text-align: left\">\u00a0Wir begr\u00fc\u00dfen uns freundlich!<\/h6>\n<h6 style=\"text-align: left\">Ich halte Ordnung an der Garderobe!<\/h6>\n<h6 style=\"text-align: left\">Hausaufgabenfreie Woche!<\/h6>\n<h6 style=\"text-align: left\">Wir halten uns an die Toilettenregeln!<\/h6>\n<h6 style=\"text-align: left\">Wir machen anderen Komplimente!<\/h6>\n<h6 style=\"text-align: left\">Ich gehe achtsam mit meinem Material um!<\/h6>\n<h6 style=\"text-align: left\">\u00a0Meine geheime Freundschaft!<\/h6>\n<h6 style=\"text-align: left\">Auf der Suche nach guten Taten!<\/h6>\n","protected":false},"excerpt":{"rendered":"<p>\u00a0 Im Rahmen der Bildung f\u00fcr nachhaltige Entwicklung (BNE) werden wir in diesem Schuljahr das \u201eMotto der Woche\u201c einf\u00fchren. Jeden Monat gibt es f\u00fcr eine Woche einen Schwerpunkt aus den Bereichen Schulklima, Ordnung, Wohlf\u00fchlort Schule, Fr\u00fchst\u00fcck, Pausen oder Umwelt, den wir ganz bewusst zum Thema machen wollen, in der Hoffnung, dass sich dieses im Handeln &hellip; <a href=\"https:\/\/wordpress.nibis.de\/gshonde\/motto-der-woche\/\" class=\"more-link\"><span class=\"screen-reader-text\">Motto der Woche<\/span> weiterlesen <span class=\"meta-nav\">&rarr;<\/span><\/a><\/p>\n","protected":false},"author":1075,"featured_media":0,"parent":0,"menu_order":0,"comment_status":"closed","ping_status":"closed","template":"","meta":{"footnotes":""},"class_list":["post-3999","page","type-page","status-publish","hentry"],"_links":{"self":[{"href":"https:\/\/wordpress.nibis.de\/gshonde\/wp-json\/wp\/v2\/pages\/3999","targetHints":{"allow":["GET"]}}],"collection":[{"href":"https:\/\/wordpress.nibis.de\/gshonde\/wp-json\/wp\/v2\/pages"}],"about":[{"href":"https:\/\/wordpress.nibis.de\/gshonde\/wp-json\/wp\/v2\/types\/page"}],"author":[{"embeddable":true,"href":"https:\/\/wordpress.nibis.de\/gshonde\/wp-json\/wp\/v2\/users\/1075"}],"replies":[{"embeddable":true,"href":"https:\/\/wordpress.nibis.de\/gshonde\/wp-json\/wp\/v2\/comments?post=3999"}],"version-history":[{"count":16,"href":"https:\/\/wordpress.nibis.de\/gshonde\/wp-json\/wp\/v2\/pages\/3999\/revisions"}],"predecessor-version":[{"id":4502,"href":"https:\/\/wordpress.nibis.de\/gshonde\/wp-json\/wp\/v2\/pages\/3999\/revisions\/4502"}],"wp:attachment":[{"href":"https:\/\/wordpress.nibis.de\/gshonde\/wp-json\/wp\/v2\/media?parent=3999"}],"curies":[{"name":"wp","href":"https:\/\/api.w.org\/{rel}","templated":true}]}}