{"id":4059,"date":"2024-10-01T12:36:28","date_gmt":"2024-10-01T10:36:28","guid":{"rendered":"https:\/\/wordpress.nibis.de\/gshonde\/?page_id=4059"},"modified":"2024-10-29T14:20:32","modified_gmt":"2024-10-29T12:20:32","slug":"schulobst","status":"publish","type":"page","link":"https:\/\/wordpress.nibis.de\/gshonde\/schulobst\/","title":{"rendered":"Schulobst"},"content":{"rendered":"\n<p>In <a href=\"https:\/\/www.schulprogramm.niedersachsen.de\/\">Kooperation mit dem Land Niedersachsen und der EU<\/a> nimmt die Grundschule Hondelage am Schulobstprojekt teil.<\/p>\n<p>Schulen und Kindertageseinrichtungen werden im Rahmen dieses Programms kostenlos mit Obst und Gem\u00fcse beliefert.<\/p>\n<p>Ziel des EU-Schulprogramms ist es, Kinder f\u00fcr eine ausgewogene Ern\u00e4hrung zu begeistern. Die Kinder lernen die bunte Vielfalt der Obst- und Gem\u00fcsearten kennen und erfahren dabei, wo ihr Essen herkommt und wie es angebaut wird.<\/p>\n<p>Durch die regelm\u00e4\u00dfige Extraportion Obst und Gem\u00fcse und die angebotenen p\u00e4dagogischen Begleitma\u00dfnahmen sollen die Kenntnisse und die F\u00e4higkeiten der Kinder im Umgang mit Lebensmitteln weiter entwickelt werden. Hierdurch wird ein wichtiger Beitrag zur Entwicklung eines gesundheitsf\u00f6rdernden Ern\u00e4hrungsverhaltens geleistet.<\/p>\n<p>Das gesunde Schulobst und -gem\u00fcse wird montags geliefert und an die Klassen verteilt. Wir erhalten das Schulobst von &#8222;<a href=\"https:\/\/www.naturkostmeyer.de\/\">Naturkost Meyer<\/a>&#8220; aus Wolfsburg.<\/p>\n<p><a href=\"https:\/\/wordpress.nibis.de\/gshonde\/files\/2024\/10\/cropped-Schulprogramm_logo_ML_gross-e1730204238115.png\"><img loading=\"lazy\" decoding=\"async\" class=\"aligncenter\" src=\"https:\/\/es-friesoythe.de\/wp-content\/uploads\/2020\/05\/ml_SchulObstMilch_Logo-2018-08-21_3-1024x268.jpg\" width=\"684\" height=\"179\" \/><\/a><\/p>\n","protected":false},"excerpt":{"rendered":"<p>In Kooperation mit dem Land Niedersachsen und der EU nimmt die Grundschule Hondelage am Schulobstprojekt teil. Schulen und Kindertageseinrichtungen werden im Rahmen dieses Programms kostenlos mit Obst und Gem\u00fcse beliefert. Ziel des EU-Schulprogramms ist es, Kinder f\u00fcr eine ausgewogene Ern\u00e4hrung zu begeistern. Die Kinder lernen die bunte Vielfalt der Obst- und Gem\u00fcsearten kennen und erfahren &hellip; <a href=\"https:\/\/wordpress.nibis.de\/gshonde\/schulobst\/\" class=\"more-link\"><span class=\"screen-reader-text\">Schulobst<\/span> weiterlesen <span class=\"meta-nav\">&rarr;<\/span><\/a><\/p>\n","protected":false},"author":1075,"featured_media":0,"parent":0,"menu_order":0,"comment_status":"closed","ping_status":"closed","template":"","meta":{"footnotes":""},"class_list":["post-4059","page","type-page","status-publish","hentry"],"_links":{"self":[{"href":"https:\/\/wordpress.nibis.de\/gshonde\/wp-json\/wp\/v2\/pages\/4059","targetHints":{"allow":["GET"]}}],"collection":[{"href":"https:\/\/wordpress.nibis.de\/gshonde\/wp-json\/wp\/v2\/pages"}],"about":[{"href":"https:\/\/wordpress.nibis.de\/gshonde\/wp-json\/wp\/v2\/types\/page"}],"author":[{"embeddable":true,"href":"https:\/\/wordpress.nibis.de\/gshonde\/wp-json\/wp\/v2\/users\/1075"}],"replies":[{"embeddable":true,"href":"https:\/\/wordpress.nibis.de\/gshonde\/wp-json\/wp\/v2\/comments?post=4059"}],"version-history":[{"count":7,"href":"https:\/\/wordpress.nibis.de\/gshonde\/wp-json\/wp\/v2\/pages\/4059\/revisions"}],"predecessor-version":[{"id":4095,"href":"https:\/\/wordpress.nibis.de\/gshonde\/wp-json\/wp\/v2\/pages\/4059\/revisions\/4095"}],"wp:attachment":[{"href":"https:\/\/wordpress.nibis.de\/gshonde\/wp-json\/wp\/v2\/media?parent=4059"}],"curies":[{"name":"wp","href":"https:\/\/api.w.org\/{rel}","templated":true}]}}