{"id":4156,"date":"2025-02-09T17:24:48","date_gmt":"2025-02-09T15:24:48","guid":{"rendered":"https:\/\/wordpress.nibis.de\/gshonde\/?page_id=4156"},"modified":"2025-12-08T17:11:02","modified_gmt":"2025-12-08T15:11:02","slug":"iserv-elternaccounts","status":"publish","type":"page","link":"https:\/\/wordpress.nibis.de\/gshonde\/iserv-elternaccounts\/","title":{"rendered":"IServ Elternaccounts"},"content":{"rendered":"\n<div class=\"ewd-ufaq-faq-title ewd-ufaq-faq-toggle\">\n<div class=\"ewd-ufaq-faq-title-text\">\n<h4><span style=\"color: #000000;background-color: #ffcc00\">Ich habe mich bereits registriert, kann mich aber nicht anmelden. Was mache ich falsch?<\/span><\/h4>\n<\/div>\n<\/div>\n<div class=\"ewd-ufaq-faq-body\">\n<div class=\"ewd-ufaq-post-margin ewd-ufaq-faq-post\">\n<p>Oft ist dies der Fehler: Ihr Benutzername ist die\u00a0<strong>E-Mail-Adresse<\/strong>, die Sie bei der Registrierung angegeben haben. Sie m\u00fcssen in das Feld \u201cAccount\u201d also diese E-Mail-Adresse eintragen. (Hingegen hat der Benutzername Ihrer Kinder die Form\u00a0<em>vorname.nachname<\/em>, d.h. die Kinder geben an dieser Stelle keine Mail-Adresse ein). Achten Sie ebenfalls auf Gro\u00df- und Kleinschreibung.<\/p>\n<p>\u00a0<\/p>\n<div class=\"ewd-ufaq-faq-title ewd-ufaq-faq-toggle\">\n<div class=\"ewd-ufaq-faq-title-text\">\n<h4><span style=\"background-color: #ffcc00\">Ich habe mehrere Kinder an der Grundschule Hondelage und habe deshalb mehrere Registrierungsb\u00f6gen erhalten. Welchen soll ich verwenden?<\/span><\/h4>\n<\/div>\n<div class=\"ewd-ufaq-clear\">\u00a0<\/div>\n<\/div>\n<div class=\"ewd-ufaq-faq-body\">\n<div class=\"ewd-ufaq-post-margin ewd-ufaq-faq-post\">\n<p>Falls Sie\u00a0<em>mehrere<\/em> Kinder an der Grundschule Hondelage haben, erhalten Sie f\u00fcr jedes Kind einen eigenen Registrierungsbogen. Bitte registrieren Sie sich nur mit <em>einem<\/em>\u00a0der B\u00f6gen, egal welchem. (Weitere Registrierungsversuche mit derselben privaten E-Mail-Adresse schlagen fehl.) Bitte vernichten Sie nicht genutzte Registrierungsb\u00f6gen.<\/p>\n<p>\u00a0<\/p>\n<div class=\"ewd-ufaq-faq-title ewd-ufaq-faq-toggle\">\n<div class=\"ewd-ufaq-faq-title-text\">\n<div class=\"ewd-ufaq-faq-title ewd-ufaq-faq-toggle\">\n<div class=\"ewd-ufaq-faq-title-text\">\n<h4><span style=\"background-color: #ffcc00\">Gibt es eine detaillierte Anleitung f\u00fcr das Elternmodul?<\/span><\/h4>\n<\/div>\n<\/div>\n<div class=\"ewd-ufaq-faq-body\">\n<div class=\"ewd-ufaq-post-margin ewd-ufaq-faq-post\">\n<p>Hier finden Sie eine Videoanleitung zum Registrierungsvorgang.<\/p>\n<p><a href=\"https:\/\/iserv-akademie.de\/shared-data\/videos\/sonstige\/elternaccount-mithilfe-des-registrierungscodes-erstellen\">https:\/\/iserv-akademie.de\/shared-data\/videos\/sonstige\/elternaccount-mithilfe-des-registrierungscodes-erstellen<\/a><\/p>\n<p>Hier finden Sie eine Videoanleitung zur Nutzung des Moduls \u201eElternbriefe\u201c.<\/p>\n<p><a href=\"https:\/\/iserv-akademie.de\/shared-data\/videos\/sonstige\/elternbriefe-oeffnen-und-beantworten\">https:\/\/iserv-akademie.de\/shared-data\/videos\/sonstige\/elternbriefe-oeffnen-und-beantworten<\/a><\/p>\n<p>\u00a0<\/p>\n<div class=\"ewd-ufaq-faq-body\">\n<div class=\"ewd-ufaq-post-margin ewd-ufaq-faq-post\">\n<div class=\"ewd-ufaq-faq-title ewd-ufaq-faq-toggle\">\n<div class=\"ewd-ufaq-faq-title-text\">\n<h4><span style=\"background-color: #ffcc00\">Warum muss ich bei der Anmeldung als Elternteil meine eigene E-Mail-Adresse anlegen?<\/span><\/h4>\n<\/div>\n<\/div>\n<div class=\"ewd-ufaq-faq-body\">\n<div class=\"ewd-ufaq-post-margin ewd-ufaq-faq-post\">\n<p>Sie erhalten als Elternteil der Schule keine eigene Schuladresse. IServ richtet f\u00fcr Sie nur einen Account ein, der mit Ihrer privaten Adresse verkn\u00fcpft ist. Diese k\u00f6nnen Sie auch jederzeit \u00e4ndern. So wird den Lehrkr\u00e4ften die M\u00f6glichkeit gegeben datenschutzkonform und effizient mit Ihnen zu kommunizieren. Es m\u00fcssen keine Verteiler mehr angelegt werden und die Lehrkr\u00e4fte m\u00fcssen Ihre privaten E-Mail-Adressen nicht speichern. Dies bedeutet zus\u00e4tzliche Sicherheit f\u00fcr Ihre Daten.<\/p>\n<p>\u00a0<\/p>\n<div class=\"ewd-ufaq-faq-title ewd-ufaq-faq-toggle\">\n<div class=\"ewd-ufaq-faq-title-text\">\n<h4><span style=\"background-color: #ffcc00\">Ich finde mein Passwort nicht mehr\u2026<\/span><\/h4>\n<\/div>\n<\/div>\n<div class=\"ewd-ufaq-faq-body\">\n<div class=\"ewd-ufaq-post-margin ewd-ufaq-faq-post\">\n<p>Auf der Startseite k\u00f6nnen Sie auf \u201ePasswort vergessen\u201c klicken. Dann m\u00fcssen Sie die E-Mail-Adresse eintragen, mit der Sie sich bei IServ registriert haben und bekommen ein neues vorl\u00e4ufiges Passwort zugeschickt.<\/p>\n<p>\u00a0<\/p>\n<div class=\"ewd-ufaq-faq-title ewd-ufaq-faq-toggle\">\n<div class=\"ewd-ufaq-faq-title-text\">\n<h4><span style=\"background-color: #ffcc00\">Worin liegt der Unterschied zwischen Elternzugang und Sch\u00fcler*innenzugang?<\/span><\/h4>\n<\/div>\n<\/div>\n<div class=\"ewd-ufaq-faq-body\">\n<div class=\"ewd-ufaq-post-margin ewd-ufaq-faq-post\">\n<p>Das Sch\u00fcler*innenmodul erm\u00f6glicht den Sch\u00fclerinnen und Sch\u00fclern den Zugang zur den Mails \u00fcber die Sch\u00fclermailadresse und Unterlagen der Klasse.<\/p>\n<p>Das Elternmodul erm\u00f6glicht lediglich den Zugang zu Elternbriefen und dem Elternsprechtag. Eltern erhalten keine eigene E-Mail-Adresse, sondern hinterlegen bei der Anmeldung eine eigene, private Adresse. Diese ist f\u00fcr die Lehrkr\u00e4fte bei Kontaktaufnahme nicht einsehbar.<\/p>\n<p>\u00a0<\/p>\n<div class=\"ewd-ufaq-faq-title ewd-ufaq-faq-toggle\">\n<div class=\"ewd-ufaq-faq-title-text\">\n<h4><span style=\"background-color: #ffcc00\">Muss ich mir die IServ-App herunterladen?<\/span><\/h4>\n<\/div>\n<\/div>\n<div class=\"ewd-ufaq-faq-body\">\n<div class=\"ewd-ufaq-post-margin ewd-ufaq-faq-post\">\n<p>Nein, Sie m\u00fcssen die App nicht herunterladen. Sie k\u00f6nnen auch einfach \u00fcber den Browser \u00fcber\u00a0<a href=\"https:\/\/www.gs-hondelage.de\/iserv\/\">https:\/\/www.gs-hondelage.de\/iserv\/<\/a>\u00a0auf Ihren Account zugreifen.<\/p>\n<p>\u00a0<\/p>\n<\/div>\n<\/div>\n<div class=\"ewd-ufaq-faq-title ewd-ufaq-faq-toggle\">\n<div class=\"ewd-ufaq-faq-title-text\">\n<h4><span style=\"background-color: #ffcc00\">Muss ich nun regelm\u00e4\u00dfig in meinen Account reinschauen, um Elternbriefe zu sehen?<\/span><\/h4>\n<\/div>\n<\/div>\n<div class=\"ewd-ufaq-faq-body\">\n<div class=\"ewd-ufaq-post-margin ewd-ufaq-faq-post\">\n<p>Sie k\u00f6nnen f\u00fcr Ihren Elternaccount eine Benachrichtigung einrichten, sodass Sie beim Vorliegen neuer Elternbriefe informiert werden. Dies ist zum einen \u00fcber die App als Push-Benachrichtigung m\u00f6glich. Zum anderen k\u00f6nnen Sie eine Benachrichtigung \u00fcber Ihre private E-Mail-Adresse einrichten.<\/p>\n<p>\u00a0<\/p>\n<\/div>\n<div class=\"ewd-ufaq-faq-title ewd-ufaq-faq-toggle\">\n<div class=\"ewd-ufaq-faq-title-text\">\n<h4><span style=\"background-color: #ffcc00\">Welche Module sind nutzbar?<\/span><\/h4>\n<\/div>\n<\/div>\n<div class=\"ewd-ufaq-faq-body\">\n<div class=\"ewd-ufaq-post-margin ewd-ufaq-faq-post\">\n<p>Aktuell haben wir die Module Elternbriefe und Elternsprechtage freigeschaltet. Den Messenger nutzen wir nicht!<\/p>\n<\/div>\n<\/div>\n<\/div>\n<\/div>\n<\/div>\n<\/div>\n<\/div>\n<\/div>\n<\/div>\n<\/div>\n<\/div>\n<\/div>\n<\/div>\n<\/div>\n<\/div>\n<\/div>\n<\/div>\n<\/div>\n<\/div>\n","protected":false},"excerpt":{"rendered":"<p>Ich habe mich bereits registriert, kann mich aber nicht anmelden. Was mache ich falsch? Oft ist dies der Fehler: Ihr Benutzername ist die\u00a0E-Mail-Adresse, die Sie bei der Registrierung angegeben haben. Sie m\u00fcssen in das Feld \u201cAccount\u201d also diese E-Mail-Adresse eintragen. (Hingegen hat der Benutzername Ihrer Kinder die Form\u00a0vorname.nachname, d.h. die Kinder geben an dieser Stelle &hellip; <a href=\"https:\/\/wordpress.nibis.de\/gshonde\/iserv-elternaccounts\/\" class=\"more-link\"><span class=\"screen-reader-text\">IServ Elternaccounts<\/span> weiterlesen <span class=\"meta-nav\">&rarr;<\/span><\/a><\/p>\n","protected":false},"author":1075,"featured_media":0,"parent":0,"menu_order":0,"comment_status":"closed","ping_status":"closed","template":"","meta":{"footnotes":""},"class_list":["post-4156","page","type-page","status-publish","hentry"],"_links":{"self":[{"href":"https:\/\/wordpress.nibis.de\/gshonde\/wp-json\/wp\/v2\/pages\/4156","targetHints":{"allow":["GET"]}}],"collection":[{"href":"https:\/\/wordpress.nibis.de\/gshonde\/wp-json\/wp\/v2\/pages"}],"about":[{"href":"https:\/\/wordpress.nibis.de\/gshonde\/wp-json\/wp\/v2\/types\/page"}],"author":[{"embeddable":true,"href":"https:\/\/wordpress.nibis.de\/gshonde\/wp-json\/wp\/v2\/users\/1075"}],"replies":[{"embeddable":true,"href":"https:\/\/wordpress.nibis.de\/gshonde\/wp-json\/wp\/v2\/comments?post=4156"}],"version-history":[{"count":17,"href":"https:\/\/wordpress.nibis.de\/gshonde\/wp-json\/wp\/v2\/pages\/4156\/revisions"}],"predecessor-version":[{"id":4190,"href":"https:\/\/wordpress.nibis.de\/gshonde\/wp-json\/wp\/v2\/pages\/4156\/revisions\/4190"}],"wp:attachment":[{"href":"https:\/\/wordpress.nibis.de\/gshonde\/wp-json\/wp\/v2\/media?parent=4156"}],"curies":[{"name":"wp","href":"https:\/\/api.w.org\/{rel}","templated":true}]}}