{"id":4363,"date":"2025-06-02T18:02:41","date_gmt":"2025-06-02T16:02:41","guid":{"rendered":"https:\/\/wordpress.nibis.de\/gshonde\/?page_id=4363"},"modified":"2025-09-25T19:37:01","modified_gmt":"2025-09-25T17:37:01","slug":"sportfreundliche-schule","status":"publish","type":"page","link":"https:\/\/wordpress.nibis.de\/gshonde\/sportfreundliche-schule\/","title":{"rendered":"Sportfreundliche Schule"},"content":{"rendered":"\n<p>Die Grundschule Hondelage wurde erneut als &#8222;Sportfreundliche Schule&#8220; ausgezeichnet. Diese Auszeichnung lobt das vielf\u00e4ltige Sportangebot an unserer Schule (Arbeitsgemeinschaften, Schwimmunterricht, Pausenangebote uvm.) und gilt f\u00fcr den Zeitraum 2024- 2029. Wir freuen uns sehr \u00fcber diese Auszeichnung!<\/p>\n<p><a href=\"https:\/\/wordpress.nibis.de\/gshonde\/files\/2024\/12\/Briefkopf-Logo-Sportfreundliche-Schule-ab-2024-1-1-scaled.jpg\"><img loading=\"lazy\" decoding=\"async\" class=\"wp-image-4104 alignleft\" src=\"https:\/\/wordpress.nibis.de\/gshonde\/files\/2024\/12\/Briefkopf-Logo-Sportfreundliche-Schule-ab-2024-1-1-850x478.jpg\" alt=\"\" width=\"293\" height=\"165\" srcset=\"https:\/\/wordpress.nibis.de\/gshonde\/files\/2024\/12\/Briefkopf-Logo-Sportfreundliche-Schule-ab-2024-1-1-850x478.jpg 850w, https:\/\/wordpress.nibis.de\/gshonde\/files\/2024\/12\/Briefkopf-Logo-Sportfreundliche-Schule-ab-2024-1-1-1200x675.jpg 1200w, https:\/\/wordpress.nibis.de\/gshonde\/files\/2024\/12\/Briefkopf-Logo-Sportfreundliche-Schule-ab-2024-1-1-250x141.jpg 250w, https:\/\/wordpress.nibis.de\/gshonde\/files\/2024\/12\/Briefkopf-Logo-Sportfreundliche-Schule-ab-2024-1-1-768x432.jpg 768w, https:\/\/wordpress.nibis.de\/gshonde\/files\/2024\/12\/Briefkopf-Logo-Sportfreundliche-Schule-ab-2024-1-1-1536x864.jpg 1536w, https:\/\/wordpress.nibis.de\/gshonde\/files\/2024\/12\/Briefkopf-Logo-Sportfreundliche-Schule-ab-2024-1-1-2048x1152.jpg 2048w\" sizes=\"auto, (max-width: 293px) 100vw, 293px\" \/><\/a><\/p>\n<p>Weitere Informationen zu diesem Thema finden Sie <a href=\"https:\/\/bildungsportal-niedersachsen.de\/sport\/zertifizierungen-1\/sportfreundliche-schule-1\">hier<\/a>.<\/p>\n","protected":false},"excerpt":{"rendered":"<p>Die Grundschule Hondelage wurde erneut als &#8222;Sportfreundliche Schule&#8220; ausgezeichnet. Diese Auszeichnung lobt das vielf\u00e4ltige Sportangebot an unserer Schule (Arbeitsgemeinschaften, Schwimmunterricht, Pausenangebote uvm.) und gilt f\u00fcr den Zeitraum 2024- 2029. Wir freuen uns sehr \u00fcber diese Auszeichnung! Weitere Informationen zu diesem Thema finden Sie hier.<\/p>\n","protected":false},"author":1075,"featured_media":0,"parent":0,"menu_order":0,"comment_status":"closed","ping_status":"closed","template":"","meta":{"footnotes":""},"class_list":["post-4363","page","type-page","status-publish","hentry"],"_links":{"self":[{"href":"https:\/\/wordpress.nibis.de\/gshonde\/wp-json\/wp\/v2\/pages\/4363","targetHints":{"allow":["GET"]}}],"collection":[{"href":"https:\/\/wordpress.nibis.de\/gshonde\/wp-json\/wp\/v2\/pages"}],"about":[{"href":"https:\/\/wordpress.nibis.de\/gshonde\/wp-json\/wp\/v2\/types\/page"}],"author":[{"embeddable":true,"href":"https:\/\/wordpress.nibis.de\/gshonde\/wp-json\/wp\/v2\/users\/1075"}],"replies":[{"embeddable":true,"href":"https:\/\/wordpress.nibis.de\/gshonde\/wp-json\/wp\/v2\/comments?post=4363"}],"version-history":[{"count":3,"href":"https:\/\/wordpress.nibis.de\/gshonde\/wp-json\/wp\/v2\/pages\/4363\/revisions"}],"predecessor-version":[{"id":4374,"href":"https:\/\/wordpress.nibis.de\/gshonde\/wp-json\/wp\/v2\/pages\/4363\/revisions\/4374"}],"wp:attachment":[{"href":"https:\/\/wordpress.nibis.de\/gshonde\/wp-json\/wp\/v2\/media?parent=4363"}],"curies":[{"name":"wp","href":"https:\/\/api.w.org\/{rel}","templated":true}]}}