{"id":4365,"date":"2025-06-02T18:03:16","date_gmt":"2025-06-02T16:03:16","guid":{"rendered":"https:\/\/wordpress.nibis.de\/gshonde\/?page_id=4365"},"modified":"2025-06-02T18:31:50","modified_gmt":"2025-06-02T16:31:50","slug":"vorbildliche-brandschutzerziehung","status":"publish","type":"page","link":"https:\/\/wordpress.nibis.de\/gshonde\/vorbildliche-brandschutzerziehung\/","title":{"rendered":"Vorbildliche Brandschutzerziehung"},"content":{"rendered":"\n<p><strong>Am 21.05.2025 wurde die Grundschule Hondelage vom Landesfeuerwehrverband Niedersachsen f\u00fcr die vorbildliche Brandschutzerziehung in Zusammenarbeit mit der Freiwilligen Feuerwehr ausgezeichnet. Die feierliche \u00dcbergabe der Auszeichnung erfolgte im Rahmen eines Schulfestes zum 55-j\u00e4hrigen Bestehen der Grundschule durch den Landesfeuerwehrverband Niedersachsen. <\/strong><\/p>\n<p>Das Schulfest zum 55-j\u00e4hrigen Bestehen der Grundschule Hondelage unter Anwesenheit vieler Sch\u00fclerinnen, Sch\u00fcler und Eltern war ein w\u00fcrdiger Rahmen f\u00fcr die \u00dcbergabe der Auszeichnung. W\u00e4hrend der offiziellen Er\u00f6ffnung \u00fcbergab die Schulleiterin Gabriela Baumgardt das Mikrofon an den stellvertretenden Ortsbrandmeister und langj\u00e4hrigen Brandschutzerzieher Marcel Kafka. Dieser ging auf die jahrzehntelange gute Zusammenarbeit und das Engagement in der Brandschutzerziehung durch das Kollegium der Grundschule ein. Danach \u00fcbergab Maike Maren Beinert vom Landesfeuerwehrverband Niedersachsen feierlich die Urkunde an Gabriela Baumgardt und hob den Stellenwert dieser Auszeichnung hervor, die nur wenige Male pro Jahr vergeben wird. Anschlie\u00dfend erfolgte gemeinsam mit dem Ortsbrandmeister Tobias Markworth und dem Stadtbrandschutzerzieher Emmanuel Celle die Enth\u00fcllung der Ehrungstafel am Schuleingang.<\/p>\n<p>Wie es sich geh\u00f6rt war die Feuerwehr neben vielen anderen Hondelager Vereinen auch beim Schulfest pr\u00e4sent. Neben Wasserspielen an der Spritzwand konnte auch ein gro\u00dfes Feuerwehrfahrzeug bestaunt werden. Informationen zur Brandschutzerziehung und der Feuerwehr allgemein rundeten das Thema ab.<\/p>\n<p>Doch wie kam es eigentlich zu dieser Auszeichnung?<\/p>\n<p>Die Grundschule befindet sich in unmittelbarer N\u00e4he zum Feuerwehrhaus in Hondelage. Bereits seit mehreren Jahrzehnten finden Schulklassen auf kurzem Wege zum Feuerwehrhaus und erfahren dort vieles \u00fcber das Verhalten im Notfall und die Ausr\u00fcstung der Feuerwehr. Aber auch die Feuerwehrleute finden den Weg in den benachbarten Klassenraum und unterst\u00fctzen in einigen Unterrichtsstunden zum Thema Feuerwehr. Die gute Zusammenarbeit ist in dieser Zeit mehr und mehr gewachsen. Die Brandschutzerziehung wird durch das hohe Engagement des Lehrerkollegiums in vorbildlicher Weise umgesetzt und begeistert so die Grundschulkinder f\u00fcr das Thema. Damit wird auch die Nachwuchsgewinnung in der Feuerwehr ma\u00dfgeblich unterst\u00fctzt.<\/p>\n<p>Die Kinder der Grundschule Hondelage sind gut ger\u00fcstet, wenn es tats\u00e4chlich mal zu einem Notfall in ihrer N\u00e4he kommen sollte.<\/p>\n<p><a href=\"https:\/\/wordpress.nibis.de\/gshonde\/files\/2025\/06\/Schild-Ehrung-scaled.jpg\"><img loading=\"lazy\" decoding=\"async\" class=\"wp-image-4376 aligncenter\" src=\"https:\/\/wordpress.nibis.de\/gshonde\/files\/2025\/06\/Schild-Ehrung-850x478.jpg\" alt=\"\" width=\"249\" height=\"140\" srcset=\"https:\/\/wordpress.nibis.de\/gshonde\/files\/2025\/06\/Schild-Ehrung-850x478.jpg 850w, https:\/\/wordpress.nibis.de\/gshonde\/files\/2025\/06\/Schild-Ehrung-1200x675.jpg 1200w, https:\/\/wordpress.nibis.de\/gshonde\/files\/2025\/06\/Schild-Ehrung-250x141.jpg 250w\" sizes=\"auto, (max-width: 249px) 100vw, 249px\" \/><\/a><\/p>\n<p><strong>Autor:\u00a0<\/strong><\/p>\n<p>Tobias Markworth\/\u00a0Stadt Braunschweig<\/p>\n<p style=\"margin: 0cm\">Fachbereich Feuerwehr I <a href=\"https:\/\/feuerwehr-hondelage.de\/\">Ortsfeuerwehr Hondelage<\/a><\/p>\n<p style=\"margin: 0cm\">Ortsbrandmeister<\/p>\n<p style=\"margin: 0cm\">Zugf\u00fchrer Wachbesetzungszug Ost<\/p>\n","protected":false},"excerpt":{"rendered":"<p>Am 21.05.2025 wurde die Grundschule Hondelage vom Landesfeuerwehrverband Niedersachsen f\u00fcr die vorbildliche Brandschutzerziehung in Zusammenarbeit mit der Freiwilligen Feuerwehr ausgezeichnet. Die feierliche \u00dcbergabe der Auszeichnung erfolgte im Rahmen eines Schulfestes zum 55-j\u00e4hrigen Bestehen der Grundschule durch den Landesfeuerwehrverband Niedersachsen. Das Schulfest zum 55-j\u00e4hrigen Bestehen der Grundschule Hondelage unter Anwesenheit vieler Sch\u00fclerinnen, Sch\u00fcler und Eltern war &hellip; <a href=\"https:\/\/wordpress.nibis.de\/gshonde\/vorbildliche-brandschutzerziehung\/\" class=\"more-link\"><span class=\"screen-reader-text\">Vorbildliche Brandschutzerziehung<\/span> weiterlesen <span class=\"meta-nav\">&rarr;<\/span><\/a><\/p>\n","protected":false},"author":1075,"featured_media":0,"parent":0,"menu_order":0,"comment_status":"closed","ping_status":"closed","template":"","meta":{"footnotes":""},"class_list":["post-4365","page","type-page","status-publish","hentry"],"_links":{"self":[{"href":"https:\/\/wordpress.nibis.de\/gshonde\/wp-json\/wp\/v2\/pages\/4365","targetHints":{"allow":["GET"]}}],"collection":[{"href":"https:\/\/wordpress.nibis.de\/gshonde\/wp-json\/wp\/v2\/pages"}],"about":[{"href":"https:\/\/wordpress.nibis.de\/gshonde\/wp-json\/wp\/v2\/types\/page"}],"author":[{"embeddable":true,"href":"https:\/\/wordpress.nibis.de\/gshonde\/wp-json\/wp\/v2\/users\/1075"}],"replies":[{"embeddable":true,"href":"https:\/\/wordpress.nibis.de\/gshonde\/wp-json\/wp\/v2\/comments?post=4365"}],"version-history":[{"count":4,"href":"https:\/\/wordpress.nibis.de\/gshonde\/wp-json\/wp\/v2\/pages\/4365\/revisions"}],"predecessor-version":[{"id":4377,"href":"https:\/\/wordpress.nibis.de\/gshonde\/wp-json\/wp\/v2\/pages\/4365\/revisions\/4377"}],"wp:attachment":[{"href":"https:\/\/wordpress.nibis.de\/gshonde\/wp-json\/wp\/v2\/media?parent=4365"}],"curies":[{"name":"wp","href":"https:\/\/api.w.org\/{rel}","templated":true}]}}