{"id":4397,"date":"2025-06-17T12:32:15","date_gmt":"2025-06-17T10:32:15","guid":{"rendered":"https:\/\/wordpress.nibis.de\/gshonde\/?page_id=4397"},"modified":"2025-06-17T12:37:37","modified_gmt":"2025-06-17T10:37:37","slug":"werte-und-normen","status":"publish","type":"page","link":"https:\/\/wordpress.nibis.de\/gshonde\/werte-und-normen\/","title":{"rendered":"Werte und Normen"},"content":{"rendered":"\n<h2 class=\"wp-block-heading\">Werte und Normen wird ordentliches Unterrichtsfach an Grundschulen<\/h2>\n\n\n\n<p>Im Rahmen einer \u00dcbergangsphase ist es seit dem Schuljahr 2022\/2023 m\u00f6glich, das Unterrichtsfach Werte und Normen an Grundschulen, F\u00f6rderschulen sowie Primarbereichen an verbundenen Schulformen ab dem 1. Schuljahrgang f\u00fcr Sch\u00fclerinnen und Sch\u00fcler, die nicht am Religionsunterricht teilnehmen, einzuf\u00fchren.<\/p>\n\n\n\n<p>Die Grundschule Hondelage hat sich im Schuljahr 2024\/2025 auf in den Weg gemacht und in den ersten Klassen das &#8222;neue&#8220; Unterrichtsfach angeboten. Zwei Kolleginnen haben sich dazu extra fortgebildet. Im Schuljahr 25\/26 wird der Unterricht in Jahrgang zwei fortgef\u00fchrt und in den ersten Klassen wieder gestartet werden.<\/p>\n\n\n","protected":false},"excerpt":{"rendered":"<p>Werte und Normen wird ordentliches Unterrichtsfach an Grundschulen Im Rahmen einer \u00dcbergangsphase ist es seit dem Schuljahr 2022\/2023 m\u00f6glich, das Unterrichtsfach Werte und Normen an Grundschulen, F\u00f6rderschulen sowie Primarbereichen an verbundenen Schulformen ab dem 1. Schuljahrgang f\u00fcr Sch\u00fclerinnen und Sch\u00fcler, die nicht am Religionsunterricht teilnehmen, einzuf\u00fchren. Die Grundschule Hondelage hat sich im Schuljahr 2024\/2025 auf &hellip; <a href=\"https:\/\/wordpress.nibis.de\/gshonde\/werte-und-normen\/\" class=\"more-link\"><span class=\"screen-reader-text\">Werte und Normen<\/span> weiterlesen <span class=\"meta-nav\">&rarr;<\/span><\/a><\/p>\n","protected":false},"author":1075,"featured_media":0,"parent":0,"menu_order":0,"comment_status":"closed","ping_status":"closed","template":"","meta":{"footnotes":""},"class_list":["post-4397","page","type-page","status-publish","hentry"],"_links":{"self":[{"href":"https:\/\/wordpress.nibis.de\/gshonde\/wp-json\/wp\/v2\/pages\/4397","targetHints":{"allow":["GET"]}}],"collection":[{"href":"https:\/\/wordpress.nibis.de\/gshonde\/wp-json\/wp\/v2\/pages"}],"about":[{"href":"https:\/\/wordpress.nibis.de\/gshonde\/wp-json\/wp\/v2\/types\/page"}],"author":[{"embeddable":true,"href":"https:\/\/wordpress.nibis.de\/gshonde\/wp-json\/wp\/v2\/users\/1075"}],"replies":[{"embeddable":true,"href":"https:\/\/wordpress.nibis.de\/gshonde\/wp-json\/wp\/v2\/comments?post=4397"}],"version-history":[{"count":2,"href":"https:\/\/wordpress.nibis.de\/gshonde\/wp-json\/wp\/v2\/pages\/4397\/revisions"}],"predecessor-version":[{"id":4401,"href":"https:\/\/wordpress.nibis.de\/gshonde\/wp-json\/wp\/v2\/pages\/4397\/revisions\/4401"}],"wp:attachment":[{"href":"https:\/\/wordpress.nibis.de\/gshonde\/wp-json\/wp\/v2\/media?parent=4397"}],"curies":[{"name":"wp","href":"https:\/\/api.w.org\/{rel}","templated":true}]}}