{"id":4821,"date":"2026-02-12T14:54:52","date_gmt":"2026-02-12T12:54:52","guid":{"rendered":"https:\/\/wordpress.nibis.de\/gshonde\/?page_id=4821"},"modified":"2026-04-09T12:05:27","modified_gmt":"2026-04-09T10:05:27","slug":"schuelerbefoerderung","status":"publish","type":"page","link":"https:\/\/wordpress.nibis.de\/gshonde\/schuelerbefoerderung\/","title":{"rendered":"Sch\u00fclerbef\u00f6rderung"},"content":{"rendered":"\n<p><a href=\"https:\/\/wordpress.nibis.de\/gshonde\/files\/2026\/04\/GS-Hondelage-ab-08.04.2026.pdf\">Hier<\/a> finden Sie die Pl\u00e4ne f\u00fcr die Schulbusfahrten unserer Sch\u00fclerinnen und Sch\u00fcler.\u00a0<\/p>\n<p>Die\u00a0 Busse fahren montags- donnerstags jeweils nach der 5. und 6. Stunde, freitags nur nach der 5. Stunde. Nach den Osterferien, ab dem 8.4. 2026, startet der Bus\u00a0 morgens 5 min fr\u00fcher, d.h. Start der Tour an der Marktstra\u00dfe in Dibbesdorf bereits um 7:22 Uhr. Mittags bleibt alles wie bisher. Wenn uns der neue Fahrplan vorliegt, finden Sie ihn auf dieser Seite.<\/p>\n\n\n\n\n\n\n","protected":false},"excerpt":{"rendered":"<p>Hier finden Sie die Pl\u00e4ne f\u00fcr die Schulbusfahrten unserer Sch\u00fclerinnen und Sch\u00fcler.\u00a0 Die\u00a0 Busse fahren montags- donnerstags jeweils nach der 5. und 6. Stunde, freitags nur nach der 5. Stunde. Nach den Osterferien, ab dem 8.4. 2026, startet der Bus\u00a0 morgens 5 min fr\u00fcher, d.h. Start der Tour an der Marktstra\u00dfe in Dibbesdorf bereits um &hellip; <a href=\"https:\/\/wordpress.nibis.de\/gshonde\/schuelerbefoerderung\/\" class=\"more-link\"><span class=\"screen-reader-text\">Sch\u00fclerbef\u00f6rderung<\/span> weiterlesen <span class=\"meta-nav\">&rarr;<\/span><\/a><\/p>\n","protected":false},"author":1075,"featured_media":0,"parent":0,"menu_order":0,"comment_status":"closed","ping_status":"closed","template":"","meta":{"footnotes":""},"class_list":["post-4821","page","type-page","status-publish","hentry"],"_links":{"self":[{"href":"https:\/\/wordpress.nibis.de\/gshonde\/wp-json\/wp\/v2\/pages\/4821","targetHints":{"allow":["GET"]}}],"collection":[{"href":"https:\/\/wordpress.nibis.de\/gshonde\/wp-json\/wp\/v2\/pages"}],"about":[{"href":"https:\/\/wordpress.nibis.de\/gshonde\/wp-json\/wp\/v2\/types\/page"}],"author":[{"embeddable":true,"href":"https:\/\/wordpress.nibis.de\/gshonde\/wp-json\/wp\/v2\/users\/1075"}],"replies":[{"embeddable":true,"href":"https:\/\/wordpress.nibis.de\/gshonde\/wp-json\/wp\/v2\/comments?post=4821"}],"version-history":[{"count":6,"href":"https:\/\/wordpress.nibis.de\/gshonde\/wp-json\/wp\/v2\/pages\/4821\/revisions"}],"predecessor-version":[{"id":4875,"href":"https:\/\/wordpress.nibis.de\/gshonde\/wp-json\/wp\/v2\/pages\/4821\/revisions\/4875"}],"wp:attachment":[{"href":"https:\/\/wordpress.nibis.de\/gshonde\/wp-json\/wp\/v2\/media?parent=4821"}],"curies":[{"name":"wp","href":"https:\/\/api.w.org\/{rel}","templated":true}]}}