{"id":79,"date":"2015-01-22T20:54:49","date_gmt":"2015-01-22T18:54:49","guid":{"rendered":"http:\/\/wordpress.nibis.de\/gshonde\/?page_id=79"},"modified":"2020-02-06T20:06:39","modified_gmt":"2020-02-06T18:06:39","slug":"eltern","status":"publish","type":"page","link":"https:\/\/wordpress.nibis.de\/gshonde\/eltern\/","title":{"rendered":"Eltern"},"content":{"rendered":"<p align=\"left\">Liebe Eltern,<\/p>\n<p align=\"left\">diese Internet-Seiten sind f\u00fcr Sie\u00a0bestimmt. Hier finden Sie folgende Themen:<\/p>\n<ul>\n<li>\n<div align=\"left\">Elternvertretung an der Grundschule Hondelage<\/div>\n<\/li>\n<li>\n<div align=\"left\">Schulelternrat<\/div>\n<\/li>\n<li>\n<div align=\"left\">F\u00f6rderverein<\/div>\n<\/li>\n<li>Einschulung<\/li>\n<li>\u00dcbergang in Klasse 5<\/li>\n<li>Die aktuellen Elternbriefe finden Sie unter dem Men\u00fcpunkt &#8222;Elterninformationen&#8220;<\/li>\n<\/ul>\n","protected":false},"excerpt":{"rendered":"<p>Liebe Eltern, diese Internet-Seiten sind f\u00fcr Sie\u00a0bestimmt. Hier finden Sie folgende Themen: Elternvertretung an der Grundschule Hondelage Schulelternrat F\u00f6rderverein Einschulung \u00dcbergang in Klasse 5 Die aktuellen Elternbriefe finden Sie unter dem Men\u00fcpunkt &#8222;Elterninformationen&#8220;<\/p>\n","protected":false},"author":553,"featured_media":0,"parent":0,"menu_order":0,"comment_status":"closed","ping_status":"closed","template":"","meta":{"footnotes":""},"class_list":["post-79","page","type-page","status-publish","hentry"],"_links":{"self":[{"href":"https:\/\/wordpress.nibis.de\/gshonde\/wp-json\/wp\/v2\/pages\/79","targetHints":{"allow":["GET"]}}],"collection":[{"href":"https:\/\/wordpress.nibis.de\/gshonde\/wp-json\/wp\/v2\/pages"}],"about":[{"href":"https:\/\/wordpress.nibis.de\/gshonde\/wp-json\/wp\/v2\/types\/page"}],"author":[{"embeddable":true,"href":"https:\/\/wordpress.nibis.de\/gshonde\/wp-json\/wp\/v2\/users\/553"}],"replies":[{"embeddable":true,"href":"https:\/\/wordpress.nibis.de\/gshonde\/wp-json\/wp\/v2\/comments?post=79"}],"version-history":[{"count":7,"href":"https:\/\/wordpress.nibis.de\/gshonde\/wp-json\/wp\/v2\/pages\/79\/revisions"}],"predecessor-version":[{"id":2288,"href":"https:\/\/wordpress.nibis.de\/gshonde\/wp-json\/wp\/v2\/pages\/79\/revisions\/2288"}],"wp:attachment":[{"href":"https:\/\/wordpress.nibis.de\/gshonde\/wp-json\/wp\/v2\/media?parent=79"}],"curies":[{"name":"wp","href":"https:\/\/api.w.org\/{rel}","templated":true}]}}