{"id":85,"date":"2015-01-22T21:03:36","date_gmt":"2015-01-22T19:03:36","guid":{"rendered":"http:\/\/wordpress.nibis.de\/gshonde\/?page_id=85"},"modified":"2025-02-13T13:37:47","modified_gmt":"2025-02-13T11:37:47","slug":"klassen-201415","status":"publish","type":"page","link":"https:\/\/wordpress.nibis.de\/gshonde\/klassen-201415\/","title":{"rendered":"Unsere Klassen"},"content":{"rendered":"<p>Unsere Schule wird zur Zeit von ca. ungef\u00e4hr 170 Sch\u00fclerinnen und Sch\u00fcler besucht. Es gibt acht Klassen. Kinder aus ca. zehn Nationen f\u00fchlen sich beiuns zuhause.<\/p>\n<p>Aus datenschutzrechtlichen Gr\u00fcnden finden sich nur aus einigen wenigen Klassen Fotos auf der Schulhomepage.<\/p>\n<table style=\"width: 94.7326%;height: 81px\">\n<tbody>\n<tr style=\"height: 40px\">\n<td style=\"width: 296.42px;height: 40px;text-align: center\">\u00a0<\/td>\n<td style=\"width: 306.58px;height: 40px;text-align: center\"><em>Klasse 3b<\/em><\/td>\n<\/tr>\n<tr style=\"height: 41px\">\n<td style=\"width: 296.42px;height: 41px;text-align: center\"><em>Klasse 4a<\/em><\/td>\n<td style=\"width: 306.58px;height: 41px;text-align: center\"><em>Klasse 4b<\/em><\/td>\n<\/tr>\n<\/tbody>\n<\/table>\n\n\n<p><\/p>\n","protected":false},"excerpt":{"rendered":"<p>Unsere Schule wird zur Zeit von ca. ungef\u00e4hr 170 Sch\u00fclerinnen und Sch\u00fcler besucht. Es gibt acht Klassen. Kinder aus ca. zehn Nationen f\u00fchlen sich beiuns zuhause. Aus datenschutzrechtlichen Gr\u00fcnden finden sich nur aus einigen wenigen Klassen Fotos auf der Schulhomepage. \u00a0 Klasse 3b Klasse 4a Klasse 4b<\/p>\n","protected":false},"author":553,"featured_media":0,"parent":0,"menu_order":0,"comment_status":"closed","ping_status":"closed","template":"","meta":{"footnotes":""},"class_list":["post-85","page","type-page","status-publish","hentry"],"_links":{"self":[{"href":"https:\/\/wordpress.nibis.de\/gshonde\/wp-json\/wp\/v2\/pages\/85","targetHints":{"allow":["GET"]}}],"collection":[{"href":"https:\/\/wordpress.nibis.de\/gshonde\/wp-json\/wp\/v2\/pages"}],"about":[{"href":"https:\/\/wordpress.nibis.de\/gshonde\/wp-json\/wp\/v2\/types\/page"}],"author":[{"embeddable":true,"href":"https:\/\/wordpress.nibis.de\/gshonde\/wp-json\/wp\/v2\/users\/553"}],"replies":[{"embeddable":true,"href":"https:\/\/wordpress.nibis.de\/gshonde\/wp-json\/wp\/v2\/comments?post=85"}],"version-history":[{"count":38,"href":"https:\/\/wordpress.nibis.de\/gshonde\/wp-json\/wp\/v2\/pages\/85\/revisions"}],"predecessor-version":[{"id":4184,"href":"https:\/\/wordpress.nibis.de\/gshonde\/wp-json\/wp\/v2\/pages\/85\/revisions\/4184"}],"wp:attachment":[{"href":"https:\/\/wordpress.nibis.de\/gshonde\/wp-json\/wp\/v2\/media?parent=85"}],"curies":[{"name":"wp","href":"https:\/\/api.w.org\/{rel}","templated":true}]}}