{"id":971,"date":"2017-03-02T21:38:41","date_gmt":"2017-03-02T19:38:41","guid":{"rendered":"http:\/\/wordpress.nibis.de\/gshonde\/?page_id=971"},"modified":"2021-11-24T14:27:20","modified_gmt":"2021-11-24T12:27:20","slug":"fach-deutsch","status":"publish","type":"page","link":"https:\/\/wordpress.nibis.de\/gshonde\/regeln\/fach-deutsch\/","title":{"rendered":"Deutsch"},"content":{"rendered":"\n<p class=\"has-background has-medium-font-size\" style=\"background-color:#ec2a18\"><strong>Ziele und didaktische Prinzipien<\/strong><\/p>\n\n\n<p>Der<strong> Deutschunterricht soll den Sch\u00fclern und Sch\u00fclerinnen grundlegende Kenntnisse und Fertigkeiten in den Bereichen Lesen \u2013 Schreiben- Sprechen und Zuh\u00f6ren vermitteln. <\/strong><\/p>\n<p>Dabei sind den Kollegen und Kolleginnen folgende Grunds\u00e4tze und Ziele wichtig:<\/p>\n<p>Inhaltsbezogen:<\/p>\n<ul>\n<li>Adressaten- und normgerecht schreiben k\u00f6nnen<\/li>\n<li>Lesef\u00e4higkeit steigern und f\u00f6rdern<\/li>\n<li>Unterschiedliche Textsorten kennenlernen<\/li>\n<li>Freude am Umgang mit Sprache wecken<\/li>\n<li>Funktionen und Wirkungen der Sprache kennenlernen<\/li>\n<li>Die Kommunikationsf\u00e4higkeit der Sch\u00fclerinnen und Sch\u00fcler in unterschiedlichen Gespr\u00e4chssituationen weiterentwickeln<\/li>\n<\/ul>\n<p>Methodenbezogen<\/p>\n<ul>\n<li>Bef\u00e4higung zur Wissensbeschaffung und Anwendung fachspezifischer Methoden<\/li>\n<\/ul>\n<ul>\n<li>Selbst\u00e4ndiges Arbeiten<\/li>\n<li>Nutzung verschiedener Informationsquellen und Medien<\/li>\n<li>Vorhandenes Wissen anwenden k\u00f6nnen<\/li>\n<li>Unterschiedliche Lernstrategien kennenlernen und anwenden k\u00f6nnen<\/li>\n<li>\u00dcbergreifende Bez\u00fcge zu anderen F\u00e4chern herstellen<\/li>\n<\/ul>","protected":false},"excerpt":{"rendered":"<p>Ziele und didaktische Prinzipien Der Deutschunterricht soll den Sch\u00fclern und Sch\u00fclerinnen grundlegende Kenntnisse und Fertigkeiten in den Bereichen Lesen \u2013 Schreiben- Sprechen und Zuh\u00f6ren vermitteln. Dabei sind den Kollegen und Kolleginnen folgende Grunds\u00e4tze und Ziele wichtig: Inhaltsbezogen: Adressaten- und normgerecht schreiben k\u00f6nnen Lesef\u00e4higkeit steigern und f\u00f6rdern Unterschiedliche Textsorten kennenlernen Freude am Umgang mit Sprache wecken &hellip; <a href=\"https:\/\/wordpress.nibis.de\/gshonde\/regeln\/fach-deutsch\/\" class=\"more-link\"><span class=\"screen-reader-text\">Deutsch<\/span> weiterlesen <span class=\"meta-nav\">&rarr;<\/span><\/a><\/p>\n","protected":false},"author":553,"featured_media":0,"parent":961,"menu_order":0,"comment_status":"closed","ping_status":"closed","template":"","meta":{"footnotes":""},"class_list":["post-971","page","type-page","status-publish","hentry"],"_links":{"self":[{"href":"https:\/\/wordpress.nibis.de\/gshonde\/wp-json\/wp\/v2\/pages\/971","targetHints":{"allow":["GET"]}}],"collection":[{"href":"https:\/\/wordpress.nibis.de\/gshonde\/wp-json\/wp\/v2\/pages"}],"about":[{"href":"https:\/\/wordpress.nibis.de\/gshonde\/wp-json\/wp\/v2\/types\/page"}],"author":[{"embeddable":true,"href":"https:\/\/wordpress.nibis.de\/gshonde\/wp-json\/wp\/v2\/users\/553"}],"replies":[{"embeddable":true,"href":"https:\/\/wordpress.nibis.de\/gshonde\/wp-json\/wp\/v2\/comments?post=971"}],"version-history":[{"count":5,"href":"https:\/\/wordpress.nibis.de\/gshonde\/wp-json\/wp\/v2\/pages\/971\/revisions"}],"predecessor-version":[{"id":3113,"href":"https:\/\/wordpress.nibis.de\/gshonde\/wp-json\/wp\/v2\/pages\/971\/revisions\/3113"}],"up":[{"embeddable":true,"href":"https:\/\/wordpress.nibis.de\/gshonde\/wp-json\/wp\/v2\/pages\/961"}],"wp:attachment":[{"href":"https:\/\/wordpress.nibis.de\/gshonde\/wp-json\/wp\/v2\/media?parent=971"}],"curies":[{"name":"wp","href":"https:\/\/api.w.org\/{rel}","templated":true}]}}