{"id":974,"date":"2017-03-02T21:40:10","date_gmt":"2017-03-02T19:40:10","guid":{"rendered":"http:\/\/wordpress.nibis.de\/gshonde\/?page_id=974"},"modified":"2021-11-24T14:33:13","modified_gmt":"2021-11-24T12:33:13","slug":"fach-mathematik","status":"publish","type":"page","link":"https:\/\/wordpress.nibis.de\/gshonde\/regeln\/fach-mathematik\/","title":{"rendered":"Mathematik"},"content":{"rendered":"\n<p class=\"has-background\" style=\"background-color:#5a8fea\"><strong>Ziele und didaktische Prinzipien<\/strong><\/p>\n\n\n\n<p><span style=\"font-family: Arial, sans-serif\"><span style=\"font-size: medium\">F\u00fcr das Fach Mathematik sind den Lehrkr\u00e4ften an der Grundschule Hondelage folgende Grunds\u00e4tze und Leitziele besonders wichtig:<\/span><\/span><\/p>\n\n\n\n<ul class=\"wp-block-list\"><li><span style=\"font-family: Arial, sans-serif\"><span style=\"font-size: medium\"><b>Jedes Kind denkt und lernt anders<\/b>. Deshalb legen wir unseren Unterricht differenziert an und versuchen jedem Kind in der F\u00f6rderung, aber auch in der Herausforderung, z. B. durch Knobelaufgaben, Begabungsunterricht oder die Teilnahme an der Mathematik-Olympiade gerecht zu werden.<\/span><\/span><\/li><li><span style=\"font-family: Arial, sans-serif\"><span style=\"font-size: medium\">Wir sind bestrebt, dass die Kinder ihre <b>Freude an der Mathematik<\/b> nicht verlieren. Darum haben wir uns z.B. f\u00fcr ein sehr motivierendes Unterrichtswerk entschieden, setzen Lernen an Stationen oder Arbeitspl\u00e4ne ein und gestalten den Unterricht abwechslungsreich. Auch die Teilnahme am K\u00e4nguru der Mathematik f\u00f6rdert diese Freude.<\/span><\/span><\/li><li><span style=\"font-family: Arial, sans-serif\"><span style=\"font-size: medium\">Wir sind darum bem\u00fcht, das Kind in seiner <b>Selbstst\u00e4ndigkeit<\/b> zu f\u00f6rdern. Dies versuchen wir auch im Mathematikunterricht zu verwirklichen, indem wir uns bewusst f\u00fcr ein Unterrichtswerk entschieden haben, dass in gro\u00dfen Teilen selbsterkl\u00e4rend ist und den Sch\u00fclern darum ein selbstst\u00e4ndiges Arbeiten erm\u00f6glicht.<\/span><\/span><\/li><li><span style=\"font-family: Arial, sans-serif\"><span style=\"font-size: medium\">Mathematik ist mehr als Rechnen. Darum geben wir unseren Sch\u00fclern Raum, im Rahmen von <b>Rechenkonferenzen<\/b> mathematisch zu kommunizieren und argumentieren.<\/span><\/span><\/li><\/ul>\n","protected":false},"excerpt":{"rendered":"<p>Ziele und didaktische Prinzipien F\u00fcr das Fach Mathematik sind den Lehrkr\u00e4ften an der Grundschule Hondelage folgende Grunds\u00e4tze und Leitziele besonders wichtig: Jedes Kind denkt und lernt anders. Deshalb legen wir unseren Unterricht differenziert an und versuchen jedem Kind in der F\u00f6rderung, aber auch in der Herausforderung, z. B. durch Knobelaufgaben, Begabungsunterricht oder die Teilnahme an &hellip; <a href=\"https:\/\/wordpress.nibis.de\/gshonde\/regeln\/fach-mathematik\/\" class=\"more-link\"><span class=\"screen-reader-text\">Mathematik<\/span> weiterlesen <span class=\"meta-nav\">&rarr;<\/span><\/a><\/p>\n","protected":false},"author":553,"featured_media":0,"parent":961,"menu_order":0,"comment_status":"closed","ping_status":"closed","template":"","meta":{"footnotes":""},"class_list":["post-974","page","type-page","status-publish","hentry"],"_links":{"self":[{"href":"https:\/\/wordpress.nibis.de\/gshonde\/wp-json\/wp\/v2\/pages\/974","targetHints":{"allow":["GET"]}}],"collection":[{"href":"https:\/\/wordpress.nibis.de\/gshonde\/wp-json\/wp\/v2\/pages"}],"about":[{"href":"https:\/\/wordpress.nibis.de\/gshonde\/wp-json\/wp\/v2\/types\/page"}],"author":[{"embeddable":true,"href":"https:\/\/wordpress.nibis.de\/gshonde\/wp-json\/wp\/v2\/users\/553"}],"replies":[{"embeddable":true,"href":"https:\/\/wordpress.nibis.de\/gshonde\/wp-json\/wp\/v2\/comments?post=974"}],"version-history":[{"count":5,"href":"https:\/\/wordpress.nibis.de\/gshonde\/wp-json\/wp\/v2\/pages\/974\/revisions"}],"predecessor-version":[{"id":3114,"href":"https:\/\/wordpress.nibis.de\/gshonde\/wp-json\/wp\/v2\/pages\/974\/revisions\/3114"}],"up":[{"embeddable":true,"href":"https:\/\/wordpress.nibis.de\/gshonde\/wp-json\/wp\/v2\/pages\/961"}],"wp:attachment":[{"href":"https:\/\/wordpress.nibis.de\/gshonde\/wp-json\/wp\/v2\/media?parent=974"}],"curies":[{"name":"wp","href":"https:\/\/api.w.org\/{rel}","templated":true}]}}