{"id":976,"date":"2017-03-02T21:40:38","date_gmt":"2017-03-02T19:40:38","guid":{"rendered":"http:\/\/wordpress.nibis.de\/gshonde\/?page_id=976"},"modified":"2025-09-25T19:17:33","modified_gmt":"2025-09-25T17:17:33","slug":"sachunterricht","status":"publish","type":"page","link":"https:\/\/wordpress.nibis.de\/gshonde\/regeln\/sachunterricht\/","title":{"rendered":"Sachunterricht"},"content":{"rendered":"\n<p class=\"has-background has-medium-font-size\" style=\"background-color:#2fa300\"><strong>Ziele und didaktische Prinzipien<\/strong><\/p>\n\n\n<p><span style=\"font-family: Arial, sans-serif\"><span style=\"font-size: medium\">Der Sachunterricht soll den Sch\u00fclern und Sch\u00fclerinnen grundlegendes Wissen f\u00fcr ihr gegenw\u00e4rtiges und zuk\u00fcnftiges Leben vermitteln. Er soll sie unterst\u00fctzen, sich Sachkenntnisse \u00fcber Natur; Technik, Politik, soziale und kulturelle Inhalte anzueignen, sodass die Sch\u00fclerinnen und Sch\u00fcler sich ihre Lebenswelt selbstst\u00e4ndig erschlie\u00dfen, sich in ihr orientieren und diese verantwortlich mitgestalten k\u00f6nnen.<\/span><\/span><\/p>\n<p><span style=\"font-family: Arial, sans-serif\"><span style=\"font-size: medium\">Dabei sind den Kollegen und Kolleginnen der Grundschule Hondelage folgende Grunds\u00e4tze und Ziele wichtig:<\/span><\/span><\/p>\n<ul>\n<li><span style=\"font-family: Arial, sans-serif\"><span style=\"font-size: medium\">Erwerb von Sachkenntnissen in den Bereichen Gesellschaft und Politik, Zeit und Geschichte, Technik, Natur und Raum<\/span><\/span><\/li>\n<li><span style=\"font-family: Arial, sans-serif\"><span style=\"font-size: medium\">Bef\u00e4higung zum selbstst\u00e4ndigen Lernen<\/span><\/span><\/li>\n<li><span style=\"font-family: Arial, sans-serif\"><span style=\"font-size: medium\">Handlungsorientiertes Arbeiten, Lernen durch Erfahrung<\/span><\/span><\/li>\n<li><span style=\"font-family: Arial, sans-serif\"><span style=\"font-size: medium\">Nutzung unterschiedlicher Informationsquellen (Medien)<\/span><\/span><\/li>\n<li><span style=\"font-family: Arial, sans-serif\"><span style=\"font-size: medium\">Nutzung fachspezifischer Arbeitsweisen (Methoden)<\/span><\/span><\/li>\n<li><span style=\"font-family: Arial, sans-serif\"><span style=\"font-size: medium\">F\u00e4cher\u00fcbergreifendes Lernen<\/span><\/span><\/li>\n<li><span style=\"font-family: Arial, sans-serif\"><span style=\"font-size: medium\">Einbeziehung au\u00dferschulischer Lernorte<\/span><\/span><\/li>\n<\/ul>","protected":false},"excerpt":{"rendered":"<p>Ziele und didaktische Prinzipien Der Sachunterricht soll den Sch\u00fclern und Sch\u00fclerinnen grundlegendes Wissen f\u00fcr ihr gegenw\u00e4rtiges und zuk\u00fcnftiges Leben vermitteln. Er soll sie unterst\u00fctzen, sich Sachkenntnisse \u00fcber Natur; Technik, Politik, soziale und kulturelle Inhalte anzueignen, sodass die Sch\u00fclerinnen und Sch\u00fcler sich ihre Lebenswelt selbstst\u00e4ndig erschlie\u00dfen, sich in ihr orientieren und diese verantwortlich mitgestalten k\u00f6nnen. Dabei &hellip; <a href=\"https:\/\/wordpress.nibis.de\/gshonde\/regeln\/sachunterricht\/\" class=\"more-link\"><span class=\"screen-reader-text\">Sachunterricht<\/span> weiterlesen <span class=\"meta-nav\">&rarr;<\/span><\/a><\/p>\n","protected":false},"author":553,"featured_media":0,"parent":961,"menu_order":0,"comment_status":"closed","ping_status":"closed","template":"","meta":{"footnotes":""},"class_list":["post-976","page","type-page","status-publish","hentry"],"_links":{"self":[{"href":"https:\/\/wordpress.nibis.de\/gshonde\/wp-json\/wp\/v2\/pages\/976","targetHints":{"allow":["GET"]}}],"collection":[{"href":"https:\/\/wordpress.nibis.de\/gshonde\/wp-json\/wp\/v2\/pages"}],"about":[{"href":"https:\/\/wordpress.nibis.de\/gshonde\/wp-json\/wp\/v2\/types\/page"}],"author":[{"embeddable":true,"href":"https:\/\/wordpress.nibis.de\/gshonde\/wp-json\/wp\/v2\/users\/553"}],"replies":[{"embeddable":true,"href":"https:\/\/wordpress.nibis.de\/gshonde\/wp-json\/wp\/v2\/comments?post=976"}],"version-history":[{"count":4,"href":"https:\/\/wordpress.nibis.de\/gshonde\/wp-json\/wp\/v2\/pages\/976\/revisions"}],"predecessor-version":[{"id":4531,"href":"https:\/\/wordpress.nibis.de\/gshonde\/wp-json\/wp\/v2\/pages\/976\/revisions\/4531"}],"up":[{"embeddable":true,"href":"https:\/\/wordpress.nibis.de\/gshonde\/wp-json\/wp\/v2\/pages\/961"}],"wp:attachment":[{"href":"https:\/\/wordpress.nibis.de\/gshonde\/wp-json\/wp\/v2\/media?parent=976"}],"curies":[{"name":"wp","href":"https:\/\/api.w.org\/{rel}","templated":true}]}}